{"id":1916,"date":"2022-03-08T10:59:58","date_gmt":"2022-03-08T09:59:58","guid":{"rendered":"https:\/\/deltafix.com\/konzepte\/"},"modified":"2026-02-18T11:06:40","modified_gmt":"2026-02-18T10:06:40","slug":"konzepte","status":"publish","type":"page","link":"https:\/\/deltafix.com\/de\/konzepte\/","title":{"rendered":"Konzepte"},"content":{"rendered":"\n<p><\/p>\n\n<p><\/p>\n\n<div class=\"wp-block-columns is-layout-flex wp-container-core-columns-is-layout-9d6595d7 wp-block-columns-is-layout-flex\">\n<div class=\"wp-block-column is-layout-flow wp-block-column-is-layout-flow\" style=\"padding-top:30px;padding-right:30px;padding-bottom:30px;padding-left:30px;flex-basis:66.66%\">\n<h2 class=\"wp-block-heading\" id=\"concepten-op-maat\">Ma\u00dfgeschneiderte Konzepte<\/h2>\n\n\n\n<p><br\/>Neben den erfolgreichen Standardplanogrammen liefert Deltafix ma\u00dfgeschneiderte Konzepte. Deltafix ermittelt gemeinsam mit Ihnen, welches Konzept am besten zu Ihren Bed\u00fcrfnissen und Ihrem Unternehmen passt. Dabei k\u00f6nnen Sie auf unsere langj\u00e4hrige Erfahrung und gro\u00dfe Kaufkraft z\u00e4hlen. Deltafix steht Ihnen auch gerne zur Seite, wenn Sie etwas komplett out-of-the-box wollen.<\/p>\n<\/div>\n\n\n\n<div class=\"wp-block-column is-layout-flow wp-block-column-is-layout-flow\" style=\"flex-basis:33%\">\n<div class=\"container-private-label\">\r\n<h2>Spezialist im Bereich Eigenmarken <\/h2>\r\n<p>\r\nAlle unsere Produkte k\u00f6nnen wir mit Ihrer Corporate Identity versehen. Ausgangspunkt f\u00fcr Eigenmarken und kundenspezifische Konzepte sind unsere Grundkonzepte:\r\n<\/p>\r\n<a href=\"\">\r\nSie m\u00f6chten mehr \u00fcber Eigenmarken erfahren?\r\n<\/a>\r\n<\/div><br\/>\n<\/div>\n<\/div>\n","protected":false},"excerpt":{"rendered":"<p>Ma\u00dfgeschneiderte Konzepte Neben den erfolgreichen Standardplanogrammen liefert Deltafix ma\u00dfgeschneiderte Konzepte. Deltafix ermittelt gemeinsam mit Ihnen, welches Konzept am besten zu &hellip; <a href=\"https:\/\/deltafix.com\/de\/konzepte\/\">Continued<\/a><\/p>\n","protected":false},"author":1,"featured_media":0,"parent":0,"menu_order":0,"comment_status":"closed","ping_status":"closed","template":"template-concepten.blade.php","meta":{"_acf_changed":false,"footnotes":""},"class_list":["post-1916","page","type-page","status-publish","hentry"],"acf":[],"yoast_head":"<!-- This site is optimized with the Yoast SEO plugin v25.5 - https:\/\/yoast.com\/wordpress\/plugins\/seo\/ -->\n<title>Konzepte - Deltafix<\/title>\n<meta name=\"robots\" content=\"index, follow, max-snippet:-1, max-image-preview:large, max-video-preview:-1\" \/>\n<link rel=\"canonical\" href=\"https:\/\/deltafix.com\/de\/konzepte\/\" \/>\n<meta property=\"og:locale\" content=\"de_DE\" \/>\n<meta property=\"og:type\" content=\"article\" \/>\n<meta property=\"og:title\" content=\"Konzepte - Deltafix\" \/>\n<meta property=\"og:description\" content=\"Ma\u00dfgeschneiderte Konzepte Neben den erfolgreichen Standardplanogrammen liefert Deltafix ma\u00dfgeschneiderte Konzepte. Deltafix ermittelt gemeinsam mit Ihnen, welches Konzept am besten zu &hellip; Continued\" \/>\n<meta property=\"og:url\" content=\"https:\/\/deltafix.com\/de\/konzepte\/\" \/>\n<meta property=\"og:site_name\" content=\"Deltafix\" \/>\n<meta property=\"article:modified_time\" content=\"2026-02-18T10:06:40+00:00\" \/>\n<meta property=\"og:image\" content=\"https:\/\/deltafix.com\/app\/uploads\/2022\/01\/Tochtwering-scaled.jpg\" \/>\n\t<meta property=\"og:image:width\" content=\"2560\" \/>\n\t<meta property=\"og:image:height\" content=\"1707\" \/>\n\t<meta property=\"og:image:type\" content=\"image\/jpeg\" \/>\n<meta name=\"twitter:card\" content=\"summary_large_image\" \/>\n<meta name=\"twitter:label1\" content=\"Est. reading time\" \/>\n\t<meta name=\"twitter:data1\" content=\"1 minute\" \/>\n<script type=\"application\/ld+json\" class=\"yoast-schema-graph\">{\"@context\":\"https:\/\/schema.org\",\"@graph\":[{\"@type\":\"WebPage\",\"@id\":\"https:\/\/deltafix.com\/de\/konzepte\/\",\"url\":\"https:\/\/deltafix.com\/de\/konzepte\/\",\"name\":\"Konzepte - Deltafix\",\"isPartOf\":{\"@id\":\"https:\/\/deltafix.com\/de\/#website\"},\"datePublished\":\"2022-03-08T09:59:58+00:00\",\"dateModified\":\"2026-02-18T10:06:40+00:00\",\"breadcrumb\":{\"@id\":\"https:\/\/deltafix.com\/de\/konzepte\/#breadcrumb\"},\"inLanguage\":\"de-DE\",\"potentialAction\":[{\"@type\":\"ReadAction\",\"target\":[\"https:\/\/deltafix.com\/de\/konzepte\/\"]}]},{\"@type\":\"BreadcrumbList\",\"@id\":\"https:\/\/deltafix.com\/de\/konzepte\/#breadcrumb\",\"itemListElement\":[{\"@type\":\"ListItem\",\"position\":1,\"name\":\"Home\",\"item\":\"https:\/\/deltafix.com\/de\/\"},{\"@type\":\"ListItem\",\"position\":2,\"name\":\"Konzepte\"}]},{\"@type\":\"WebSite\",\"@id\":\"https:\/\/deltafix.com\/de\/#website\",\"url\":\"https:\/\/deltafix.com\/de\/\",\"name\":\"Deltafix\",\"description\":\"\",\"potentialAction\":[{\"@type\":\"SearchAction\",\"target\":{\"@type\":\"EntryPoint\",\"urlTemplate\":\"https:\/\/deltafix.com\/de\/?s={search_term_string}\"},\"query-input\":{\"@type\":\"PropertyValueSpecification\",\"valueRequired\":true,\"valueName\":\"search_term_string\"}}],\"inLanguage\":\"de-DE\"}]}<\/script>\n<!-- \/ Yoast SEO plugin. -->","yoast_head_json":{"title":"Konzepte - Deltafix","robots":{"index":"index","follow":"follow","max-snippet":"max-snippet:-1","max-image-preview":"max-image-preview:large","max-video-preview":"max-video-preview:-1"},"canonical":"https:\/\/deltafix.com\/de\/konzepte\/","og_locale":"de_DE","og_type":"article","og_title":"Konzepte - Deltafix","og_description":"Ma\u00dfgeschneiderte Konzepte Neben den erfolgreichen Standardplanogrammen liefert Deltafix ma\u00dfgeschneiderte Konzepte. Deltafix ermittelt gemeinsam mit Ihnen, welches Konzept am besten zu &hellip; Continued","og_url":"https:\/\/deltafix.com\/de\/konzepte\/","og_site_name":"Deltafix","article_modified_time":"2026-02-18T10:06:40+00:00","og_image":[{"width":2560,"height":1707,"url":"https:\/\/deltafix.com\/app\/uploads\/2022\/01\/Tochtwering-scaled.jpg","type":"image\/jpeg"}],"twitter_card":"summary_large_image","twitter_misc":{"Est. reading time":"1 minute"},"schema":{"@context":"https:\/\/schema.org","@graph":[{"@type":"WebPage","@id":"https:\/\/deltafix.com\/de\/konzepte\/","url":"https:\/\/deltafix.com\/de\/konzepte\/","name":"Konzepte - Deltafix","isPartOf":{"@id":"https:\/\/deltafix.com\/de\/#website"},"datePublished":"2022-03-08T09:59:58+00:00","dateModified":"2026-02-18T10:06:40+00:00","breadcrumb":{"@id":"https:\/\/deltafix.com\/de\/konzepte\/#breadcrumb"},"inLanguage":"de-DE","potentialAction":[{"@type":"ReadAction","target":["https:\/\/deltafix.com\/de\/konzepte\/"]}]},{"@type":"BreadcrumbList","@id":"https:\/\/deltafix.com\/de\/konzepte\/#breadcrumb","itemListElement":[{"@type":"ListItem","position":1,"name":"Home","item":"https:\/\/deltafix.com\/de\/"},{"@type":"ListItem","position":2,"name":"Konzepte"}]},{"@type":"WebSite","@id":"https:\/\/deltafix.com\/de\/#website","url":"https:\/\/deltafix.com\/de\/","name":"Deltafix","description":"","potentialAction":[{"@type":"SearchAction","target":{"@type":"EntryPoint","urlTemplate":"https:\/\/deltafix.com\/de\/?s={search_term_string}"},"query-input":{"@type":"PropertyValueSpecification","valueRequired":true,"valueName":"search_term_string"}}],"inLanguage":"de-DE"}]}},"_links":{"self":[{"href":"https:\/\/deltafix.com\/de\/wp-json\/wp\/v2\/pages\/1916","targetHints":{"allow":["GET"]}}],"collection":[{"href":"https:\/\/deltafix.com\/de\/wp-json\/wp\/v2\/pages"}],"about":[{"href":"https:\/\/deltafix.com\/de\/wp-json\/wp\/v2\/types\/page"}],"author":[{"embeddable":true,"href":"https:\/\/deltafix.com\/de\/wp-json\/wp\/v2\/users\/1"}],"replies":[{"embeddable":true,"href":"https:\/\/deltafix.com\/de\/wp-json\/wp\/v2\/comments?post=1916"}],"version-history":[{"count":13,"href":"https:\/\/deltafix.com\/de\/wp-json\/wp\/v2\/pages\/1916\/revisions"}],"predecessor-version":[{"id":3869,"href":"https:\/\/deltafix.com\/de\/wp-json\/wp\/v2\/pages\/1916\/revisions\/3869"}],"wp:attachment":[{"href":"https:\/\/deltafix.com\/de\/wp-json\/wp\/v2\/media?parent=1916"}],"curies":[{"name":"wp","href":"https:\/\/api.w.org\/{rel}","templated":true}]}}