{"id":1948,"date":"2022-03-08T14:18:05","date_gmt":"2022-03-08T13:18:05","guid":{"rendered":"https:\/\/deltafix.com\/kontakt\/"},"modified":"2025-12-19T11:13:28","modified_gmt":"2025-12-19T10:13:28","slug":"kontakt","status":"publish","type":"page","link":"https:\/\/deltafix.com\/de\/kontakt\/","title":{"rendered":"Kontakt"},"content":{"rendered":"\n<h2 class=\"wp-block-heading\">Immer f\u00fcr Sie da<\/h2>\n\n\n\n<p><\/p>\n\n\n\n<div class=\"wp-block-columns is-layout-flex wp-container-core-columns-is-layout-9d6595d7 wp-block-columns-is-layout-flex\">\n<div class=\"wp-block-column column__over-ons is-layout-flow wp-block-column-is-layout-flow\">\n<h2 class=\"wp-block-heading\">Adresse<\/h2>\n\n\n\n<p>Deltafix International BV<br>Kruisweg 755 E<br>2132 NE Hoofddorp<br><a href=\"mailto:info@deltafix.com\" target=\"_blank\" rel=\"noreferrer noopener\">info@deltafix.com<\/a><\/p>\n\n\n\n<p style=\"line-height:1.3\">Steuernummer:<br>NL005707511B01<\/p>\n\n\n\n<p style=\"line-height:1.3\">Handelskammer:<br>28034580<\/p>\n<\/div>\n\n\n\n<div class=\"wp-block-column column__over-ons is-layout-flow wp-block-column-is-layout-flow\">\n<h2 class=\"wp-block-heading\">\u00d6ffnungszeiten<\/h2>\n\n\n\n<p>Mo bis Do:<br>7:30 \u2013 16:30 uhr<br><br>Fr: 7:30 \u2013 14:30 uhr<br><br>geschlossen am:<br>25.12.2025<br>26.12.2025<br>01.01.2026<br>02.01.2026<br>03.04.2026<br>06.04.2026<br>27.04.2026<br>14.05.2026<br>15.05.2026<br>25.05.2026<br>25.12.2026<\/p>\n<\/div>\n\n\n\n<div class=\"wp-block-column column__over-ons is-layout-flow wp-block-column-is-layout-flow\">\n<h2 class=\"wp-block-heading\">Telefon &amp; Fax<\/h2>\n\n\n\n<p>Allgemeine Nummer<br>020 655 63 90<br>(24-Stunden-Service)<br><br>Faxnummer<br>020 655 63 99<\/p>\n<\/div>\n\n\n\n<div class=\"wp-block-column column__over-ons is-layout-flow wp-block-column-is-layout-flow\">\n<h2 class=\"wp-block-heading\">Bestellsysteme<\/h2>\n\n\n\n<p><\/p>\n\n\n\n<p>Deltafix Scan- &amp; Bestell-App<br><br>F\u00fcr Android herunterladen<a href=\"https:\/\/play.google.com\/store\/apps\/details?id=com.negeso.deltafixapi&amp;gl=NL\" target=\"_blank\" rel=\"noreferrer noopener\"><img decoding=\"async\" width=\"150\" height=\"45\" class=\"wp-image-213\" style=\"width: 150px;\" src=\"https:\/\/deltafix.ditistest.nl\/app\/uploads\/2022\/01\/Image-73.png\" alt=\"\" srcset=\"https:\/\/deltafix.com\/app\/uploads\/2022\/01\/Image-73.png 515w, https:\/\/deltafix.com\/app\/uploads\/2022\/01\/Image-73-300x90.png 300w\" sizes=\"(max-width: 150px) 100vw, 150px\" \/><\/a><br><br>F\u00fcr iOS herunterladen<br><a href=\"https:\/\/apps.apple.com\/nl\/app\/deltafix\/id1498957790\" target=\"_blank\" rel=\"noreferrer noopener\"><img decoding=\"async\" width=\"150\" height=\"45\" class=\"wp-image-207\" style=\"width: 150px;\" src=\"https:\/\/deltafix.ditistest.nl\/app\/uploads\/2022\/01\/Image-38.png\" alt=\"\" srcset=\"https:\/\/deltafix.com\/app\/uploads\/2022\/01\/Image-38.png 512w, https:\/\/deltafix.com\/app\/uploads\/2022\/01\/Image-38-300x90.png 300w\" sizes=\"(max-width: 150px) 100vw, 150px\" \/><\/a><\/p>\n\n\n\n<p>Wir unterst\u00fctzen auch:<\/p>\n\n\n\n<ul class=\"wp-block-list\">\n<li>EDI-ORDER<\/li>\n\n\n\n<li>EDI-FACT<\/li>\n\n\n\n<li>EDI-DESADV<\/li>\n\n\n\n<li>FTP<\/li>\n<\/ul>\n\n\n\n<p>Bitte kontaktieren Sie uns f\u00fcr weitere Informationen<\/p>\n<\/div>\n<\/div>\n\n\n\n<p><\/p>\n","protected":false},"excerpt":{"rendered":"<p>Immer f\u00fcr Sie da Adresse Deltafix International BVKruisweg 755 E2132 NE Hoofddorpinfo@deltafix.com Steuernummer:NL005707511B01 Handelskammer:28034580 \u00d6ffnungszeiten Mo bis Do:7:30 \u2013 16:30 &hellip; <a href=\"https:\/\/deltafix.com\/de\/kontakt\/\">Continued<\/a><\/p>\n","protected":false},"author":1,"featured_media":0,"parent":0,"menu_order":0,"comment_status":"closed","ping_status":"closed","template":"","meta":{"_acf_changed":false,"footnotes":""},"class_list":["post-1948","page","type-page","status-publish","hentry"],"acf":[],"yoast_head":"<!-- This site is optimized with the Yoast SEO plugin v25.5 - https:\/\/yoast.com\/wordpress\/plugins\/seo\/ -->\n<title>Kontakt - Immer f\u00fcr Sie da | Deltafix<\/title>\n<meta name=\"description\" content=\"Wir stehen Ihnen werktags von Montag bis Freitag zur Verf\u00fcgung, um alle Ihre Fragen zu beantworten. Oder bestellen Sie unsere Produkte \u00fcber unsere Order &amp; Scan App.\" \/>\n<meta name=\"robots\" content=\"index, follow, max-snippet:-1, max-image-preview:large, max-video-preview:-1\" \/>\n<link rel=\"canonical\" href=\"https:\/\/deltafix.com\/de\/kontakt\/\" \/>\n<meta property=\"og:locale\" content=\"de_DE\" \/>\n<meta property=\"og:type\" content=\"article\" \/>\n<meta property=\"og:title\" content=\"Kontakt - Immer f\u00fcr Sie da | Deltafix\" \/>\n<meta property=\"og:description\" content=\"Wir stehen Ihnen werktags von Montag bis Freitag zur Verf\u00fcgung, um alle Ihre Fragen zu beantworten. Oder bestellen Sie unsere Produkte \u00fcber unsere Order &amp; Scan App.\" \/>\n<meta property=\"og:url\" content=\"https:\/\/deltafix.com\/de\/kontakt\/\" \/>\n<meta property=\"og:site_name\" content=\"Deltafix\" \/>\n<meta property=\"article:modified_time\" content=\"2025-12-19T10:13:28+00:00\" \/>\n<meta property=\"og:image\" content=\"https:\/\/deltafix.com\/app\/uploads\/2022\/01\/Image-73.png\" \/>\n\t<meta property=\"og:image:width\" content=\"515\" \/>\n\t<meta property=\"og:image:height\" content=\"154\" \/>\n\t<meta property=\"og:image:type\" content=\"image\/png\" \/>\n<meta name=\"twitter:card\" content=\"summary_large_image\" \/>\n<meta name=\"twitter:label1\" content=\"Est. reading time\" \/>\n\t<meta name=\"twitter:data1\" content=\"1 minute\" \/>\n<script type=\"application\/ld+json\" class=\"yoast-schema-graph\">{\"@context\":\"https:\/\/schema.org\",\"@graph\":[{\"@type\":\"WebPage\",\"@id\":\"https:\/\/deltafix.com\/de\/kontakt\/\",\"url\":\"https:\/\/deltafix.com\/de\/kontakt\/\",\"name\":\"Kontakt - Immer f\u00fcr Sie da | Deltafix\",\"isPartOf\":{\"@id\":\"https:\/\/deltafix.com\/de\/#website\"},\"primaryImageOfPage\":{\"@id\":\"https:\/\/deltafix.com\/de\/kontakt\/#primaryimage\"},\"image\":{\"@id\":\"https:\/\/deltafix.com\/de\/kontakt\/#primaryimage\"},\"thumbnailUrl\":\"https:\/\/deltafix.ditistest.nl\/app\/uploads\/2022\/01\/Image-73.png\",\"datePublished\":\"2022-03-08T13:18:05+00:00\",\"dateModified\":\"2025-12-19T10:13:28+00:00\",\"description\":\"Wir stehen Ihnen werktags von Montag bis Freitag zur Verf\u00fcgung, um alle Ihre Fragen zu beantworten. Oder bestellen Sie unsere Produkte \u00fcber unsere Order & Scan App.\",\"breadcrumb\":{\"@id\":\"https:\/\/deltafix.com\/de\/kontakt\/#breadcrumb\"},\"inLanguage\":\"de-DE\",\"potentialAction\":[{\"@type\":\"ReadAction\",\"target\":[\"https:\/\/deltafix.com\/de\/kontakt\/\"]}]},{\"@type\":\"ImageObject\",\"inLanguage\":\"de-DE\",\"@id\":\"https:\/\/deltafix.com\/de\/kontakt\/#primaryimage\",\"url\":\"https:\/\/deltafix.ditistest.nl\/app\/uploads\/2022\/01\/Image-73.png\",\"contentUrl\":\"https:\/\/deltafix.ditistest.nl\/app\/uploads\/2022\/01\/Image-73.png\"},{\"@type\":\"BreadcrumbList\",\"@id\":\"https:\/\/deltafix.com\/de\/kontakt\/#breadcrumb\",\"itemListElement\":[{\"@type\":\"ListItem\",\"position\":1,\"name\":\"Home\",\"item\":\"https:\/\/deltafix.com\/de\/\"},{\"@type\":\"ListItem\",\"position\":2,\"name\":\"Kontakt\"}]},{\"@type\":\"WebSite\",\"@id\":\"https:\/\/deltafix.com\/de\/#website\",\"url\":\"https:\/\/deltafix.com\/de\/\",\"name\":\"Deltafix\",\"description\":\"\",\"potentialAction\":[{\"@type\":\"SearchAction\",\"target\":{\"@type\":\"EntryPoint\",\"urlTemplate\":\"https:\/\/deltafix.com\/de\/?s={search_term_string}\"},\"query-input\":{\"@type\":\"PropertyValueSpecification\",\"valueRequired\":true,\"valueName\":\"search_term_string\"}}],\"inLanguage\":\"de-DE\"}]}<\/script>\n<!-- \/ Yoast SEO plugin. -->","yoast_head_json":{"title":"Kontakt - Immer f\u00fcr Sie da | Deltafix","description":"Wir stehen Ihnen werktags von Montag bis Freitag zur Verf\u00fcgung, um alle Ihre Fragen zu beantworten. Oder bestellen Sie unsere Produkte \u00fcber unsere Order & Scan App.","robots":{"index":"index","follow":"follow","max-snippet":"max-snippet:-1","max-image-preview":"max-image-preview:large","max-video-preview":"max-video-preview:-1"},"canonical":"https:\/\/deltafix.com\/de\/kontakt\/","og_locale":"de_DE","og_type":"article","og_title":"Kontakt - Immer f\u00fcr Sie da | Deltafix","og_description":"Wir stehen Ihnen werktags von Montag bis Freitag zur Verf\u00fcgung, um alle Ihre Fragen zu beantworten. Oder bestellen Sie unsere Produkte \u00fcber unsere Order & Scan App.","og_url":"https:\/\/deltafix.com\/de\/kontakt\/","og_site_name":"Deltafix","article_modified_time":"2025-12-19T10:13:28+00:00","og_image":[{"width":515,"height":154,"url":"https:\/\/deltafix.com\/app\/uploads\/2022\/01\/Image-73.png","type":"image\/png"}],"twitter_card":"summary_large_image","twitter_misc":{"Est. reading time":"1 minute"},"schema":{"@context":"https:\/\/schema.org","@graph":[{"@type":"WebPage","@id":"https:\/\/deltafix.com\/de\/kontakt\/","url":"https:\/\/deltafix.com\/de\/kontakt\/","name":"Kontakt - Immer f\u00fcr Sie da | Deltafix","isPartOf":{"@id":"https:\/\/deltafix.com\/de\/#website"},"primaryImageOfPage":{"@id":"https:\/\/deltafix.com\/de\/kontakt\/#primaryimage"},"image":{"@id":"https:\/\/deltafix.com\/de\/kontakt\/#primaryimage"},"thumbnailUrl":"https:\/\/deltafix.ditistest.nl\/app\/uploads\/2022\/01\/Image-73.png","datePublished":"2022-03-08T13:18:05+00:00","dateModified":"2025-12-19T10:13:28+00:00","description":"Wir stehen Ihnen werktags von Montag bis Freitag zur Verf\u00fcgung, um alle Ihre Fragen zu beantworten. Oder bestellen Sie unsere Produkte \u00fcber unsere Order & Scan App.","breadcrumb":{"@id":"https:\/\/deltafix.com\/de\/kontakt\/#breadcrumb"},"inLanguage":"de-DE","potentialAction":[{"@type":"ReadAction","target":["https:\/\/deltafix.com\/de\/kontakt\/"]}]},{"@type":"ImageObject","inLanguage":"de-DE","@id":"https:\/\/deltafix.com\/de\/kontakt\/#primaryimage","url":"https:\/\/deltafix.ditistest.nl\/app\/uploads\/2022\/01\/Image-73.png","contentUrl":"https:\/\/deltafix.ditistest.nl\/app\/uploads\/2022\/01\/Image-73.png"},{"@type":"BreadcrumbList","@id":"https:\/\/deltafix.com\/de\/kontakt\/#breadcrumb","itemListElement":[{"@type":"ListItem","position":1,"name":"Home","item":"https:\/\/deltafix.com\/de\/"},{"@type":"ListItem","position":2,"name":"Kontakt"}]},{"@type":"WebSite","@id":"https:\/\/deltafix.com\/de\/#website","url":"https:\/\/deltafix.com\/de\/","name":"Deltafix","description":"","potentialAction":[{"@type":"SearchAction","target":{"@type":"EntryPoint","urlTemplate":"https:\/\/deltafix.com\/de\/?s={search_term_string}"},"query-input":{"@type":"PropertyValueSpecification","valueRequired":true,"valueName":"search_term_string"}}],"inLanguage":"de-DE"}]}},"_links":{"self":[{"href":"https:\/\/deltafix.com\/de\/wp-json\/wp\/v2\/pages\/1948","targetHints":{"allow":["GET"]}}],"collection":[{"href":"https:\/\/deltafix.com\/de\/wp-json\/wp\/v2\/pages"}],"about":[{"href":"https:\/\/deltafix.com\/de\/wp-json\/wp\/v2\/types\/page"}],"author":[{"embeddable":true,"href":"https:\/\/deltafix.com\/de\/wp-json\/wp\/v2\/users\/1"}],"replies":[{"embeddable":true,"href":"https:\/\/deltafix.com\/de\/wp-json\/wp\/v2\/comments?post=1948"}],"version-history":[{"count":17,"href":"https:\/\/deltafix.com\/de\/wp-json\/wp\/v2\/pages\/1948\/revisions"}],"predecessor-version":[{"id":3807,"href":"https:\/\/deltafix.com\/de\/wp-json\/wp\/v2\/pages\/1948\/revisions\/3807"}],"wp:attachment":[{"href":"https:\/\/deltafix.com\/de\/wp-json\/wp\/v2\/media?parent=1948"}],"curies":[{"name":"wp","href":"https:\/\/api.w.org\/{rel}","templated":true}]}}