{"id":1950,"date":"2022-03-08T14:22:42","date_gmt":"2022-03-08T13:22:42","guid":{"rendered":"https:\/\/deltafix.com\/ueber-uns\/"},"modified":"2022-04-14T08:47:29","modified_gmt":"2022-04-14T06:47:29","slug":"ueber-uns","status":"publish","type":"page","link":"https:\/\/deltafix.com\/de\/ueber-uns\/","title":{"rendered":"\u00dcber uns"},"content":{"rendered":"\n<p class=\"has-text-align-left\">Deltafix International B.V. wurde 1977 als Abteilung des amerikanischen Unternehmens Avery Dennison gegr\u00fcndet. Das Dreieck im Deltafix-Logo erinnert noch heute an die ehemalige Muttergesellschaft. 1979 wurde Deltafix unabh\u00e4ngig und alles beschleunigte sich. Neben allen Arten von B\u00e4ndern hat Deltafix begonnen, sich auch auf andere Befestigungsmaterialien zu konzentrieren.<\/p>\n\n<p>Heute spielt Deltafix eine aktive und wachsende Rolle auf dem europ\u00e4ischen Heimwerker- und Profimarkt. Deltafix hat eine beeindruckende Auswahl von mehr als 6000 Produkten. Der Schwerpunkt liegt auf vorverpackten selbstklebenden Produkten und Befestigungselementen. Deltafix-Produkte haben ein gutes Preis-Leistungs-Verh\u00e4ltnis.<\/p>\n<div class=\"abc__block my-lg-4\">\n  <div class=\"afbeelding-blok__wrap afbeelding-blok__wrap--links afbeelding-blok aligncenter\" data-block_61fd4afff0272>\n\n      <div class=\"d-flex flex-wrap\">\n        <div class=\"col-12 col-md-6 p-3 blok-content\">\n          <h3>Concepten en oplossingen op maat<\/h3>\r\nNaast de standaardlabels is Deltafix gespecialiseerd in maatwerk. Al onze producten kunnen voorzien worden van uw huisstijl. Bij grote volumes zijn zelfs volledig doorontwikkelde totaalconcepten mogelijk. Kortom, Deltafix zorgt voor het hele traject: van idee tot compleet ingerichte winkel\n          \n<div id=\"abc-link-block_62014038d79ec\" class=\"abc__link-blok\">\n      <a href=\"https:\/\/deltafix.com\/concepten\/\" title=\"Concepten\" target=\"\">\n        <span>\n                      \n            <svg aria-hidden=\"true\" focusable=\"false\" data-prefix=\"fas\" data-icon=\"arrow-alt-right\" class=\"svg-inline--fa fa-arrow-alt-right fa-w-14\" role=\"img\" xmlns=\"http:\/\/www.w3.org\/2000\/svg\" viewBox=\"0 0 448 512\"><path fill=\"currentColor\" d=\"M0 304v-96c0-13.3 10.7-24 24-24h200V80.2c0-21.4 25.8-32.1 41-17L441 239c9.4 9.4 9.4 24.6 0 34L265 448.7c-15.1 15.1-41 4.4-41-17V328H24c-13.3 0-24-10.7-24-24z\"><\/path><\/svg>\n                  <\/span>\n        Concepten      <\/a>\n<\/div>\n\n\n        <\/div>\n        <div class=\"col-12 col-md-6 blok-afbeelding\">\n          <img decoding=\"async\" width=\"1024\" height=\"683\" src=\"https:\/\/deltafix.com\/app\/uploads\/2022\/02\/5477-Goulmy-Deltafix-winkels-1024x683.jpg\" class=\"img-fluid\" alt=\"\" srcset=\"https:\/\/deltafix.com\/app\/uploads\/2022\/02\/5477-Goulmy-Deltafix-winkels-1024x683.jpg 1024w, https:\/\/deltafix.com\/app\/uploads\/2022\/02\/5477-Goulmy-Deltafix-winkels-300x200.jpg 300w, https:\/\/deltafix.com\/app\/uploads\/2022\/02\/5477-Goulmy-Deltafix-winkels-768x512.jpg 768w, https:\/\/deltafix.com\/app\/uploads\/2022\/02\/5477-Goulmy-Deltafix-winkels-1536x1024.jpg 1536w, https:\/\/deltafix.com\/app\/uploads\/2022\/02\/5477-Goulmy-Deltafix-winkels-2048x1365.jpg 2048w\" sizes=\"(max-width: 1024px) 100vw, 1024px\" \/>\n        <\/div>\n\n    <\/div>\n  <\/div>\n<\/div><div class=\"abc__block my-lg-4\">\n  <div class=\"afbeelding-blok__wrap afbeelding-blok__wrap--rechts afbeelding-blok aligncenter\" data-block_61fd467e639ca>\n\n      <div class=\"d-flex flex-wrap\">\n        <div class=\"col-12 col-md-6 p-3 blok-content\">\n          <h2>Ervaring, service en\r\nkwaliteit<\/h2>\r\nDeltafix heeft als internationale groothandel meer dan 40 jaar ervaring. We sturen dagelijks vanuit Hoofddorp duizenden pakketten naar winkels en ketens in Nederland en ver daarbuiten. Door onze excellente logistieke processen heeft Deltafix een uitleveringsgraad van meer dan 99 procent. En daar zijn we trots op! Omdat Deltafix een relatief klein familiebedrijf is, zijn we nog in staat onze klanten ouderwetse en persoonlijke service te bieden.\n          \n<div id=\"abc-link-block_6204ccdb8f9e1\" class=\"abc__link-blok\">\n      <a href=\"https:\/\/deltafix.com\/contact\/\" title=\"Contact\" target=\"\">\n        <span>\n                      \n            <svg aria-hidden=\"true\" focusable=\"false\" data-prefix=\"fas\" data-icon=\"arrow-alt-right\" class=\"svg-inline--fa fa-arrow-alt-right fa-w-14\" role=\"img\" xmlns=\"http:\/\/www.w3.org\/2000\/svg\" viewBox=\"0 0 448 512\"><path fill=\"currentColor\" d=\"M0 304v-96c0-13.3 10.7-24 24-24h200V80.2c0-21.4 25.8-32.1 41-17L441 239c9.4 9.4 9.4 24.6 0 34L265 448.7c-15.1 15.1-41 4.4-41-17V328H24c-13.3 0-24-10.7-24-24z\"><\/path><\/svg>\n                  <\/span>\n        Contact      <\/a>\n<\/div>\n\n\n        <\/div>\n        <div class=\"col-12 col-md-6 blok-afbeelding\">\n          <img decoding=\"async\" width=\"800\" height=\"533\" src=\"https:\/\/deltafix.com\/app\/uploads\/2022\/02\/5176-Goulmy-DeltaFix-Hoofddorp-2-1.jpg\" class=\"img-fluid\" alt=\"\" srcset=\"https:\/\/deltafix.com\/app\/uploads\/2022\/02\/5176-Goulmy-DeltaFix-Hoofddorp-2-1.jpg 800w, https:\/\/deltafix.com\/app\/uploads\/2022\/02\/5176-Goulmy-DeltaFix-Hoofddorp-2-1-300x200.jpg 300w, https:\/\/deltafix.com\/app\/uploads\/2022\/02\/5176-Goulmy-DeltaFix-Hoofddorp-2-1-768x512.jpg 768w\" sizes=\"(max-width: 800px) 100vw, 800px\" \/>\n        <\/div>\n\n    <\/div>\n  <\/div>\n<\/div>\n<h2 class=\"has-text-align-center wp-block-heading\" id=\"keurmerken\"><strong>Zulassungen<\/strong><\/h2>\n\n<div class=\"wp-block-columns is-layout-flex wp-container-core-columns-is-layout-9d6595d7 wp-block-columns-is-layout-flex\" id=\"keurmerk__logos\">\n<div class=\"wp-block-column is-layout-flow wp-block-column-is-layout-flow\">\n<div class=\"wp-block-image\"><figure class=\"alignright size-full is-resized\"><img decoding=\"async\" src=\"https:\/\/deltafix.com\/app\/uploads\/2022\/02\/Logo_SHR-keurmerk.png\" alt=\"\" class=\"wp-image-1714\" width=\"142\" height=\"142\" srcset=\"https:\/\/deltafix.com\/app\/uploads\/2022\/02\/Logo_SHR-keurmerk.png 450w, https:\/\/deltafix.com\/app\/uploads\/2022\/02\/Logo_SHR-keurmerk-300x300.png 300w, https:\/\/deltafix.com\/app\/uploads\/2022\/02\/Logo_SHR-keurmerk-150x150.png 150w\" sizes=\"(max-width: 142px) 100vw, 142px\" \/><\/figure><\/div>\n<\/div>\n\n\n\n<div class=\"wp-block-column is-layout-flow wp-block-column-is-layout-flow\">\n<div class=\"wp-block-image\"><figure class=\"aligncenter size-full is-resized\"><img decoding=\"async\" src=\"https:\/\/deltafix.com\/app\/uploads\/2022\/02\/Logo_Spaart_energie_en_milieu_FC.png\" alt=\"\" class=\"wp-image-1711\" width=\"160\" height=\"160\" srcset=\"https:\/\/deltafix.com\/app\/uploads\/2022\/02\/Logo_Spaart_energie_en_milieu_FC.png 450w, https:\/\/deltafix.com\/app\/uploads\/2022\/02\/Logo_Spaart_energie_en_milieu_FC-300x300.png 300w, https:\/\/deltafix.com\/app\/uploads\/2022\/02\/Logo_Spaart_energie_en_milieu_FC-150x150.png 150w\" sizes=\"(max-width: 160px) 100vw, 160px\" \/><\/figure><\/div>\n<\/div>\n\n\n\n<div class=\"wp-block-column is-layout-flow wp-block-column-is-layout-flow\">\n<div class=\"wp-block-image\"><figure class=\"alignleft size-full is-resized\"><img decoding=\"async\" src=\"https:\/\/deltafix.com\/app\/uploads\/2022\/02\/Logo_ETA-keurmerk.png\" alt=\"\" class=\"wp-image-1708\" width=\"136\" height=\"136\" srcset=\"https:\/\/deltafix.com\/app\/uploads\/2022\/02\/Logo_ETA-keurmerk.png 450w, https:\/\/deltafix.com\/app\/uploads\/2022\/02\/Logo_ETA-keurmerk-300x300.png 300w, https:\/\/deltafix.com\/app\/uploads\/2022\/02\/Logo_ETA-keurmerk-150x150.png 150w\" sizes=\"(max-width: 136px) 100vw, 136px\" \/><\/figure><\/div>\n<\/div>\n<\/div>\n","protected":false},"excerpt":{"rendered":"<p>Deltafix International B.V. wurde 1977 als Abteilung des amerikanischen Unternehmens Avery Dennison gegr\u00fcndet. Das Dreieck im Deltafix-Logo erinnert noch heute &hellip; <a href=\"https:\/\/deltafix.com\/de\/ueber-uns\/\">Continued<\/a><\/p>\n","protected":false},"author":1,"featured_media":0,"parent":0,"menu_order":0,"comment_status":"closed","ping_status":"closed","template":"","meta":{"_acf_changed":false,"footnotes":""},"class_list":["post-1950","page","type-page","status-publish","hentry"],"acf":[],"yoast_head":"<!-- This site is optimized with the Yoast SEO plugin v25.5 - https:\/\/yoast.com\/wordpress\/plugins\/seo\/ -->\n<title>\u00dcber uns - Deltafix<\/title>\n<meta name=\"robots\" content=\"index, follow, max-snippet:-1, max-image-preview:large, max-video-preview:-1\" \/>\n<link rel=\"canonical\" href=\"https:\/\/deltafix.com\/de\/ueber-uns\/\" \/>\n<meta property=\"og:locale\" content=\"de_DE\" \/>\n<meta property=\"og:type\" content=\"article\" \/>\n<meta property=\"og:title\" content=\"\u00dcber uns - Deltafix\" \/>\n<meta property=\"og:description\" content=\"Deltafix International B.V. wurde 1977 als Abteilung des amerikanischen Unternehmens Avery Dennison gegr\u00fcndet. Das Dreieck im Deltafix-Logo erinnert noch heute &hellip; Continued\" \/>\n<meta property=\"og:url\" content=\"https:\/\/deltafix.com\/de\/ueber-uns\/\" \/>\n<meta property=\"og:site_name\" content=\"Deltafix\" \/>\n<meta property=\"article:modified_time\" content=\"2022-04-14T06:47:29+00:00\" \/>\n<meta property=\"og:image\" content=\"https:\/\/deltafix.com\/app\/uploads\/2022\/02\/Logo_SHR-keurmerk.png\" \/>\n<meta name=\"twitter:card\" content=\"summary_large_image\" \/>\n<meta name=\"twitter:label1\" content=\"Est. reading time\" \/>\n\t<meta name=\"twitter:data1\" content=\"2 minutes\" \/>\n<script type=\"application\/ld+json\" class=\"yoast-schema-graph\">{\"@context\":\"https:\/\/schema.org\",\"@graph\":[{\"@type\":\"WebPage\",\"@id\":\"https:\/\/deltafix.com\/de\/ueber-uns\/\",\"url\":\"https:\/\/deltafix.com\/de\/ueber-uns\/\",\"name\":\"\u00dcber uns - Deltafix\",\"isPartOf\":{\"@id\":\"https:\/\/deltafix.com\/de\/#website\"},\"primaryImageOfPage\":{\"@id\":\"https:\/\/deltafix.com\/de\/ueber-uns\/#primaryimage\"},\"image\":{\"@id\":\"https:\/\/deltafix.com\/de\/ueber-uns\/#primaryimage\"},\"thumbnailUrl\":\"https:\/\/deltafix.com\/app\/uploads\/2022\/02\/Logo_SHR-keurmerk.png\",\"datePublished\":\"2022-03-08T13:22:42+00:00\",\"dateModified\":\"2022-04-14T06:47:29+00:00\",\"breadcrumb\":{\"@id\":\"https:\/\/deltafix.com\/de\/ueber-uns\/#breadcrumb\"},\"inLanguage\":\"de-DE\",\"potentialAction\":[{\"@type\":\"ReadAction\",\"target\":[\"https:\/\/deltafix.com\/de\/ueber-uns\/\"]}]},{\"@type\":\"ImageObject\",\"inLanguage\":\"de-DE\",\"@id\":\"https:\/\/deltafix.com\/de\/ueber-uns\/#primaryimage\",\"url\":\"https:\/\/deltafix.com\/app\/uploads\/2022\/02\/Logo_SHR-keurmerk.png\",\"contentUrl\":\"https:\/\/deltafix.com\/app\/uploads\/2022\/02\/Logo_SHR-keurmerk.png\"},{\"@type\":\"BreadcrumbList\",\"@id\":\"https:\/\/deltafix.com\/de\/ueber-uns\/#breadcrumb\",\"itemListElement\":[{\"@type\":\"ListItem\",\"position\":1,\"name\":\"Home\",\"item\":\"https:\/\/deltafix.com\/de\/\"},{\"@type\":\"ListItem\",\"position\":2,\"name\":\"\u00dcber uns\"}]},{\"@type\":\"WebSite\",\"@id\":\"https:\/\/deltafix.com\/de\/#website\",\"url\":\"https:\/\/deltafix.com\/de\/\",\"name\":\"Deltafix\",\"description\":\"\",\"potentialAction\":[{\"@type\":\"SearchAction\",\"target\":{\"@type\":\"EntryPoint\",\"urlTemplate\":\"https:\/\/deltafix.com\/de\/?s={search_term_string}\"},\"query-input\":{\"@type\":\"PropertyValueSpecification\",\"valueRequired\":true,\"valueName\":\"search_term_string\"}}],\"inLanguage\":\"de-DE\"}]}<\/script>\n<!-- \/ Yoast SEO plugin. -->","yoast_head_json":{"title":"\u00dcber uns - Deltafix","robots":{"index":"index","follow":"follow","max-snippet":"max-snippet:-1","max-image-preview":"max-image-preview:large","max-video-preview":"max-video-preview:-1"},"canonical":"https:\/\/deltafix.com\/de\/ueber-uns\/","og_locale":"de_DE","og_type":"article","og_title":"\u00dcber uns - Deltafix","og_description":"Deltafix International B.V. wurde 1977 als Abteilung des amerikanischen Unternehmens Avery Dennison gegr\u00fcndet. Das Dreieck im Deltafix-Logo erinnert noch heute &hellip; Continued","og_url":"https:\/\/deltafix.com\/de\/ueber-uns\/","og_site_name":"Deltafix","article_modified_time":"2022-04-14T06:47:29+00:00","og_image":[{"url":"https:\/\/deltafix.com\/app\/uploads\/2022\/02\/Logo_SHR-keurmerk.png","type":"","width":"","height":""}],"twitter_card":"summary_large_image","twitter_misc":{"Est. reading time":"2 minutes"},"schema":{"@context":"https:\/\/schema.org","@graph":[{"@type":"WebPage","@id":"https:\/\/deltafix.com\/de\/ueber-uns\/","url":"https:\/\/deltafix.com\/de\/ueber-uns\/","name":"\u00dcber uns - Deltafix","isPartOf":{"@id":"https:\/\/deltafix.com\/de\/#website"},"primaryImageOfPage":{"@id":"https:\/\/deltafix.com\/de\/ueber-uns\/#primaryimage"},"image":{"@id":"https:\/\/deltafix.com\/de\/ueber-uns\/#primaryimage"},"thumbnailUrl":"https:\/\/deltafix.com\/app\/uploads\/2022\/02\/Logo_SHR-keurmerk.png","datePublished":"2022-03-08T13:22:42+00:00","dateModified":"2022-04-14T06:47:29+00:00","breadcrumb":{"@id":"https:\/\/deltafix.com\/de\/ueber-uns\/#breadcrumb"},"inLanguage":"de-DE","potentialAction":[{"@type":"ReadAction","target":["https:\/\/deltafix.com\/de\/ueber-uns\/"]}]},{"@type":"ImageObject","inLanguage":"de-DE","@id":"https:\/\/deltafix.com\/de\/ueber-uns\/#primaryimage","url":"https:\/\/deltafix.com\/app\/uploads\/2022\/02\/Logo_SHR-keurmerk.png","contentUrl":"https:\/\/deltafix.com\/app\/uploads\/2022\/02\/Logo_SHR-keurmerk.png"},{"@type":"BreadcrumbList","@id":"https:\/\/deltafix.com\/de\/ueber-uns\/#breadcrumb","itemListElement":[{"@type":"ListItem","position":1,"name":"Home","item":"https:\/\/deltafix.com\/de\/"},{"@type":"ListItem","position":2,"name":"\u00dcber uns"}]},{"@type":"WebSite","@id":"https:\/\/deltafix.com\/de\/#website","url":"https:\/\/deltafix.com\/de\/","name":"Deltafix","description":"","potentialAction":[{"@type":"SearchAction","target":{"@type":"EntryPoint","urlTemplate":"https:\/\/deltafix.com\/de\/?s={search_term_string}"},"query-input":{"@type":"PropertyValueSpecification","valueRequired":true,"valueName":"search_term_string"}}],"inLanguage":"de-DE"}]}},"_links":{"self":[{"href":"https:\/\/deltafix.com\/de\/wp-json\/wp\/v2\/pages\/1950","targetHints":{"allow":["GET"]}}],"collection":[{"href":"https:\/\/deltafix.com\/de\/wp-json\/wp\/v2\/pages"}],"about":[{"href":"https:\/\/deltafix.com\/de\/wp-json\/wp\/v2\/types\/page"}],"author":[{"embeddable":true,"href":"https:\/\/deltafix.com\/de\/wp-json\/wp\/v2\/users\/1"}],"replies":[{"embeddable":true,"href":"https:\/\/deltafix.com\/de\/wp-json\/wp\/v2\/comments?post=1950"}],"version-history":[{"count":4,"href":"https:\/\/deltafix.com\/de\/wp-json\/wp\/v2\/pages\/1950\/revisions"}],"predecessor-version":[{"id":2236,"href":"https:\/\/deltafix.com\/de\/wp-json\/wp\/v2\/pages\/1950\/revisions\/2236"}],"wp:attachment":[{"href":"https:\/\/deltafix.com\/de\/wp-json\/wp\/v2\/media?parent=1950"}],"curies":[{"name":"wp","href":"https:\/\/api.w.org\/{rel}","templated":true}]}}