{"id":1997,"date":"2022-03-09T08:48:48","date_gmt":"2022-03-09T07:48:48","guid":{"rendered":"https:\/\/deltafix.com\/puffer-tuerstopper-tuerfeststeller-und-keile\/"},"modified":"2022-03-09T11:04:58","modified_gmt":"2022-03-09T10:04:58","slug":"puffer-tuerstopper-tuerfeststeller-und-keile","status":"publish","type":"page","link":"https:\/\/deltafix.com\/de\/puffer-tuerstopper-tuerfeststeller-und-keile\/","title":{"rendered":"Puffer, T\u00fcrstopper, T\u00fcrfeststeller und Keile"},"content":{"rendered":"\n<p>Deltafix bietet ein umfangreiches Sortiment P\u00fcffer, T\u00fcrstopper und T\u00fcrfeststeller zum Sichern und Festhalten von T\u00fcren und Fenstern. Der verwendete Gummi umfasst TPE. Dabei handelt es sich um eine umweltfreundliche Gummisorte, die zudem UV-best\u00e4ndig ist und keine Schadstoffe enth\u00e4lt, wodurch die Puffer tier- und kindersicher sind.<\/p>\n\n\n<div class=\"slider-block my-lg-4\">\n  <div class=\"slider-block__wrap slider-blok alignwide\" data-block=\"block_6203d8fd375bd\">\n\n    <div class=\"swiper swiper-container abc__slider\">\n            <div class=\"swiper-wrapper\">\n                    <div class=\"swiper-slide\">\n              <img decoding=\"async\" width=\"1024\" height=\"683\" src=\"https:\/\/deltafix.com\/app\/uploads\/2022\/02\/5399-Goulmy-Deltafix-winkels-1-1024x683.jpg\" class=\"img-fluid\" alt=\"\" srcset=\"https:\/\/deltafix.com\/app\/uploads\/2022\/02\/5399-Goulmy-Deltafix-winkels-1-1024x683.jpg 1024w, https:\/\/deltafix.com\/app\/uploads\/2022\/02\/5399-Goulmy-Deltafix-winkels-1-300x200.jpg 300w, https:\/\/deltafix.com\/app\/uploads\/2022\/02\/5399-Goulmy-Deltafix-winkels-1-768x512.jpg 768w, https:\/\/deltafix.com\/app\/uploads\/2022\/02\/5399-Goulmy-Deltafix-winkels-1-1536x1024.jpg 1536w, https:\/\/deltafix.com\/app\/uploads\/2022\/02\/5399-Goulmy-Deltafix-winkels-1-2048x1365.jpg 2048w\" sizes=\"(max-width: 1024px) 100vw, 1024px\" \/>\n            <\/div>\n              <\/div>\n      <div class=\"swiper-button-next swiper-nav\"><\/div>\n      <div class=\"swiper-button-prev swiper-nav\"><\/div> \n                  \n    <\/div>\n     \n  <\/div>\n<\/div>\n\n<div class=\"py-3\">\n    <div class=\"contact__blok\">\n  <div class=\"contact__persoon\">\n    <img decoding=\"async\" src=\"https:\/\/deltafix.com\/app\/themes\/sage\/public\/images\/niels.webp?id=2e5db8fdc38e344dd036\" alt=\"Klantenservice foto\" loading=\"lazy\">\n  <\/div>\n  <div class=\"contact__details\">\n    <h2>Kommen Sie und \u00fcberzeugen Sie sich von unseren Konzepten<\/h2>\n    <p>Vereinbaren Sie einen Termin \u00fcber:<\/p>\n    <p class=\"contact__number\"><i class=\"fas fa-phone-volume\"><\/i> +31 (0)20 655 63 90<\/p>\n    <p class=\"contact__number\"><i class=\"fas fa-envelope\"><\/i> <a href=\"ma&#105;lt&#111;&#58;in&#102;o&#64;d&#101;&#108;&#116;&#97;f&#105;&#120;.c&#111;&#109;\" target=\"_blank\">&#105;&#110;f&#111;&#64;d&#101;&#108;&#116;&#97;f&#105;x.c&#111;&#109;<\/p>\n    <a href=\"https:\/\/deltafix.com\/de\/contact\/\" class=\"contact__button\" title=\"Contact deltafix\">Kontakt<\/a>\n  <\/div>\n<\/div>  <\/div>\n","protected":false},"excerpt":{"rendered":"<p>Deltafix bietet ein umfangreiches Sortiment P\u00fcffer, T\u00fcrstopper und T\u00fcrfeststeller zum Sichern und Festhalten von T\u00fcren und Fenstern. Der verwendete Gummi &hellip; <a href=\"https:\/\/deltafix.com\/de\/puffer-tuerstopper-tuerfeststeller-und-keile\/\">Continued<\/a><\/p>\n","protected":false},"author":1,"featured_media":0,"parent":0,"menu_order":0,"comment_status":"closed","ping_status":"closed","template":"","meta":{"_acf_changed":false,"footnotes":""},"class_list":["post-1997","page","type-page","status-publish","hentry"],"acf":[],"yoast_head":"<!-- This site is optimized with the Yoast SEO plugin v25.5 - https:\/\/yoast.com\/wordpress\/plugins\/seo\/ -->\n<title>Puffer, T\u00fcrstopper, T\u00fcrfeststeller und Keile - Deltafix<\/title>\n<meta name=\"robots\" content=\"index, follow, max-snippet:-1, max-image-preview:large, max-video-preview:-1\" \/>\n<link rel=\"canonical\" href=\"https:\/\/deltafix.com\/de\/puffer-tuerstopper-tuerfeststeller-und-keile\/\" \/>\n<meta property=\"og:locale\" content=\"de_DE\" \/>\n<meta property=\"og:type\" content=\"article\" \/>\n<meta property=\"og:title\" content=\"Puffer, T\u00fcrstopper, T\u00fcrfeststeller und Keile - Deltafix\" \/>\n<meta property=\"og:description\" content=\"Deltafix bietet ein umfangreiches Sortiment P\u00fcffer, T\u00fcrstopper und T\u00fcrfeststeller zum Sichern und Festhalten von T\u00fcren und Fenstern. Der verwendete Gummi &hellip; Continued\" \/>\n<meta property=\"og:url\" content=\"https:\/\/deltafix.com\/de\/puffer-tuerstopper-tuerfeststeller-und-keile\/\" \/>\n<meta property=\"og:site_name\" content=\"Deltafix\" \/>\n<meta property=\"article:modified_time\" content=\"2022-03-09T10:04:58+00:00\" \/>\n<meta property=\"og:image\" content=\"https:\/\/deltafix.com\/app\/uploads\/2022\/01\/Tochtwering-scaled.jpg\" \/>\n\t<meta property=\"og:image:width\" content=\"2560\" \/>\n\t<meta property=\"og:image:height\" content=\"1707\" \/>\n\t<meta property=\"og:image:type\" content=\"image\/jpeg\" \/>\n<meta name=\"twitter:card\" content=\"summary_large_image\" \/>\n<meta name=\"twitter:label1\" content=\"Est. reading time\" \/>\n\t<meta name=\"twitter:data1\" content=\"1 minute\" \/>\n<script type=\"application\/ld+json\" class=\"yoast-schema-graph\">{\"@context\":\"https:\/\/schema.org\",\"@graph\":[{\"@type\":\"WebPage\",\"@id\":\"https:\/\/deltafix.com\/de\/puffer-tuerstopper-tuerfeststeller-und-keile\/\",\"url\":\"https:\/\/deltafix.com\/de\/puffer-tuerstopper-tuerfeststeller-und-keile\/\",\"name\":\"Puffer, T\u00fcrstopper, T\u00fcrfeststeller und Keile - Deltafix\",\"isPartOf\":{\"@id\":\"https:\/\/deltafix.com\/de\/#website\"},\"datePublished\":\"2022-03-09T07:48:48+00:00\",\"dateModified\":\"2022-03-09T10:04:58+00:00\",\"breadcrumb\":{\"@id\":\"https:\/\/deltafix.com\/de\/puffer-tuerstopper-tuerfeststeller-und-keile\/#breadcrumb\"},\"inLanguage\":\"de-DE\",\"potentialAction\":[{\"@type\":\"ReadAction\",\"target\":[\"https:\/\/deltafix.com\/de\/puffer-tuerstopper-tuerfeststeller-und-keile\/\"]}]},{\"@type\":\"BreadcrumbList\",\"@id\":\"https:\/\/deltafix.com\/de\/puffer-tuerstopper-tuerfeststeller-und-keile\/#breadcrumb\",\"itemListElement\":[{\"@type\":\"ListItem\",\"position\":1,\"name\":\"Home\",\"item\":\"https:\/\/deltafix.com\/de\/\"},{\"@type\":\"ListItem\",\"position\":2,\"name\":\"Puffer, T\u00fcrstopper, T\u00fcrfeststeller und Keile\"}]},{\"@type\":\"WebSite\",\"@id\":\"https:\/\/deltafix.com\/de\/#website\",\"url\":\"https:\/\/deltafix.com\/de\/\",\"name\":\"Deltafix\",\"description\":\"\",\"potentialAction\":[{\"@type\":\"SearchAction\",\"target\":{\"@type\":\"EntryPoint\",\"urlTemplate\":\"https:\/\/deltafix.com\/de\/?s={search_term_string}\"},\"query-input\":{\"@type\":\"PropertyValueSpecification\",\"valueRequired\":true,\"valueName\":\"search_term_string\"}}],\"inLanguage\":\"de-DE\"}]}<\/script>\n<!-- \/ Yoast SEO plugin. -->","yoast_head_json":{"title":"Puffer, T\u00fcrstopper, T\u00fcrfeststeller und Keile - Deltafix","robots":{"index":"index","follow":"follow","max-snippet":"max-snippet:-1","max-image-preview":"max-image-preview:large","max-video-preview":"max-video-preview:-1"},"canonical":"https:\/\/deltafix.com\/de\/puffer-tuerstopper-tuerfeststeller-und-keile\/","og_locale":"de_DE","og_type":"article","og_title":"Puffer, T\u00fcrstopper, T\u00fcrfeststeller und Keile - Deltafix","og_description":"Deltafix bietet ein umfangreiches Sortiment P\u00fcffer, T\u00fcrstopper und T\u00fcrfeststeller zum Sichern und Festhalten von T\u00fcren und Fenstern. Der verwendete Gummi &hellip; Continued","og_url":"https:\/\/deltafix.com\/de\/puffer-tuerstopper-tuerfeststeller-und-keile\/","og_site_name":"Deltafix","article_modified_time":"2022-03-09T10:04:58+00:00","og_image":[{"width":2560,"height":1707,"url":"https:\/\/deltafix.com\/app\/uploads\/2022\/01\/Tochtwering-scaled.jpg","type":"image\/jpeg"}],"twitter_card":"summary_large_image","twitter_misc":{"Est. reading time":"1 minute"},"schema":{"@context":"https:\/\/schema.org","@graph":[{"@type":"WebPage","@id":"https:\/\/deltafix.com\/de\/puffer-tuerstopper-tuerfeststeller-und-keile\/","url":"https:\/\/deltafix.com\/de\/puffer-tuerstopper-tuerfeststeller-und-keile\/","name":"Puffer, T\u00fcrstopper, T\u00fcrfeststeller und Keile - Deltafix","isPartOf":{"@id":"https:\/\/deltafix.com\/de\/#website"},"datePublished":"2022-03-09T07:48:48+00:00","dateModified":"2022-03-09T10:04:58+00:00","breadcrumb":{"@id":"https:\/\/deltafix.com\/de\/puffer-tuerstopper-tuerfeststeller-und-keile\/#breadcrumb"},"inLanguage":"de-DE","potentialAction":[{"@type":"ReadAction","target":["https:\/\/deltafix.com\/de\/puffer-tuerstopper-tuerfeststeller-und-keile\/"]}]},{"@type":"BreadcrumbList","@id":"https:\/\/deltafix.com\/de\/puffer-tuerstopper-tuerfeststeller-und-keile\/#breadcrumb","itemListElement":[{"@type":"ListItem","position":1,"name":"Home","item":"https:\/\/deltafix.com\/de\/"},{"@type":"ListItem","position":2,"name":"Puffer, T\u00fcrstopper, T\u00fcrfeststeller und Keile"}]},{"@type":"WebSite","@id":"https:\/\/deltafix.com\/de\/#website","url":"https:\/\/deltafix.com\/de\/","name":"Deltafix","description":"","potentialAction":[{"@type":"SearchAction","target":{"@type":"EntryPoint","urlTemplate":"https:\/\/deltafix.com\/de\/?s={search_term_string}"},"query-input":{"@type":"PropertyValueSpecification","valueRequired":true,"valueName":"search_term_string"}}],"inLanguage":"de-DE"}]}},"_links":{"self":[{"href":"https:\/\/deltafix.com\/de\/wp-json\/wp\/v2\/pages\/1997","targetHints":{"allow":["GET"]}}],"collection":[{"href":"https:\/\/deltafix.com\/de\/wp-json\/wp\/v2\/pages"}],"about":[{"href":"https:\/\/deltafix.com\/de\/wp-json\/wp\/v2\/types\/page"}],"author":[{"embeddable":true,"href":"https:\/\/deltafix.com\/de\/wp-json\/wp\/v2\/users\/1"}],"replies":[{"embeddable":true,"href":"https:\/\/deltafix.com\/de\/wp-json\/wp\/v2\/comments?post=1997"}],"version-history":[{"count":4,"href":"https:\/\/deltafix.com\/de\/wp-json\/wp\/v2\/pages\/1997\/revisions"}],"predecessor-version":[{"id":2123,"href":"https:\/\/deltafix.com\/de\/wp-json\/wp\/v2\/pages\/1997\/revisions\/2123"}],"wp:attachment":[{"href":"https:\/\/deltafix.com\/de\/wp-json\/wp\/v2\/media?parent=1997"}],"curies":[{"name":"wp","href":"https:\/\/api.w.org\/{rel}","templated":true}]}}