{"id":1999,"date":"2022-03-09T08:50:32","date_gmt":"2022-03-09T07:50:32","guid":{"rendered":"https:\/\/deltafix.com\/fliegengitter\/"},"modified":"2022-03-09T08:50:32","modified_gmt":"2022-03-09T07:50:32","slug":"fliegengitter","status":"publish","type":"page","link":"https:\/\/deltafix.com\/de\/fliegengitter\/","title":{"rendered":"Fliegengitter"},"content":{"rendered":"\n<p>Halten Sie M\u00fccken, Fliegen und anderes Ungeziefer drau\u00dfen mit den Fliegengittern von Deltafix. Unsere Fliegengitter zeichen sich durch sehr gute Qualit\u00e4t zu einem g\u00fcnstigen Preis aus. Deltafix liefert Aluminium, Glasfaser und glasklares Gewebe auf Gro\u00df- und Industrierollen.<\/p>\n","protected":false},"excerpt":{"rendered":"<p>Halten Sie M\u00fccken, Fliegen und anderes Ungeziefer drau\u00dfen mit den Fliegengittern von Deltafix. Unsere Fliegengitter zeichen sich durch sehr gute &hellip; <a href=\"https:\/\/deltafix.com\/de\/fliegengitter\/\">Continued<\/a><\/p>\n","protected":false},"author":1,"featured_media":0,"parent":0,"menu_order":0,"comment_status":"closed","ping_status":"closed","template":"","meta":{"_acf_changed":false,"footnotes":""},"class_list":["post-1999","page","type-page","status-publish","hentry"],"acf":[],"yoast_head":"<!-- This site is optimized with the Yoast SEO plugin v25.5 - https:\/\/yoast.com\/wordpress\/plugins\/seo\/ -->\n<title>Fliegengitter - Deltafix<\/title>\n<meta name=\"robots\" content=\"index, follow, max-snippet:-1, max-image-preview:large, max-video-preview:-1\" \/>\n<link rel=\"canonical\" href=\"https:\/\/deltafix.com\/de\/fliegengitter\/\" \/>\n<meta property=\"og:locale\" content=\"de_DE\" \/>\n<meta property=\"og:type\" content=\"article\" \/>\n<meta property=\"og:title\" content=\"Fliegengitter - Deltafix\" \/>\n<meta property=\"og:description\" content=\"Halten Sie M\u00fccken, Fliegen und anderes Ungeziefer drau\u00dfen mit den Fliegengittern von Deltafix. Unsere Fliegengitter zeichen sich durch sehr gute &hellip; Continued\" \/>\n<meta property=\"og:url\" content=\"https:\/\/deltafix.com\/de\/fliegengitter\/\" \/>\n<meta property=\"og:site_name\" content=\"Deltafix\" \/>\n<meta property=\"og:image\" content=\"https:\/\/deltafix.com\/app\/uploads\/2022\/01\/Tochtwering-scaled.jpg\" \/>\n\t<meta property=\"og:image:width\" content=\"2560\" \/>\n\t<meta property=\"og:image:height\" content=\"1707\" \/>\n\t<meta property=\"og:image:type\" content=\"image\/jpeg\" \/>\n<meta name=\"twitter:card\" content=\"summary_large_image\" \/>\n<script type=\"application\/ld+json\" class=\"yoast-schema-graph\">{\"@context\":\"https:\/\/schema.org\",\"@graph\":[{\"@type\":\"WebPage\",\"@id\":\"https:\/\/deltafix.com\/de\/fliegengitter\/\",\"url\":\"https:\/\/deltafix.com\/de\/fliegengitter\/\",\"name\":\"Fliegengitter - Deltafix\",\"isPartOf\":{\"@id\":\"https:\/\/deltafix.com\/de\/#website\"},\"datePublished\":\"2022-03-09T07:50:32+00:00\",\"breadcrumb\":{\"@id\":\"https:\/\/deltafix.com\/de\/fliegengitter\/#breadcrumb\"},\"inLanguage\":\"de-DE\",\"potentialAction\":[{\"@type\":\"ReadAction\",\"target\":[\"https:\/\/deltafix.com\/de\/fliegengitter\/\"]}]},{\"@type\":\"BreadcrumbList\",\"@id\":\"https:\/\/deltafix.com\/de\/fliegengitter\/#breadcrumb\",\"itemListElement\":[{\"@type\":\"ListItem\",\"position\":1,\"name\":\"Home\",\"item\":\"https:\/\/deltafix.com\/de\/\"},{\"@type\":\"ListItem\",\"position\":2,\"name\":\"Fliegengitter\"}]},{\"@type\":\"WebSite\",\"@id\":\"https:\/\/deltafix.com\/de\/#website\",\"url\":\"https:\/\/deltafix.com\/de\/\",\"name\":\"Deltafix\",\"description\":\"\",\"potentialAction\":[{\"@type\":\"SearchAction\",\"target\":{\"@type\":\"EntryPoint\",\"urlTemplate\":\"https:\/\/deltafix.com\/de\/?s={search_term_string}\"},\"query-input\":{\"@type\":\"PropertyValueSpecification\",\"valueRequired\":true,\"valueName\":\"search_term_string\"}}],\"inLanguage\":\"de-DE\"}]}<\/script>\n<!-- \/ Yoast SEO plugin. -->","yoast_head_json":{"title":"Fliegengitter - Deltafix","robots":{"index":"index","follow":"follow","max-snippet":"max-snippet:-1","max-image-preview":"max-image-preview:large","max-video-preview":"max-video-preview:-1"},"canonical":"https:\/\/deltafix.com\/de\/fliegengitter\/","og_locale":"de_DE","og_type":"article","og_title":"Fliegengitter - Deltafix","og_description":"Halten Sie M\u00fccken, Fliegen und anderes Ungeziefer drau\u00dfen mit den Fliegengittern von Deltafix. Unsere Fliegengitter zeichen sich durch sehr gute &hellip; Continued","og_url":"https:\/\/deltafix.com\/de\/fliegengitter\/","og_site_name":"Deltafix","og_image":[{"width":2560,"height":1707,"url":"https:\/\/deltafix.com\/app\/uploads\/2022\/01\/Tochtwering-scaled.jpg","type":"image\/jpeg"}],"twitter_card":"summary_large_image","schema":{"@context":"https:\/\/schema.org","@graph":[{"@type":"WebPage","@id":"https:\/\/deltafix.com\/de\/fliegengitter\/","url":"https:\/\/deltafix.com\/de\/fliegengitter\/","name":"Fliegengitter - Deltafix","isPartOf":{"@id":"https:\/\/deltafix.com\/de\/#website"},"datePublished":"2022-03-09T07:50:32+00:00","breadcrumb":{"@id":"https:\/\/deltafix.com\/de\/fliegengitter\/#breadcrumb"},"inLanguage":"de-DE","potentialAction":[{"@type":"ReadAction","target":["https:\/\/deltafix.com\/de\/fliegengitter\/"]}]},{"@type":"BreadcrumbList","@id":"https:\/\/deltafix.com\/de\/fliegengitter\/#breadcrumb","itemListElement":[{"@type":"ListItem","position":1,"name":"Home","item":"https:\/\/deltafix.com\/de\/"},{"@type":"ListItem","position":2,"name":"Fliegengitter"}]},{"@type":"WebSite","@id":"https:\/\/deltafix.com\/de\/#website","url":"https:\/\/deltafix.com\/de\/","name":"Deltafix","description":"","potentialAction":[{"@type":"SearchAction","target":{"@type":"EntryPoint","urlTemplate":"https:\/\/deltafix.com\/de\/?s={search_term_string}"},"query-input":{"@type":"PropertyValueSpecification","valueRequired":true,"valueName":"search_term_string"}}],"inLanguage":"de-DE"}]}},"_links":{"self":[{"href":"https:\/\/deltafix.com\/de\/wp-json\/wp\/v2\/pages\/1999","targetHints":{"allow":["GET"]}}],"collection":[{"href":"https:\/\/deltafix.com\/de\/wp-json\/wp\/v2\/pages"}],"about":[{"href":"https:\/\/deltafix.com\/de\/wp-json\/wp\/v2\/types\/page"}],"author":[{"embeddable":true,"href":"https:\/\/deltafix.com\/de\/wp-json\/wp\/v2\/users\/1"}],"replies":[{"embeddable":true,"href":"https:\/\/deltafix.com\/de\/wp-json\/wp\/v2\/comments?post=1999"}],"version-history":[{"count":1,"href":"https:\/\/deltafix.com\/de\/wp-json\/wp\/v2\/pages\/1999\/revisions"}],"predecessor-version":[{"id":2000,"href":"https:\/\/deltafix.com\/de\/wp-json\/wp\/v2\/pages\/1999\/revisions\/2000"}],"wp:attachment":[{"href":"https:\/\/deltafix.com\/de\/wp-json\/wp\/v2\/media?parent=1999"}],"curies":[{"name":"wp","href":"https:\/\/api.w.org\/{rel}","templated":true}]}}