{"id":2007,"date":"2022-03-09T08:54:25","date_gmt":"2022-03-09T07:54:25","guid":{"rendered":"https:\/\/deltafix.com\/schrauben\/"},"modified":"2022-03-09T11:04:31","modified_gmt":"2022-03-09T10:04:31","slug":"schrauben","status":"publish","type":"page","link":"https:\/\/deltafix.com\/de\/schrauben\/","title":{"rendered":"Schrauben"},"content":{"rendered":"\n<p>Deltafix hat unterschiedliche Konzepte mit Schrauben. Hier gilt der Grundsatz gut, besser, am besten. Schrauben der Marke Deltafix sind unbestritten immer gut. Deltafix kann diese Schrauben auch unter eigenem Namen (Eigenmarke) liefern. Wenn gut nicht gut genug ist, k\u00f6nnen Gold-top\u2122- oder Woodstars\u00ae-Schrauben gew\u00e4hlt werden. Gold-top\u2122-Schrauben zeichnen sich vor allem durch den einzigartigen goldenen Schmierfilm aus, der das Eindrehen besonders erleichtert. Woodstars\u00ae wurden speziell f\u00fcr den Profi entwickelt und verf\u00fcgen \u00fcber die entsprechenden Eigenschaften. Schlie\u00dflich vertreibt Deltafix die deutsche Premiummarke Heco\u00ae. Bei Heco\u00ae Schrauben erwartet Sie immer die neueste innovative Technik im Bereich der Befestigung.<\/p>\n\n\n\n<p><\/p>\n\n\n<div class=\"slider-block my-lg-4\">\n  <div class=\"slider-block__wrap slider-blok alignwide\" data-block=\"block_6203dc0ec3e00\">\n\n    <div class=\"swiper swiper-container abc__slider\">\n            <div class=\"swiper-wrapper\">\n                    <div class=\"swiper-slide\">\n              <img decoding=\"async\" width=\"1024\" height=\"683\" src=\"https:\/\/deltafix.com\/app\/uploads\/2022\/02\/5422-Goulmy-Deltafix-winkels-1024x683.jpg\" class=\"img-fluid\" alt=\"\" srcset=\"https:\/\/deltafix.com\/app\/uploads\/2022\/02\/5422-Goulmy-Deltafix-winkels-1024x683.jpg 1024w, https:\/\/deltafix.com\/app\/uploads\/2022\/02\/5422-Goulmy-Deltafix-winkels-300x200.jpg 300w, https:\/\/deltafix.com\/app\/uploads\/2022\/02\/5422-Goulmy-Deltafix-winkels-768x512.jpg 768w, https:\/\/deltafix.com\/app\/uploads\/2022\/02\/5422-Goulmy-Deltafix-winkels-1536x1024.jpg 1536w, https:\/\/deltafix.com\/app\/uploads\/2022\/02\/5422-Goulmy-Deltafix-winkels-2048x1365.jpg 2048w\" sizes=\"(max-width: 1024px) 100vw, 1024px\" \/>\n            <\/div>\n                    <div class=\"swiper-slide\">\n              <img decoding=\"async\" width=\"1024\" height=\"683\" src=\"https:\/\/deltafix.com\/app\/uploads\/2022\/02\/5424-Goulmy-Deltafix-winkels-1024x683.jpg\" class=\"img-fluid\" alt=\"\" srcset=\"https:\/\/deltafix.com\/app\/uploads\/2022\/02\/5424-Goulmy-Deltafix-winkels-1024x683.jpg 1024w, https:\/\/deltafix.com\/app\/uploads\/2022\/02\/5424-Goulmy-Deltafix-winkels-300x200.jpg 300w, https:\/\/deltafix.com\/app\/uploads\/2022\/02\/5424-Goulmy-Deltafix-winkels-768x512.jpg 768w, https:\/\/deltafix.com\/app\/uploads\/2022\/02\/5424-Goulmy-Deltafix-winkels-1536x1024.jpg 1536w, https:\/\/deltafix.com\/app\/uploads\/2022\/02\/5424-Goulmy-Deltafix-winkels-2048x1365.jpg 2048w\" sizes=\"(max-width: 1024px) 100vw, 1024px\" \/>\n            <\/div>\n                    <div class=\"swiper-slide\">\n              <img decoding=\"async\" width=\"1024\" height=\"683\" src=\"https:\/\/deltafix.com\/app\/uploads\/2022\/02\/5363-Goulmy-Deltafix-winkels-1024x683.jpg\" class=\"img-fluid\" alt=\"\" srcset=\"https:\/\/deltafix.com\/app\/uploads\/2022\/02\/5363-Goulmy-Deltafix-winkels-1024x683.jpg 1024w, https:\/\/deltafix.com\/app\/uploads\/2022\/02\/5363-Goulmy-Deltafix-winkels-300x200.jpg 300w, https:\/\/deltafix.com\/app\/uploads\/2022\/02\/5363-Goulmy-Deltafix-winkels-768x512.jpg 768w, https:\/\/deltafix.com\/app\/uploads\/2022\/02\/5363-Goulmy-Deltafix-winkels-1536x1024.jpg 1536w, https:\/\/deltafix.com\/app\/uploads\/2022\/02\/5363-Goulmy-Deltafix-winkels-2048x1365.jpg 2048w\" sizes=\"(max-width: 1024px) 100vw, 1024px\" \/>\n            <\/div>\n                    <div class=\"swiper-slide\">\n              <img decoding=\"async\" width=\"1024\" height=\"683\" src=\"https:\/\/deltafix.com\/app\/uploads\/2022\/02\/5357-Goulmy-Deltafix-winkels-1024x683.jpg\" class=\"img-fluid\" alt=\"\" srcset=\"https:\/\/deltafix.com\/app\/uploads\/2022\/02\/5357-Goulmy-Deltafix-winkels-1024x683.jpg 1024w, https:\/\/deltafix.com\/app\/uploads\/2022\/02\/5357-Goulmy-Deltafix-winkels-300x200.jpg 300w, https:\/\/deltafix.com\/app\/uploads\/2022\/02\/5357-Goulmy-Deltafix-winkels-768x512.jpg 768w, https:\/\/deltafix.com\/app\/uploads\/2022\/02\/5357-Goulmy-Deltafix-winkels-1536x1024.jpg 1536w, https:\/\/deltafix.com\/app\/uploads\/2022\/02\/5357-Goulmy-Deltafix-winkels-2048x1365.jpg 2048w\" sizes=\"(max-width: 1024px) 100vw, 1024px\" \/>\n            <\/div>\n                    <div class=\"swiper-slide\">\n              <img decoding=\"async\" width=\"1024\" height=\"683\" src=\"https:\/\/deltafix.com\/app\/uploads\/2022\/02\/5317-Goulmy-Deltafix-winkels-1024x683.jpg\" class=\"img-fluid\" alt=\"\" srcset=\"https:\/\/deltafix.com\/app\/uploads\/2022\/02\/5317-Goulmy-Deltafix-winkels-1024x683.jpg 1024w, https:\/\/deltafix.com\/app\/uploads\/2022\/02\/5317-Goulmy-Deltafix-winkels-300x200.jpg 300w, https:\/\/deltafix.com\/app\/uploads\/2022\/02\/5317-Goulmy-Deltafix-winkels-768x512.jpg 768w, https:\/\/deltafix.com\/app\/uploads\/2022\/02\/5317-Goulmy-Deltafix-winkels-1536x1024.jpg 1536w, https:\/\/deltafix.com\/app\/uploads\/2022\/02\/5317-Goulmy-Deltafix-winkels-2048x1365.jpg 2048w\" sizes=\"(max-width: 1024px) 100vw, 1024px\" \/>\n            <\/div>\n                    <div class=\"swiper-slide\">\n              <img decoding=\"async\" width=\"1024\" height=\"683\" src=\"https:\/\/deltafix.com\/app\/uploads\/2022\/02\/5312-Goulmy-Deltafix-winkels-1024x683.jpg\" class=\"img-fluid\" alt=\"\" srcset=\"https:\/\/deltafix.com\/app\/uploads\/2022\/02\/5312-Goulmy-Deltafix-winkels-1024x683.jpg 1024w, https:\/\/deltafix.com\/app\/uploads\/2022\/02\/5312-Goulmy-Deltafix-winkels-300x200.jpg 300w, https:\/\/deltafix.com\/app\/uploads\/2022\/02\/5312-Goulmy-Deltafix-winkels-768x512.jpg 768w, https:\/\/deltafix.com\/app\/uploads\/2022\/02\/5312-Goulmy-Deltafix-winkels-1536x1024.jpg 1536w, https:\/\/deltafix.com\/app\/uploads\/2022\/02\/5312-Goulmy-Deltafix-winkels-2048x1365.jpg 2048w\" sizes=\"(max-width: 1024px) 100vw, 1024px\" \/>\n            <\/div>\n                    <div class=\"swiper-slide\">\n              <img decoding=\"async\" width=\"1024\" height=\"683\" src=\"https:\/\/deltafix.com\/app\/uploads\/2022\/02\/5306-Goulmy-Deltafix-winkels-1024x683.jpg\" class=\"img-fluid\" alt=\"\" srcset=\"https:\/\/deltafix.com\/app\/uploads\/2022\/02\/5306-Goulmy-Deltafix-winkels-1024x683.jpg 1024w, https:\/\/deltafix.com\/app\/uploads\/2022\/02\/5306-Goulmy-Deltafix-winkels-300x200.jpg 300w, https:\/\/deltafix.com\/app\/uploads\/2022\/02\/5306-Goulmy-Deltafix-winkels-768x512.jpg 768w, https:\/\/deltafix.com\/app\/uploads\/2022\/02\/5306-Goulmy-Deltafix-winkels-1536x1024.jpg 1536w, https:\/\/deltafix.com\/app\/uploads\/2022\/02\/5306-Goulmy-Deltafix-winkels-2048x1365.jpg 2048w\" sizes=\"(max-width: 1024px) 100vw, 1024px\" \/>\n            <\/div>\n                    <div class=\"swiper-slide\">\n              <img decoding=\"async\" width=\"1024\" height=\"683\" src=\"https:\/\/deltafix.com\/app\/uploads\/2022\/02\/5298-Goulmy-Deltafix-winkels-1024x683.jpg\" class=\"img-fluid\" alt=\"\" srcset=\"https:\/\/deltafix.com\/app\/uploads\/2022\/02\/5298-Goulmy-Deltafix-winkels-1024x683.jpg 1024w, https:\/\/deltafix.com\/app\/uploads\/2022\/02\/5298-Goulmy-Deltafix-winkels-300x200.jpg 300w, https:\/\/deltafix.com\/app\/uploads\/2022\/02\/5298-Goulmy-Deltafix-winkels-768x512.jpg 768w, https:\/\/deltafix.com\/app\/uploads\/2022\/02\/5298-Goulmy-Deltafix-winkels-1536x1024.jpg 1536w, https:\/\/deltafix.com\/app\/uploads\/2022\/02\/5298-Goulmy-Deltafix-winkels-2048x1365.jpg 2048w\" sizes=\"(max-width: 1024px) 100vw, 1024px\" \/>\n            <\/div>\n                    <div class=\"swiper-slide\">\n              <img decoding=\"async\" width=\"1024\" height=\"683\" src=\"https:\/\/deltafix.com\/app\/uploads\/2022\/02\/5289-Goulmy-Deltafix-winkels-1024x683.jpg\" class=\"img-fluid\" alt=\"\" srcset=\"https:\/\/deltafix.com\/app\/uploads\/2022\/02\/5289-Goulmy-Deltafix-winkels-1024x683.jpg 1024w, https:\/\/deltafix.com\/app\/uploads\/2022\/02\/5289-Goulmy-Deltafix-winkels-300x200.jpg 300w, https:\/\/deltafix.com\/app\/uploads\/2022\/02\/5289-Goulmy-Deltafix-winkels-768x512.jpg 768w, https:\/\/deltafix.com\/app\/uploads\/2022\/02\/5289-Goulmy-Deltafix-winkels-1536x1024.jpg 1536w, https:\/\/deltafix.com\/app\/uploads\/2022\/02\/5289-Goulmy-Deltafix-winkels-2048x1365.jpg 2048w\" sizes=\"(max-width: 1024px) 100vw, 1024px\" \/>\n            <\/div>\n                    <div class=\"swiper-slide\">\n              <img decoding=\"async\" width=\"1024\" height=\"683\" src=\"https:\/\/deltafix.com\/app\/uploads\/2022\/02\/5287-Goulmy-Deltafix-winkels-1024x683.jpg\" class=\"img-fluid\" alt=\"\" srcset=\"https:\/\/deltafix.com\/app\/uploads\/2022\/02\/5287-Goulmy-Deltafix-winkels-1024x683.jpg 1024w, https:\/\/deltafix.com\/app\/uploads\/2022\/02\/5287-Goulmy-Deltafix-winkels-300x200.jpg 300w, https:\/\/deltafix.com\/app\/uploads\/2022\/02\/5287-Goulmy-Deltafix-winkels-768x512.jpg 768w, https:\/\/deltafix.com\/app\/uploads\/2022\/02\/5287-Goulmy-Deltafix-winkels-1536x1024.jpg 1536w, https:\/\/deltafix.com\/app\/uploads\/2022\/02\/5287-Goulmy-Deltafix-winkels-2048x1365.jpg 2048w\" sizes=\"(max-width: 1024px) 100vw, 1024px\" \/>\n            <\/div>\n                    <div class=\"swiper-slide\">\n              <img decoding=\"async\" width=\"1024\" height=\"683\" src=\"https:\/\/deltafix.com\/app\/uploads\/2022\/02\/5208-Goulmy-Deltafix-winkels-1024x683.jpg\" class=\"img-fluid\" alt=\"\" srcset=\"https:\/\/deltafix.com\/app\/uploads\/2022\/02\/5208-Goulmy-Deltafix-winkels-1024x683.jpg 1024w, https:\/\/deltafix.com\/app\/uploads\/2022\/02\/5208-Goulmy-Deltafix-winkels-300x200.jpg 300w, https:\/\/deltafix.com\/app\/uploads\/2022\/02\/5208-Goulmy-Deltafix-winkels-768x512.jpg 768w, https:\/\/deltafix.com\/app\/uploads\/2022\/02\/5208-Goulmy-Deltafix-winkels-1536x1024.jpg 1536w, https:\/\/deltafix.com\/app\/uploads\/2022\/02\/5208-Goulmy-Deltafix-winkels-2048x1365.jpg 2048w\" sizes=\"(max-width: 1024px) 100vw, 1024px\" \/>\n            <\/div>\n                    <div class=\"swiper-slide\">\n              <img decoding=\"async\" width=\"1024\" height=\"683\" src=\"https:\/\/deltafix.com\/app\/uploads\/2022\/02\/5200-Goulmy-Deltafix-winkels-1024x683.jpg\" class=\"img-fluid\" alt=\"\" srcset=\"https:\/\/deltafix.com\/app\/uploads\/2022\/02\/5200-Goulmy-Deltafix-winkels-1024x683.jpg 1024w, https:\/\/deltafix.com\/app\/uploads\/2022\/02\/5200-Goulmy-Deltafix-winkels-300x200.jpg 300w, https:\/\/deltafix.com\/app\/uploads\/2022\/02\/5200-Goulmy-Deltafix-winkels-768x512.jpg 768w, https:\/\/deltafix.com\/app\/uploads\/2022\/02\/5200-Goulmy-Deltafix-winkels-1536x1024.jpg 1536w, https:\/\/deltafix.com\/app\/uploads\/2022\/02\/5200-Goulmy-Deltafix-winkels-2048x1365.jpg 2048w\" sizes=\"(max-width: 1024px) 100vw, 1024px\" \/>\n            <\/div>\n                    <div class=\"swiper-slide\">\n              <img decoding=\"async\" width=\"1024\" height=\"683\" src=\"https:\/\/deltafix.com\/app\/uploads\/2022\/02\/2274-Goulmy-DeltaFix-Hoofddorp-1-1024x683.jpg\" class=\"img-fluid\" alt=\"\" srcset=\"https:\/\/deltafix.com\/app\/uploads\/2022\/02\/2274-Goulmy-DeltaFix-Hoofddorp-1-1024x683.jpg 1024w, https:\/\/deltafix.com\/app\/uploads\/2022\/02\/2274-Goulmy-DeltaFix-Hoofddorp-1-300x200.jpg 300w, https:\/\/deltafix.com\/app\/uploads\/2022\/02\/2274-Goulmy-DeltaFix-Hoofddorp-1-768x512.jpg 768w, https:\/\/deltafix.com\/app\/uploads\/2022\/02\/2274-Goulmy-DeltaFix-Hoofddorp-1-1536x1024.jpg 1536w, https:\/\/deltafix.com\/app\/uploads\/2022\/02\/2274-Goulmy-DeltaFix-Hoofddorp-1-2048x1365.jpg 2048w\" sizes=\"(max-width: 1024px) 100vw, 1024px\" \/>\n            <\/div>\n                    <div class=\"swiper-slide\">\n              <img decoding=\"async\" width=\"1024\" height=\"683\" src=\"https:\/\/deltafix.com\/app\/uploads\/2022\/02\/2285-Goulmy-DeltaFix-Hoofddorp-1024x683.jpg\" class=\"img-fluid\" alt=\"\" srcset=\"https:\/\/deltafix.com\/app\/uploads\/2022\/02\/2285-Goulmy-DeltaFix-Hoofddorp-1024x683.jpg 1024w, https:\/\/deltafix.com\/app\/uploads\/2022\/02\/2285-Goulmy-DeltaFix-Hoofddorp-300x200.jpg 300w, https:\/\/deltafix.com\/app\/uploads\/2022\/02\/2285-Goulmy-DeltaFix-Hoofddorp-768x512.jpg 768w, https:\/\/deltafix.com\/app\/uploads\/2022\/02\/2285-Goulmy-DeltaFix-Hoofddorp-1536x1024.jpg 1536w, https:\/\/deltafix.com\/app\/uploads\/2022\/02\/2285-Goulmy-DeltaFix-Hoofddorp-2048x1365.jpg 2048w\" sizes=\"(max-width: 1024px) 100vw, 1024px\" \/>\n            <\/div>\n                    <div class=\"swiper-slide\">\n              <img decoding=\"async\" width=\"1024\" height=\"683\" src=\"https:\/\/deltafix.com\/app\/uploads\/2022\/02\/5139-Goulmy-Deltafix-winkels-1024x683.jpg\" class=\"img-fluid\" alt=\"\" srcset=\"https:\/\/deltafix.com\/app\/uploads\/2022\/02\/5139-Goulmy-Deltafix-winkels-1024x683.jpg 1024w, https:\/\/deltafix.com\/app\/uploads\/2022\/02\/5139-Goulmy-Deltafix-winkels-300x200.jpg 300w, https:\/\/deltafix.com\/app\/uploads\/2022\/02\/5139-Goulmy-Deltafix-winkels-768x512.jpg 768w, https:\/\/deltafix.com\/app\/uploads\/2022\/02\/5139-Goulmy-Deltafix-winkels-1536x1024.jpg 1536w, https:\/\/deltafix.com\/app\/uploads\/2022\/02\/5139-Goulmy-Deltafix-winkels-2048x1365.jpg 2048w\" sizes=\"(max-width: 1024px) 100vw, 1024px\" \/>\n            <\/div>\n                    <div class=\"swiper-slide\">\n              <img decoding=\"async\" width=\"1024\" height=\"683\" src=\"https:\/\/deltafix.com\/app\/uploads\/2022\/02\/5205-Goulmy-Deltafix-winkels-1024x683.jpg\" class=\"img-fluid\" alt=\"\" srcset=\"https:\/\/deltafix.com\/app\/uploads\/2022\/02\/5205-Goulmy-Deltafix-winkels-1024x683.jpg 1024w, https:\/\/deltafix.com\/app\/uploads\/2022\/02\/5205-Goulmy-Deltafix-winkels-300x200.jpg 300w, https:\/\/deltafix.com\/app\/uploads\/2022\/02\/5205-Goulmy-Deltafix-winkels-768x512.jpg 768w, https:\/\/deltafix.com\/app\/uploads\/2022\/02\/5205-Goulmy-Deltafix-winkels-1536x1024.jpg 1536w, https:\/\/deltafix.com\/app\/uploads\/2022\/02\/5205-Goulmy-Deltafix-winkels-2048x1365.jpg 2048w\" sizes=\"(max-width: 1024px) 100vw, 1024px\" \/>\n            <\/div>\n              <\/div>\n      <div class=\"swiper-button-next swiper-nav\"><\/div>\n      <div class=\"swiper-button-prev swiper-nav\"><\/div> \n                  \n    <\/div>\n     \n  <\/div>\n<\/div>\n\n<div class=\"py-3\">\n    <div class=\"contact__blok\">\n  <div class=\"contact__persoon\">\n    <img decoding=\"async\" src=\"https:\/\/deltafix.com\/app\/themes\/sage\/public\/images\/niels.webp?id=2e5db8fdc38e344dd036\" alt=\"Klantenservice foto\" loading=\"lazy\">\n  <\/div>\n  <div class=\"contact__details\">\n    <h2>Kommen Sie und \u00fcberzeugen Sie sich von unseren Konzepten<\/h2>\n    <p>Vereinbaren Sie einen Termin \u00fcber:<\/p>\n    <p class=\"contact__number\"><i class=\"fas fa-phone-volume\"><\/i> +31 (0)20 655 63 90<\/p>\n    <p class=\"contact__number\"><i class=\"fas fa-envelope\"><\/i> <a href=\"&#109;a&#105;lt&#111;&#58;&#105;n&#102;o&#64;&#100;&#101;lt&#97;fix&#46;c&#111;m\" target=\"_blank\">i&#110;fo&#64;&#100;&#101;l&#116;afix.&#99;&#111;&#109;<\/p>\n    <a href=\"https:\/\/deltafix.com\/de\/contact\/\" class=\"contact__button\" title=\"Contact deltafix\">Kontakt<\/a>\n  <\/div>\n<\/div>  <\/div>\n","protected":false},"excerpt":{"rendered":"<p>Deltafix hat unterschiedliche Konzepte mit Schrauben. Hier gilt der Grundsatz gut, besser, am besten. Schrauben der Marke Deltafix sind unbestritten &hellip; <a href=\"https:\/\/deltafix.com\/de\/schrauben\/\">Continued<\/a><\/p>\n","protected":false},"author":1,"featured_media":0,"parent":0,"menu_order":0,"comment_status":"closed","ping_status":"closed","template":"","meta":{"_acf_changed":false,"footnotes":""},"class_list":["post-2007","page","type-page","status-publish","hentry"],"acf":[],"yoast_head":"<!-- This site is optimized with the Yoast SEO plugin v25.5 - https:\/\/yoast.com\/wordpress\/plugins\/seo\/ -->\n<title>Schrauben - Deltafix<\/title>\n<meta name=\"robots\" content=\"index, follow, max-snippet:-1, max-image-preview:large, max-video-preview:-1\" \/>\n<link rel=\"canonical\" href=\"https:\/\/deltafix.com\/de\/schrauben\/\" \/>\n<meta property=\"og:locale\" content=\"de_DE\" \/>\n<meta property=\"og:type\" content=\"article\" \/>\n<meta property=\"og:title\" content=\"Schrauben - Deltafix\" \/>\n<meta property=\"og:description\" content=\"Deltafix hat unterschiedliche Konzepte mit Schrauben. Hier gilt der Grundsatz gut, besser, am besten. Schrauben der Marke Deltafix sind unbestritten &hellip; Continued\" \/>\n<meta property=\"og:url\" content=\"https:\/\/deltafix.com\/de\/schrauben\/\" \/>\n<meta property=\"og:site_name\" content=\"Deltafix\" \/>\n<meta property=\"article:modified_time\" content=\"2022-03-09T10:04:31+00:00\" \/>\n<meta property=\"og:image\" content=\"https:\/\/deltafix.com\/app\/uploads\/2022\/01\/Tochtwering-scaled.jpg\" \/>\n\t<meta property=\"og:image:width\" content=\"2560\" \/>\n\t<meta property=\"og:image:height\" content=\"1707\" \/>\n\t<meta property=\"og:image:type\" content=\"image\/jpeg\" \/>\n<meta name=\"twitter:card\" content=\"summary_large_image\" \/>\n<meta name=\"twitter:label1\" content=\"Est. reading time\" \/>\n\t<meta name=\"twitter:data1\" content=\"1 minute\" \/>\n<script type=\"application\/ld+json\" class=\"yoast-schema-graph\">{\"@context\":\"https:\/\/schema.org\",\"@graph\":[{\"@type\":\"WebPage\",\"@id\":\"https:\/\/deltafix.com\/de\/schrauben\/\",\"url\":\"https:\/\/deltafix.com\/de\/schrauben\/\",\"name\":\"Schrauben - Deltafix\",\"isPartOf\":{\"@id\":\"https:\/\/deltafix.com\/de\/#website\"},\"datePublished\":\"2022-03-09T07:54:25+00:00\",\"dateModified\":\"2022-03-09T10:04:31+00:00\",\"breadcrumb\":{\"@id\":\"https:\/\/deltafix.com\/de\/schrauben\/#breadcrumb\"},\"inLanguage\":\"de-DE\",\"potentialAction\":[{\"@type\":\"ReadAction\",\"target\":[\"https:\/\/deltafix.com\/de\/schrauben\/\"]}]},{\"@type\":\"BreadcrumbList\",\"@id\":\"https:\/\/deltafix.com\/de\/schrauben\/#breadcrumb\",\"itemListElement\":[{\"@type\":\"ListItem\",\"position\":1,\"name\":\"Home\",\"item\":\"https:\/\/deltafix.com\/de\/\"},{\"@type\":\"ListItem\",\"position\":2,\"name\":\"Schrauben\"}]},{\"@type\":\"WebSite\",\"@id\":\"https:\/\/deltafix.com\/de\/#website\",\"url\":\"https:\/\/deltafix.com\/de\/\",\"name\":\"Deltafix\",\"description\":\"\",\"potentialAction\":[{\"@type\":\"SearchAction\",\"target\":{\"@type\":\"EntryPoint\",\"urlTemplate\":\"https:\/\/deltafix.com\/de\/?s={search_term_string}\"},\"query-input\":{\"@type\":\"PropertyValueSpecification\",\"valueRequired\":true,\"valueName\":\"search_term_string\"}}],\"inLanguage\":\"de-DE\"}]}<\/script>\n<!-- \/ Yoast SEO plugin. -->","yoast_head_json":{"title":"Schrauben - Deltafix","robots":{"index":"index","follow":"follow","max-snippet":"max-snippet:-1","max-image-preview":"max-image-preview:large","max-video-preview":"max-video-preview:-1"},"canonical":"https:\/\/deltafix.com\/de\/schrauben\/","og_locale":"de_DE","og_type":"article","og_title":"Schrauben - Deltafix","og_description":"Deltafix hat unterschiedliche Konzepte mit Schrauben. Hier gilt der Grundsatz gut, besser, am besten. Schrauben der Marke Deltafix sind unbestritten &hellip; Continued","og_url":"https:\/\/deltafix.com\/de\/schrauben\/","og_site_name":"Deltafix","article_modified_time":"2022-03-09T10:04:31+00:00","og_image":[{"width":2560,"height":1707,"url":"https:\/\/deltafix.com\/app\/uploads\/2022\/01\/Tochtwering-scaled.jpg","type":"image\/jpeg"}],"twitter_card":"summary_large_image","twitter_misc":{"Est. reading time":"1 minute"},"schema":{"@context":"https:\/\/schema.org","@graph":[{"@type":"WebPage","@id":"https:\/\/deltafix.com\/de\/schrauben\/","url":"https:\/\/deltafix.com\/de\/schrauben\/","name":"Schrauben - Deltafix","isPartOf":{"@id":"https:\/\/deltafix.com\/de\/#website"},"datePublished":"2022-03-09T07:54:25+00:00","dateModified":"2022-03-09T10:04:31+00:00","breadcrumb":{"@id":"https:\/\/deltafix.com\/de\/schrauben\/#breadcrumb"},"inLanguage":"de-DE","potentialAction":[{"@type":"ReadAction","target":["https:\/\/deltafix.com\/de\/schrauben\/"]}]},{"@type":"BreadcrumbList","@id":"https:\/\/deltafix.com\/de\/schrauben\/#breadcrumb","itemListElement":[{"@type":"ListItem","position":1,"name":"Home","item":"https:\/\/deltafix.com\/de\/"},{"@type":"ListItem","position":2,"name":"Schrauben"}]},{"@type":"WebSite","@id":"https:\/\/deltafix.com\/de\/#website","url":"https:\/\/deltafix.com\/de\/","name":"Deltafix","description":"","potentialAction":[{"@type":"SearchAction","target":{"@type":"EntryPoint","urlTemplate":"https:\/\/deltafix.com\/de\/?s={search_term_string}"},"query-input":{"@type":"PropertyValueSpecification","valueRequired":true,"valueName":"search_term_string"}}],"inLanguage":"de-DE"}]}},"_links":{"self":[{"href":"https:\/\/deltafix.com\/de\/wp-json\/wp\/v2\/pages\/2007","targetHints":{"allow":["GET"]}}],"collection":[{"href":"https:\/\/deltafix.com\/de\/wp-json\/wp\/v2\/pages"}],"about":[{"href":"https:\/\/deltafix.com\/de\/wp-json\/wp\/v2\/types\/page"}],"author":[{"embeddable":true,"href":"https:\/\/deltafix.com\/de\/wp-json\/wp\/v2\/users\/1"}],"replies":[{"embeddable":true,"href":"https:\/\/deltafix.com\/de\/wp-json\/wp\/v2\/comments?post=2007"}],"version-history":[{"count":4,"href":"https:\/\/deltafix.com\/de\/wp-json\/wp\/v2\/pages\/2007\/revisions"}],"predecessor-version":[{"id":2115,"href":"https:\/\/deltafix.com\/de\/wp-json\/wp\/v2\/pages\/2007\/revisions\/2115"}],"wp:attachment":[{"href":"https:\/\/deltafix.com\/de\/wp-json\/wp\/v2\/media?parent=2007"}],"curies":[{"name":"wp","href":"https:\/\/api.w.org\/{rel}","templated":true}]}}