{"id":2009,"date":"2022-03-09T09:25:46","date_gmt":"2022-03-09T08:25:46","guid":{"rendered":"https:\/\/deltafix.com\/schlauch-und-kupplungsstuecke\/"},"modified":"2022-03-09T11:04:24","modified_gmt":"2022-03-09T10:04:24","slug":"schlauch-und-kupplungsstuecke","status":"publish","type":"page","link":"https:\/\/deltafix.com\/de\/schlauch-und-kupplungsstuecke\/","title":{"rendered":"Schlauch und kupplungsst\u00fccke"},"content":{"rendered":"\n<p>Deltafix liefert ein komplettes Konzeptschlauch und Zubeh\u00f6r. Das Konzept ist modular und kann PVC, Tyleen und Tropfschl\u00e4uche umfassen. Die Schl\u00e4uche werden in speziell entwickelten Regalen pr\u00e4sentiert, die f\u00fcr Ordnung in der Werkstatt sorgen. Das Zubeh\u00f6r und die Anschl\u00fcsse sind \u00fcbersichtlich auf H\u00e4ngekarten dargestellt.<\/p>\n\n\n<div class=\"slider-block my-lg-4\">\n  <div class=\"slider-block__wrap slider-blok alignwide\" data-block=\"block_6203dd408b456\">\n\n    <div class=\"swiper swiper-container abc__slider\">\n            <div class=\"swiper-wrapper\">\n                    <div class=\"swiper-slide\">\n              <img decoding=\"async\" width=\"1024\" height=\"683\" src=\"https:\/\/deltafix.com\/app\/uploads\/2022\/02\/5568-Goulmy-Deltafix-winkels-1024x683.jpg\" class=\"img-fluid\" alt=\"\" srcset=\"https:\/\/deltafix.com\/app\/uploads\/2022\/02\/5568-Goulmy-Deltafix-winkels-1024x683.jpg 1024w, https:\/\/deltafix.com\/app\/uploads\/2022\/02\/5568-Goulmy-Deltafix-winkels-300x200.jpg 300w, https:\/\/deltafix.com\/app\/uploads\/2022\/02\/5568-Goulmy-Deltafix-winkels-768x512.jpg 768w, https:\/\/deltafix.com\/app\/uploads\/2022\/02\/5568-Goulmy-Deltafix-winkels-1536x1024.jpg 1536w, https:\/\/deltafix.com\/app\/uploads\/2022\/02\/5568-Goulmy-Deltafix-winkels-2048x1365.jpg 2048w\" sizes=\"(max-width: 1024px) 100vw, 1024px\" \/>\n            <\/div>\n                    <div class=\"swiper-slide\">\n              <img decoding=\"async\" width=\"1024\" height=\"683\" src=\"https:\/\/deltafix.com\/app\/uploads\/2022\/02\/5589-Goulmy-Deltafix-winkels-1-1024x683.jpg\" class=\"img-fluid\" alt=\"\" srcset=\"https:\/\/deltafix.com\/app\/uploads\/2022\/02\/5589-Goulmy-Deltafix-winkels-1-1024x683.jpg 1024w, https:\/\/deltafix.com\/app\/uploads\/2022\/02\/5589-Goulmy-Deltafix-winkels-1-300x200.jpg 300w, https:\/\/deltafix.com\/app\/uploads\/2022\/02\/5589-Goulmy-Deltafix-winkels-1-768x512.jpg 768w, https:\/\/deltafix.com\/app\/uploads\/2022\/02\/5589-Goulmy-Deltafix-winkels-1-1536x1024.jpg 1536w, https:\/\/deltafix.com\/app\/uploads\/2022\/02\/5589-Goulmy-Deltafix-winkels-1-2048x1365.jpg 2048w\" sizes=\"(max-width: 1024px) 100vw, 1024px\" \/>\n            <\/div>\n                    <div class=\"swiper-slide\">\n              <img decoding=\"async\" width=\"1024\" height=\"683\" src=\"https:\/\/deltafix.com\/app\/uploads\/2022\/02\/5562-Goulmy-Deltafix-winkels-1024x683.jpg\" class=\"img-fluid\" alt=\"\" srcset=\"https:\/\/deltafix.com\/app\/uploads\/2022\/02\/5562-Goulmy-Deltafix-winkels-1024x683.jpg 1024w, https:\/\/deltafix.com\/app\/uploads\/2022\/02\/5562-Goulmy-Deltafix-winkels-300x200.jpg 300w, https:\/\/deltafix.com\/app\/uploads\/2022\/02\/5562-Goulmy-Deltafix-winkels-768x512.jpg 768w, https:\/\/deltafix.com\/app\/uploads\/2022\/02\/5562-Goulmy-Deltafix-winkels-1536x1024.jpg 1536w, https:\/\/deltafix.com\/app\/uploads\/2022\/02\/5562-Goulmy-Deltafix-winkels-2048x1365.jpg 2048w\" sizes=\"(max-width: 1024px) 100vw, 1024px\" \/>\n            <\/div>\n                    <div class=\"swiper-slide\">\n              <img decoding=\"async\" width=\"1024\" height=\"683\" src=\"https:\/\/deltafix.com\/app\/uploads\/2022\/02\/5466-Goulmy-Deltafix-winkels-1024x683.jpg\" class=\"img-fluid\" alt=\"\" srcset=\"https:\/\/deltafix.com\/app\/uploads\/2022\/02\/5466-Goulmy-Deltafix-winkels-1024x683.jpg 1024w, https:\/\/deltafix.com\/app\/uploads\/2022\/02\/5466-Goulmy-Deltafix-winkels-300x200.jpg 300w, https:\/\/deltafix.com\/app\/uploads\/2022\/02\/5466-Goulmy-Deltafix-winkels-768x512.jpg 768w, https:\/\/deltafix.com\/app\/uploads\/2022\/02\/5466-Goulmy-Deltafix-winkels-1536x1024.jpg 1536w, https:\/\/deltafix.com\/app\/uploads\/2022\/02\/5466-Goulmy-Deltafix-winkels-2048x1365.jpg 2048w\" sizes=\"(max-width: 1024px) 100vw, 1024px\" \/>\n            <\/div>\n                    <div class=\"swiper-slide\">\n              <img decoding=\"async\" width=\"1024\" height=\"681\" src=\"https:\/\/deltafix.com\/app\/uploads\/2022\/02\/2298-Goulmy-DeltaFix-Hoofddorp-1024x681.jpg\" class=\"img-fluid\" alt=\"\" srcset=\"https:\/\/deltafix.com\/app\/uploads\/2022\/02\/2298-Goulmy-DeltaFix-Hoofddorp-1024x681.jpg 1024w, https:\/\/deltafix.com\/app\/uploads\/2022\/02\/2298-Goulmy-DeltaFix-Hoofddorp-300x199.jpg 300w, https:\/\/deltafix.com\/app\/uploads\/2022\/02\/2298-Goulmy-DeltaFix-Hoofddorp-768x510.jpg 768w, https:\/\/deltafix.com\/app\/uploads\/2022\/02\/2298-Goulmy-DeltaFix-Hoofddorp-1536x1021.jpg 1536w, https:\/\/deltafix.com\/app\/uploads\/2022\/02\/2298-Goulmy-DeltaFix-Hoofddorp-2048x1361.jpg 2048w\" sizes=\"(max-width: 1024px) 100vw, 1024px\" \/>\n            <\/div>\n                    <div class=\"swiper-slide\">\n              <img decoding=\"async\" width=\"1024\" height=\"683\" src=\"https:\/\/deltafix.com\/app\/uploads\/2022\/02\/5432-Goulmy-Deltafix-winkels-1024x683.jpg\" class=\"img-fluid\" alt=\"\" srcset=\"https:\/\/deltafix.com\/app\/uploads\/2022\/02\/5432-Goulmy-Deltafix-winkels-1024x683.jpg 1024w, https:\/\/deltafix.com\/app\/uploads\/2022\/02\/5432-Goulmy-Deltafix-winkels-300x200.jpg 300w, https:\/\/deltafix.com\/app\/uploads\/2022\/02\/5432-Goulmy-Deltafix-winkels-768x512.jpg 768w, https:\/\/deltafix.com\/app\/uploads\/2022\/02\/5432-Goulmy-Deltafix-winkels-1536x1024.jpg 1536w, https:\/\/deltafix.com\/app\/uploads\/2022\/02\/5432-Goulmy-Deltafix-winkels-2048x1365.jpg 2048w\" sizes=\"(max-width: 1024px) 100vw, 1024px\" \/>\n            <\/div>\n                    <div class=\"swiper-slide\">\n              <img decoding=\"async\" width=\"1024\" height=\"683\" src=\"https:\/\/deltafix.com\/app\/uploads\/2022\/02\/5439-Goulmy-Deltafix-winkels-1024x683.jpg\" class=\"img-fluid\" alt=\"\" srcset=\"https:\/\/deltafix.com\/app\/uploads\/2022\/02\/5439-Goulmy-Deltafix-winkels-1024x683.jpg 1024w, https:\/\/deltafix.com\/app\/uploads\/2022\/02\/5439-Goulmy-Deltafix-winkels-300x200.jpg 300w, https:\/\/deltafix.com\/app\/uploads\/2022\/02\/5439-Goulmy-Deltafix-winkels-768x512.jpg 768w, https:\/\/deltafix.com\/app\/uploads\/2022\/02\/5439-Goulmy-Deltafix-winkels-1536x1024.jpg 1536w, https:\/\/deltafix.com\/app\/uploads\/2022\/02\/5439-Goulmy-Deltafix-winkels-2048x1365.jpg 2048w\" sizes=\"(max-width: 1024px) 100vw, 1024px\" \/>\n            <\/div>\n                    <div class=\"swiper-slide\">\n              <img decoding=\"async\" width=\"1024\" height=\"683\" src=\"https:\/\/deltafix.com\/app\/uploads\/2022\/02\/5444-Goulmy-Deltafix-winkels-1024x683.jpg\" class=\"img-fluid\" alt=\"\" srcset=\"https:\/\/deltafix.com\/app\/uploads\/2022\/02\/5444-Goulmy-Deltafix-winkels-1024x683.jpg 1024w, https:\/\/deltafix.com\/app\/uploads\/2022\/02\/5444-Goulmy-Deltafix-winkels-300x200.jpg 300w, https:\/\/deltafix.com\/app\/uploads\/2022\/02\/5444-Goulmy-Deltafix-winkels-768x512.jpg 768w, https:\/\/deltafix.com\/app\/uploads\/2022\/02\/5444-Goulmy-Deltafix-winkels-1536x1024.jpg 1536w, https:\/\/deltafix.com\/app\/uploads\/2022\/02\/5444-Goulmy-Deltafix-winkels-2048x1365.jpg 2048w\" sizes=\"(max-width: 1024px) 100vw, 1024px\" \/>\n            <\/div>\n                    <div class=\"swiper-slide\">\n              <img decoding=\"async\" width=\"1024\" height=\"683\" src=\"https:\/\/deltafix.com\/app\/uploads\/2022\/02\/2292-Goulmy-DeltaFix-Hoofddorp-1024x683.jpg\" class=\"img-fluid\" alt=\"\" srcset=\"https:\/\/deltafix.com\/app\/uploads\/2022\/02\/2292-Goulmy-DeltaFix-Hoofddorp-1024x683.jpg 1024w, https:\/\/deltafix.com\/app\/uploads\/2022\/02\/2292-Goulmy-DeltaFix-Hoofddorp-300x200.jpg 300w, https:\/\/deltafix.com\/app\/uploads\/2022\/02\/2292-Goulmy-DeltaFix-Hoofddorp-768x512.jpg 768w, https:\/\/deltafix.com\/app\/uploads\/2022\/02\/2292-Goulmy-DeltaFix-Hoofddorp-1536x1024.jpg 1536w, https:\/\/deltafix.com\/app\/uploads\/2022\/02\/2292-Goulmy-DeltaFix-Hoofddorp-2048x1365.jpg 2048w\" sizes=\"(max-width: 1024px) 100vw, 1024px\" \/>\n            <\/div>\n                    <div class=\"swiper-slide\">\n              <img decoding=\"async\" width=\"1024\" height=\"683\" src=\"https:\/\/deltafix.com\/app\/uploads\/2022\/02\/5453-Goulmy-Deltafix-winkels-1024x683.jpg\" class=\"img-fluid\" alt=\"\" srcset=\"https:\/\/deltafix.com\/app\/uploads\/2022\/02\/5453-Goulmy-Deltafix-winkels-1024x683.jpg 1024w, https:\/\/deltafix.com\/app\/uploads\/2022\/02\/5453-Goulmy-Deltafix-winkels-300x200.jpg 300w, https:\/\/deltafix.com\/app\/uploads\/2022\/02\/5453-Goulmy-Deltafix-winkels-768x512.jpg 768w, https:\/\/deltafix.com\/app\/uploads\/2022\/02\/5453-Goulmy-Deltafix-winkels-1536x1024.jpg 1536w, https:\/\/deltafix.com\/app\/uploads\/2022\/02\/5453-Goulmy-Deltafix-winkels-2048x1365.jpg 2048w\" sizes=\"(max-width: 1024px) 100vw, 1024px\" \/>\n            <\/div>\n              <\/div>\n      <div class=\"swiper-button-next swiper-nav\"><\/div>\n      <div class=\"swiper-button-prev swiper-nav\"><\/div> \n                  \n    <\/div>\n     \n  <\/div>\n<\/div>\n\n<div class=\"py-3\">\n    <div class=\"contact__blok\">\n  <div class=\"contact__persoon\">\n    <img decoding=\"async\" src=\"https:\/\/deltafix.com\/app\/themes\/sage\/public\/images\/niels.webp?id=2e5db8fdc38e344dd036\" alt=\"Klantenservice foto\" loading=\"lazy\">\n  <\/div>\n  <div class=\"contact__details\">\n    <h2>Kommen Sie und \u00fcberzeugen Sie sich von unseren Konzepten<\/h2>\n    <p>Vereinbaren Sie einen Termin \u00fcber:<\/p>\n    <p class=\"contact__number\"><i class=\"fas fa-phone-volume\"><\/i> +31 (0)20 655 63 90<\/p>\n    <p class=\"contact__number\"><i class=\"fas fa-envelope\"><\/i> <a href=\"m&#97;&#105;&#108;&#116;&#111;&#58;&#105;n&#102;&#111;&#64;&#100;&#101;lta&#102;&#105;x.c&#111;&#109;\" target=\"_blank\">inf&#111;&#64;&#100;e&#108;&#116;afix&#46;&#99;&#111;m<\/p>\n    <a href=\"https:\/\/deltafix.com\/de\/contact\/\" class=\"contact__button\" title=\"Contact deltafix\">Kontakt<\/a>\n  <\/div>\n<\/div>  <\/div>\n","protected":false},"excerpt":{"rendered":"<p>Deltafix liefert ein komplettes Konzeptschlauch und Zubeh\u00f6r. Das Konzept ist modular und kann PVC, Tyleen und Tropfschl\u00e4uche umfassen. Die Schl\u00e4uche &hellip; <a href=\"https:\/\/deltafix.com\/de\/schlauch-und-kupplungsstuecke\/\">Continued<\/a><\/p>\n","protected":false},"author":1,"featured_media":0,"parent":0,"menu_order":0,"comment_status":"closed","ping_status":"closed","template":"","meta":{"_acf_changed":false,"footnotes":""},"class_list":["post-2009","page","type-page","status-publish","hentry"],"acf":[],"yoast_head":"<!-- This site is optimized with the Yoast SEO plugin v25.5 - https:\/\/yoast.com\/wordpress\/plugins\/seo\/ -->\n<title>Schlauch und kupplungsst\u00fccke - Deltafix<\/title>\n<meta name=\"robots\" content=\"index, follow, max-snippet:-1, max-image-preview:large, max-video-preview:-1\" \/>\n<link rel=\"canonical\" href=\"https:\/\/deltafix.com\/de\/schlauch-und-kupplungsstuecke\/\" \/>\n<meta property=\"og:locale\" content=\"de_DE\" \/>\n<meta property=\"og:type\" content=\"article\" \/>\n<meta property=\"og:title\" content=\"Schlauch und kupplungsst\u00fccke - Deltafix\" \/>\n<meta property=\"og:description\" content=\"Deltafix liefert ein komplettes Konzeptschlauch und Zubeh\u00f6r. Das Konzept ist modular und kann PVC, Tyleen und Tropfschl\u00e4uche umfassen. Die Schl\u00e4uche &hellip; Continued\" \/>\n<meta property=\"og:url\" content=\"https:\/\/deltafix.com\/de\/schlauch-und-kupplungsstuecke\/\" \/>\n<meta property=\"og:site_name\" content=\"Deltafix\" \/>\n<meta property=\"article:modified_time\" content=\"2022-03-09T10:04:24+00:00\" \/>\n<meta property=\"og:image\" content=\"https:\/\/deltafix.com\/app\/uploads\/2022\/01\/Tochtwering-scaled.jpg\" \/>\n\t<meta property=\"og:image:width\" content=\"2560\" \/>\n\t<meta property=\"og:image:height\" content=\"1707\" \/>\n\t<meta property=\"og:image:type\" content=\"image\/jpeg\" \/>\n<meta name=\"twitter:card\" content=\"summary_large_image\" \/>\n<meta name=\"twitter:label1\" content=\"Est. reading time\" \/>\n\t<meta name=\"twitter:data1\" content=\"1 minute\" \/>\n<script type=\"application\/ld+json\" class=\"yoast-schema-graph\">{\"@context\":\"https:\/\/schema.org\",\"@graph\":[{\"@type\":\"WebPage\",\"@id\":\"https:\/\/deltafix.com\/de\/schlauch-und-kupplungsstuecke\/\",\"url\":\"https:\/\/deltafix.com\/de\/schlauch-und-kupplungsstuecke\/\",\"name\":\"Schlauch und kupplungsst\u00fccke - Deltafix\",\"isPartOf\":{\"@id\":\"https:\/\/deltafix.com\/de\/#website\"},\"datePublished\":\"2022-03-09T08:25:46+00:00\",\"dateModified\":\"2022-03-09T10:04:24+00:00\",\"breadcrumb\":{\"@id\":\"https:\/\/deltafix.com\/de\/schlauch-und-kupplungsstuecke\/#breadcrumb\"},\"inLanguage\":\"de-DE\",\"potentialAction\":[{\"@type\":\"ReadAction\",\"target\":[\"https:\/\/deltafix.com\/de\/schlauch-und-kupplungsstuecke\/\"]}]},{\"@type\":\"BreadcrumbList\",\"@id\":\"https:\/\/deltafix.com\/de\/schlauch-und-kupplungsstuecke\/#breadcrumb\",\"itemListElement\":[{\"@type\":\"ListItem\",\"position\":1,\"name\":\"Home\",\"item\":\"https:\/\/deltafix.com\/de\/\"},{\"@type\":\"ListItem\",\"position\":2,\"name\":\"Schlauch und kupplungsst\u00fccke\"}]},{\"@type\":\"WebSite\",\"@id\":\"https:\/\/deltafix.com\/de\/#website\",\"url\":\"https:\/\/deltafix.com\/de\/\",\"name\":\"Deltafix\",\"description\":\"\",\"potentialAction\":[{\"@type\":\"SearchAction\",\"target\":{\"@type\":\"EntryPoint\",\"urlTemplate\":\"https:\/\/deltafix.com\/de\/?s={search_term_string}\"},\"query-input\":{\"@type\":\"PropertyValueSpecification\",\"valueRequired\":true,\"valueName\":\"search_term_string\"}}],\"inLanguage\":\"de-DE\"}]}<\/script>\n<!-- \/ Yoast SEO plugin. -->","yoast_head_json":{"title":"Schlauch und kupplungsst\u00fccke - Deltafix","robots":{"index":"index","follow":"follow","max-snippet":"max-snippet:-1","max-image-preview":"max-image-preview:large","max-video-preview":"max-video-preview:-1"},"canonical":"https:\/\/deltafix.com\/de\/schlauch-und-kupplungsstuecke\/","og_locale":"de_DE","og_type":"article","og_title":"Schlauch und kupplungsst\u00fccke - Deltafix","og_description":"Deltafix liefert ein komplettes Konzeptschlauch und Zubeh\u00f6r. Das Konzept ist modular und kann PVC, Tyleen und Tropfschl\u00e4uche umfassen. Die Schl\u00e4uche &hellip; Continued","og_url":"https:\/\/deltafix.com\/de\/schlauch-und-kupplungsstuecke\/","og_site_name":"Deltafix","article_modified_time":"2022-03-09T10:04:24+00:00","og_image":[{"width":2560,"height":1707,"url":"https:\/\/deltafix.com\/app\/uploads\/2022\/01\/Tochtwering-scaled.jpg","type":"image\/jpeg"}],"twitter_card":"summary_large_image","twitter_misc":{"Est. reading time":"1 minute"},"schema":{"@context":"https:\/\/schema.org","@graph":[{"@type":"WebPage","@id":"https:\/\/deltafix.com\/de\/schlauch-und-kupplungsstuecke\/","url":"https:\/\/deltafix.com\/de\/schlauch-und-kupplungsstuecke\/","name":"Schlauch und kupplungsst\u00fccke - Deltafix","isPartOf":{"@id":"https:\/\/deltafix.com\/de\/#website"},"datePublished":"2022-03-09T08:25:46+00:00","dateModified":"2022-03-09T10:04:24+00:00","breadcrumb":{"@id":"https:\/\/deltafix.com\/de\/schlauch-und-kupplungsstuecke\/#breadcrumb"},"inLanguage":"de-DE","potentialAction":[{"@type":"ReadAction","target":["https:\/\/deltafix.com\/de\/schlauch-und-kupplungsstuecke\/"]}]},{"@type":"BreadcrumbList","@id":"https:\/\/deltafix.com\/de\/schlauch-und-kupplungsstuecke\/#breadcrumb","itemListElement":[{"@type":"ListItem","position":1,"name":"Home","item":"https:\/\/deltafix.com\/de\/"},{"@type":"ListItem","position":2,"name":"Schlauch und kupplungsst\u00fccke"}]},{"@type":"WebSite","@id":"https:\/\/deltafix.com\/de\/#website","url":"https:\/\/deltafix.com\/de\/","name":"Deltafix","description":"","potentialAction":[{"@type":"SearchAction","target":{"@type":"EntryPoint","urlTemplate":"https:\/\/deltafix.com\/de\/?s={search_term_string}"},"query-input":{"@type":"PropertyValueSpecification","valueRequired":true,"valueName":"search_term_string"}}],"inLanguage":"de-DE"}]}},"_links":{"self":[{"href":"https:\/\/deltafix.com\/de\/wp-json\/wp\/v2\/pages\/2009","targetHints":{"allow":["GET"]}}],"collection":[{"href":"https:\/\/deltafix.com\/de\/wp-json\/wp\/v2\/pages"}],"about":[{"href":"https:\/\/deltafix.com\/de\/wp-json\/wp\/v2\/types\/page"}],"author":[{"embeddable":true,"href":"https:\/\/deltafix.com\/de\/wp-json\/wp\/v2\/users\/1"}],"replies":[{"embeddable":true,"href":"https:\/\/deltafix.com\/de\/wp-json\/wp\/v2\/comments?post=2009"}],"version-history":[{"count":4,"href":"https:\/\/deltafix.com\/de\/wp-json\/wp\/v2\/pages\/2009\/revisions"}],"predecessor-version":[{"id":2113,"href":"https:\/\/deltafix.com\/de\/wp-json\/wp\/v2\/pages\/2009\/revisions\/2113"}],"wp:attachment":[{"href":"https:\/\/deltafix.com\/de\/wp-json\/wp\/v2\/media?parent=2009"}],"curies":[{"name":"wp","href":"https:\/\/api.w.org\/{rel}","templated":true}]}}