{"id":2017,"date":"2022-03-09T09:32:20","date_gmt":"2022-03-09T08:32:20","guid":{"rendered":"https:\/\/deltafix.com\/schutz-fuer-kinder-und-uebrige\/"},"modified":"2022-03-09T11:03:59","modified_gmt":"2022-03-09T10:03:59","slug":"schutz-fuer-kinder-und-uebrige","status":"publish","type":"page","link":"https:\/\/deltafix.com\/de\/schutz-fuer-kinder-und-uebrige\/","title":{"rendered":"Schutz f\u00fcr Kinder und \u00fcbrige"},"content":{"rendered":"\n<p>Sorgen Sie daf\u00fcr, dass Ihre Kinder sicher sind! Mit Deltafix Eckschutz, Steckdosenschutz und Kindersicherung verhindern Sie viele Unf\u00e4lle. In dieser Gruppe finden Sie auch \u00fcbrige Deltafix-Produkte. Zum Beispiel praktische Siebe und Stopfen f\u00fcr Ihre Sp\u00fcle oder Ihr Waschbecken und Anschl\u00fcsse f\u00fcr Kabel und Leitungen.<\/p>\n\n\n<div class=\"slider-block my-lg-4\">\n  <div class=\"slider-block__wrap slider-blok alignwide\" data-block=\"block_6203e0a20c7e7\">\n\n    <div class=\"swiper swiper-container abc__slider\">\n            <div class=\"swiper-wrapper\">\n                    <div class=\"swiper-slide\">\n              <img decoding=\"async\" width=\"1024\" height=\"683\" src=\"https:\/\/deltafix.com\/app\/uploads\/2022\/02\/5170-Goulmy-Deltafix-winkels-1-1024x683.jpg\" class=\"img-fluid\" alt=\"\" srcset=\"https:\/\/deltafix.com\/app\/uploads\/2022\/02\/5170-Goulmy-Deltafix-winkels-1-1024x683.jpg 1024w, https:\/\/deltafix.com\/app\/uploads\/2022\/02\/5170-Goulmy-Deltafix-winkels-1-300x200.jpg 300w, https:\/\/deltafix.com\/app\/uploads\/2022\/02\/5170-Goulmy-Deltafix-winkels-1-768x512.jpg 768w, https:\/\/deltafix.com\/app\/uploads\/2022\/02\/5170-Goulmy-Deltafix-winkels-1-1536x1024.jpg 1536w, https:\/\/deltafix.com\/app\/uploads\/2022\/02\/5170-Goulmy-Deltafix-winkels-1-2048x1365.jpg 2048w\" sizes=\"(max-width: 1024px) 100vw, 1024px\" \/>\n            <\/div>\n                    <div class=\"swiper-slide\">\n              <img decoding=\"async\" width=\"1024\" height=\"683\" src=\"https:\/\/deltafix.com\/app\/uploads\/2022\/02\/5173-Goulmy-Deltafix-winkels-1024x683.jpg\" class=\"img-fluid\" alt=\"\" srcset=\"https:\/\/deltafix.com\/app\/uploads\/2022\/02\/5173-Goulmy-Deltafix-winkels-1024x683.jpg 1024w, https:\/\/deltafix.com\/app\/uploads\/2022\/02\/5173-Goulmy-Deltafix-winkels-300x200.jpg 300w, https:\/\/deltafix.com\/app\/uploads\/2022\/02\/5173-Goulmy-Deltafix-winkels-768x512.jpg 768w, https:\/\/deltafix.com\/app\/uploads\/2022\/02\/5173-Goulmy-Deltafix-winkels-1536x1024.jpg 1536w, https:\/\/deltafix.com\/app\/uploads\/2022\/02\/5173-Goulmy-Deltafix-winkels-2048x1365.jpg 2048w\" sizes=\"(max-width: 1024px) 100vw, 1024px\" \/>\n            <\/div>\n                    <div class=\"swiper-slide\">\n              <img decoding=\"async\" width=\"1024\" height=\"683\" src=\"https:\/\/deltafix.com\/app\/uploads\/2022\/02\/5394-Goulmy-Deltafix-winkels-1024x683.jpg\" class=\"img-fluid\" alt=\"\" srcset=\"https:\/\/deltafix.com\/app\/uploads\/2022\/02\/5394-Goulmy-Deltafix-winkels-1024x683.jpg 1024w, https:\/\/deltafix.com\/app\/uploads\/2022\/02\/5394-Goulmy-Deltafix-winkels-300x200.jpg 300w, https:\/\/deltafix.com\/app\/uploads\/2022\/02\/5394-Goulmy-Deltafix-winkels-768x512.jpg 768w, https:\/\/deltafix.com\/app\/uploads\/2022\/02\/5394-Goulmy-Deltafix-winkels-1536x1024.jpg 1536w, https:\/\/deltafix.com\/app\/uploads\/2022\/02\/5394-Goulmy-Deltafix-winkels-2048x1365.jpg 2048w\" sizes=\"(max-width: 1024px) 100vw, 1024px\" \/>\n            <\/div>\n                    <div class=\"swiper-slide\">\n              <img decoding=\"async\" width=\"1024\" height=\"683\" src=\"https:\/\/deltafix.com\/app\/uploads\/2022\/02\/5398-Goulmy-Deltafix-winkels-1024x683.jpg\" class=\"img-fluid\" alt=\"\" srcset=\"https:\/\/deltafix.com\/app\/uploads\/2022\/02\/5398-Goulmy-Deltafix-winkels-1024x683.jpg 1024w, https:\/\/deltafix.com\/app\/uploads\/2022\/02\/5398-Goulmy-Deltafix-winkels-300x200.jpg 300w, https:\/\/deltafix.com\/app\/uploads\/2022\/02\/5398-Goulmy-Deltafix-winkels-768x512.jpg 768w, https:\/\/deltafix.com\/app\/uploads\/2022\/02\/5398-Goulmy-Deltafix-winkels-1536x1024.jpg 1536w, https:\/\/deltafix.com\/app\/uploads\/2022\/02\/5398-Goulmy-Deltafix-winkels-2048x1365.jpg 2048w\" sizes=\"(max-width: 1024px) 100vw, 1024px\" \/>\n            <\/div>\n                    <div class=\"swiper-slide\">\n              <img decoding=\"async\" width=\"1024\" height=\"683\" src=\"https:\/\/deltafix.com\/app\/uploads\/2022\/02\/5543-Goulmy-Deltafix-winkels-1024x683.jpg\" class=\"img-fluid\" alt=\"\" srcset=\"https:\/\/deltafix.com\/app\/uploads\/2022\/02\/5543-Goulmy-Deltafix-winkels-1024x683.jpg 1024w, https:\/\/deltafix.com\/app\/uploads\/2022\/02\/5543-Goulmy-Deltafix-winkels-300x200.jpg 300w, https:\/\/deltafix.com\/app\/uploads\/2022\/02\/5543-Goulmy-Deltafix-winkels-768x512.jpg 768w, https:\/\/deltafix.com\/app\/uploads\/2022\/02\/5543-Goulmy-Deltafix-winkels-1536x1024.jpg 1536w, https:\/\/deltafix.com\/app\/uploads\/2022\/02\/5543-Goulmy-Deltafix-winkels-2048x1365.jpg 2048w\" sizes=\"(max-width: 1024px) 100vw, 1024px\" \/>\n            <\/div>\n              <\/div>\n      <div class=\"swiper-button-next swiper-nav\"><\/div>\n      <div class=\"swiper-button-prev swiper-nav\"><\/div> \n                  \n    <\/div>\n     \n  <\/div>\n<\/div>\n\n<div class=\"py-3\">\n    <div class=\"contact__blok\">\n  <div class=\"contact__persoon\">\n    <img decoding=\"async\" src=\"https:\/\/deltafix.com\/app\/themes\/sage\/public\/images\/niels.webp?id=2e5db8fdc38e344dd036\" alt=\"Klantenservice foto\" loading=\"lazy\">\n  <\/div>\n  <div class=\"contact__details\">\n    <h2>Kommen Sie und \u00fcberzeugen Sie sich von unseren Konzepten<\/h2>\n    <p>Vereinbaren Sie einen Termin \u00fcber:<\/p>\n    <p class=\"contact__number\"><i class=\"fas fa-phone-volume\"><\/i> +31 (0)20 655 63 90<\/p>\n    <p class=\"contact__number\"><i class=\"fas fa-envelope\"><\/i> <a href=\"&#109;&#97;&#105;&#108;&#116;o:&#105;&#110;f&#111;&#64;d&#101;lt&#97;&#102;&#105;x&#46;c&#111;&#109;\" target=\"_blank\">&#105;&#110;f&#111;&#64;de&#108;taf&#105;&#120;&#46;&#99;om<\/p>\n    <a href=\"https:\/\/deltafix.com\/de\/contact\/\" class=\"contact__button\" title=\"Contact deltafix\">Kontakt<\/a>\n  <\/div>\n<\/div>  <\/div>\n","protected":false},"excerpt":{"rendered":"<p>Sorgen Sie daf\u00fcr, dass Ihre Kinder sicher sind! Mit Deltafix Eckschutz, Steckdosenschutz und Kindersicherung verhindern Sie viele Unf\u00e4lle. In dieser &hellip; <a href=\"https:\/\/deltafix.com\/de\/schutz-fuer-kinder-und-uebrige\/\">Continued<\/a><\/p>\n","protected":false},"author":1,"featured_media":0,"parent":0,"menu_order":0,"comment_status":"closed","ping_status":"closed","template":"","meta":{"_acf_changed":false,"footnotes":""},"class_list":["post-2017","page","type-page","status-publish","hentry"],"acf":[],"yoast_head":"<!-- This site is optimized with the Yoast SEO plugin v25.5 - https:\/\/yoast.com\/wordpress\/plugins\/seo\/ -->\n<title>Schutz f\u00fcr Kinder und \u00fcbrige - Deltafix<\/title>\n<meta name=\"robots\" content=\"index, follow, max-snippet:-1, max-image-preview:large, max-video-preview:-1\" \/>\n<link rel=\"canonical\" href=\"https:\/\/deltafix.com\/de\/schutz-fuer-kinder-und-uebrige\/\" \/>\n<meta property=\"og:locale\" content=\"de_DE\" \/>\n<meta property=\"og:type\" content=\"article\" \/>\n<meta property=\"og:title\" content=\"Schutz f\u00fcr Kinder und \u00fcbrige - Deltafix\" \/>\n<meta property=\"og:description\" content=\"Sorgen Sie daf\u00fcr, dass Ihre Kinder sicher sind! Mit Deltafix Eckschutz, Steckdosenschutz und Kindersicherung verhindern Sie viele Unf\u00e4lle. In dieser &hellip; Continued\" \/>\n<meta property=\"og:url\" content=\"https:\/\/deltafix.com\/de\/schutz-fuer-kinder-und-uebrige\/\" \/>\n<meta property=\"og:site_name\" content=\"Deltafix\" \/>\n<meta property=\"article:modified_time\" content=\"2022-03-09T10:03:59+00:00\" \/>\n<meta property=\"og:image\" content=\"https:\/\/deltafix.com\/app\/uploads\/2022\/01\/Tochtwering-scaled.jpg\" \/>\n\t<meta property=\"og:image:width\" content=\"2560\" \/>\n\t<meta property=\"og:image:height\" content=\"1707\" \/>\n\t<meta property=\"og:image:type\" content=\"image\/jpeg\" \/>\n<meta name=\"twitter:card\" content=\"summary_large_image\" \/>\n<meta name=\"twitter:label1\" content=\"Est. reading time\" \/>\n\t<meta name=\"twitter:data1\" content=\"1 minute\" \/>\n<script type=\"application\/ld+json\" class=\"yoast-schema-graph\">{\"@context\":\"https:\/\/schema.org\",\"@graph\":[{\"@type\":\"WebPage\",\"@id\":\"https:\/\/deltafix.com\/de\/schutz-fuer-kinder-und-uebrige\/\",\"url\":\"https:\/\/deltafix.com\/de\/schutz-fuer-kinder-und-uebrige\/\",\"name\":\"Schutz f\u00fcr Kinder und \u00fcbrige - Deltafix\",\"isPartOf\":{\"@id\":\"https:\/\/deltafix.com\/de\/#website\"},\"datePublished\":\"2022-03-09T08:32:20+00:00\",\"dateModified\":\"2022-03-09T10:03:59+00:00\",\"breadcrumb\":{\"@id\":\"https:\/\/deltafix.com\/de\/schutz-fuer-kinder-und-uebrige\/#breadcrumb\"},\"inLanguage\":\"de-DE\",\"potentialAction\":[{\"@type\":\"ReadAction\",\"target\":[\"https:\/\/deltafix.com\/de\/schutz-fuer-kinder-und-uebrige\/\"]}]},{\"@type\":\"BreadcrumbList\",\"@id\":\"https:\/\/deltafix.com\/de\/schutz-fuer-kinder-und-uebrige\/#breadcrumb\",\"itemListElement\":[{\"@type\":\"ListItem\",\"position\":1,\"name\":\"Home\",\"item\":\"https:\/\/deltafix.com\/de\/\"},{\"@type\":\"ListItem\",\"position\":2,\"name\":\"Schutz f\u00fcr Kinder und \u00fcbrige\"}]},{\"@type\":\"WebSite\",\"@id\":\"https:\/\/deltafix.com\/de\/#website\",\"url\":\"https:\/\/deltafix.com\/de\/\",\"name\":\"Deltafix\",\"description\":\"\",\"potentialAction\":[{\"@type\":\"SearchAction\",\"target\":{\"@type\":\"EntryPoint\",\"urlTemplate\":\"https:\/\/deltafix.com\/de\/?s={search_term_string}\"},\"query-input\":{\"@type\":\"PropertyValueSpecification\",\"valueRequired\":true,\"valueName\":\"search_term_string\"}}],\"inLanguage\":\"de-DE\"}]}<\/script>\n<!-- \/ Yoast SEO plugin. -->","yoast_head_json":{"title":"Schutz f\u00fcr Kinder und \u00fcbrige - Deltafix","robots":{"index":"index","follow":"follow","max-snippet":"max-snippet:-1","max-image-preview":"max-image-preview:large","max-video-preview":"max-video-preview:-1"},"canonical":"https:\/\/deltafix.com\/de\/schutz-fuer-kinder-und-uebrige\/","og_locale":"de_DE","og_type":"article","og_title":"Schutz f\u00fcr Kinder und \u00fcbrige - Deltafix","og_description":"Sorgen Sie daf\u00fcr, dass Ihre Kinder sicher sind! Mit Deltafix Eckschutz, Steckdosenschutz und Kindersicherung verhindern Sie viele Unf\u00e4lle. In dieser &hellip; Continued","og_url":"https:\/\/deltafix.com\/de\/schutz-fuer-kinder-und-uebrige\/","og_site_name":"Deltafix","article_modified_time":"2022-03-09T10:03:59+00:00","og_image":[{"width":2560,"height":1707,"url":"https:\/\/deltafix.com\/app\/uploads\/2022\/01\/Tochtwering-scaled.jpg","type":"image\/jpeg"}],"twitter_card":"summary_large_image","twitter_misc":{"Est. reading time":"1 minute"},"schema":{"@context":"https:\/\/schema.org","@graph":[{"@type":"WebPage","@id":"https:\/\/deltafix.com\/de\/schutz-fuer-kinder-und-uebrige\/","url":"https:\/\/deltafix.com\/de\/schutz-fuer-kinder-und-uebrige\/","name":"Schutz f\u00fcr Kinder und \u00fcbrige - Deltafix","isPartOf":{"@id":"https:\/\/deltafix.com\/de\/#website"},"datePublished":"2022-03-09T08:32:20+00:00","dateModified":"2022-03-09T10:03:59+00:00","breadcrumb":{"@id":"https:\/\/deltafix.com\/de\/schutz-fuer-kinder-und-uebrige\/#breadcrumb"},"inLanguage":"de-DE","potentialAction":[{"@type":"ReadAction","target":["https:\/\/deltafix.com\/de\/schutz-fuer-kinder-und-uebrige\/"]}]},{"@type":"BreadcrumbList","@id":"https:\/\/deltafix.com\/de\/schutz-fuer-kinder-und-uebrige\/#breadcrumb","itemListElement":[{"@type":"ListItem","position":1,"name":"Home","item":"https:\/\/deltafix.com\/de\/"},{"@type":"ListItem","position":2,"name":"Schutz f\u00fcr Kinder und \u00fcbrige"}]},{"@type":"WebSite","@id":"https:\/\/deltafix.com\/de\/#website","url":"https:\/\/deltafix.com\/de\/","name":"Deltafix","description":"","potentialAction":[{"@type":"SearchAction","target":{"@type":"EntryPoint","urlTemplate":"https:\/\/deltafix.com\/de\/?s={search_term_string}"},"query-input":{"@type":"PropertyValueSpecification","valueRequired":true,"valueName":"search_term_string"}}],"inLanguage":"de-DE"}]}},"_links":{"self":[{"href":"https:\/\/deltafix.com\/de\/wp-json\/wp\/v2\/pages\/2017","targetHints":{"allow":["GET"]}}],"collection":[{"href":"https:\/\/deltafix.com\/de\/wp-json\/wp\/v2\/pages"}],"about":[{"href":"https:\/\/deltafix.com\/de\/wp-json\/wp\/v2\/types\/page"}],"author":[{"embeddable":true,"href":"https:\/\/deltafix.com\/de\/wp-json\/wp\/v2\/users\/1"}],"replies":[{"embeddable":true,"href":"https:\/\/deltafix.com\/de\/wp-json\/wp\/v2\/comments?post=2017"}],"version-history":[{"count":4,"href":"https:\/\/deltafix.com\/de\/wp-json\/wp\/v2\/pages\/2017\/revisions"}],"predecessor-version":[{"id":2105,"href":"https:\/\/deltafix.com\/de\/wp-json\/wp\/v2\/pages\/2017\/revisions\/2105"}],"wp:attachment":[{"href":"https:\/\/deltafix.com\/de\/wp-json\/wp\/v2\/media?parent=2017"}],"curies":[{"name":"wp","href":"https:\/\/api.w.org\/{rel}","templated":true}]}}