{"id":2019,"date":"2022-03-09T09:34:03","date_gmt":"2022-03-09T08:34:03","guid":{"rendered":"https:\/\/deltafix.com\/bodenschutz-selbstklebend-und-filzgleiter\/"},"modified":"2022-03-09T11:03:54","modified_gmt":"2022-03-09T10:03:54","slug":"bodenschutz-selbstklebend-und-filzgleiter","status":"publish","type":"page","link":"https:\/\/deltafix.com\/de\/bodenschutz-selbstklebend-und-filzgleiter\/","title":{"rendered":"Bodenschutz selbstklebend und filzgleiter"},"content":{"rendered":"\n<p>Deltafix liefert ein einzigartiges und hochwertiges Filzkonzept. Deltafix Selbstklebefilz ist immer extra dick und hat aufgrund seiner einzigartigen Zusammensetzung eine wesentlich l\u00e4ngere Lebensdauer als normaler Filz. Au\u00dferdem ist der selbstklebende Filz mit einer einzigartigen Klebeschicht versehen, die daf\u00fcr sorgt, dass er sehr gut an Ort und Stelle bleibt. Dieser Filz l\u00e4sst sich leicht zuschneiden und ist in den Farben Wei\u00df, Braun und Schwarz erh\u00e4ltlich. Wenn Sie m\u00f6chten, dass der Filz besonders gut sitzt, weil der Boden beispielsweise N\u00e4hte oder Risse aufweist, k\u00f6nnen Sie sich f\u00fcr Filzgleiter mit N\u00e4geln oder Schrauben entscheiden. Dieser Filz ist in den Farben Hellgrau und Braun erh\u00e4ltlich. Deltafix hat einen speziellen Weichfilz in der Farbe Grau f\u00fcr empfindliche Oberfl\u00e4chen. Dieser Filz ist auf einem Metallhalter vormontiert und wird mit einer Schraube befestigt. F\u00fcr harte Oberfl\u00e4chen oder den Au\u00dfeneinsatz liefert Deltafix Nylongleiter mit N\u00e4geln.<\/p>\n\n\n<div class=\"slider-block my-lg-4\">\n  <div class=\"slider-block__wrap slider-blok alignwide\" data-block=\"block_6203e106e3bc0\">\n\n    <div class=\"swiper swiper-container abc__slider\">\n            <div class=\"swiper-wrapper\">\n                    <div class=\"swiper-slide\">\n              <img decoding=\"async\" width=\"1024\" height=\"683\" src=\"https:\/\/deltafix.com\/app\/uploads\/2022\/02\/5477-Goulmy-Deltafix-winkels-1-1024x683.jpg\" class=\"img-fluid\" alt=\"\" srcset=\"https:\/\/deltafix.com\/app\/uploads\/2022\/02\/5477-Goulmy-Deltafix-winkels-1-1024x683.jpg 1024w, https:\/\/deltafix.com\/app\/uploads\/2022\/02\/5477-Goulmy-Deltafix-winkels-1-300x200.jpg 300w, https:\/\/deltafix.com\/app\/uploads\/2022\/02\/5477-Goulmy-Deltafix-winkels-1-768x512.jpg 768w, https:\/\/deltafix.com\/app\/uploads\/2022\/02\/5477-Goulmy-Deltafix-winkels-1-1536x1024.jpg 1536w, https:\/\/deltafix.com\/app\/uploads\/2022\/02\/5477-Goulmy-Deltafix-winkels-1-2048x1365.jpg 2048w\" sizes=\"(max-width: 1024px) 100vw, 1024px\" \/>\n            <\/div>\n                    <div class=\"swiper-slide\">\n              <img decoding=\"async\" width=\"1024\" height=\"683\" src=\"https:\/\/deltafix.com\/app\/uploads\/2022\/02\/5256-Goulmy-Deltafix-winkels-1024x683.jpg\" class=\"img-fluid\" alt=\"\" srcset=\"https:\/\/deltafix.com\/app\/uploads\/2022\/02\/5256-Goulmy-Deltafix-winkels-1024x683.jpg 1024w, https:\/\/deltafix.com\/app\/uploads\/2022\/02\/5256-Goulmy-Deltafix-winkels-300x200.jpg 300w, https:\/\/deltafix.com\/app\/uploads\/2022\/02\/5256-Goulmy-Deltafix-winkels-768x512.jpg 768w, https:\/\/deltafix.com\/app\/uploads\/2022\/02\/5256-Goulmy-Deltafix-winkels-1536x1024.jpg 1536w, https:\/\/deltafix.com\/app\/uploads\/2022\/02\/5256-Goulmy-Deltafix-winkels-2048x1365.jpg 2048w\" sizes=\"(max-width: 1024px) 100vw, 1024px\" \/>\n            <\/div>\n                    <div class=\"swiper-slide\">\n              <img decoding=\"async\" width=\"1024\" height=\"683\" src=\"https:\/\/deltafix.com\/app\/uploads\/2022\/02\/5251-Goulmy-Deltafix-winkels-1024x683.jpg\" class=\"img-fluid\" alt=\"\" srcset=\"https:\/\/deltafix.com\/app\/uploads\/2022\/02\/5251-Goulmy-Deltafix-winkels-1024x683.jpg 1024w, https:\/\/deltafix.com\/app\/uploads\/2022\/02\/5251-Goulmy-Deltafix-winkels-300x200.jpg 300w, https:\/\/deltafix.com\/app\/uploads\/2022\/02\/5251-Goulmy-Deltafix-winkels-768x512.jpg 768w, https:\/\/deltafix.com\/app\/uploads\/2022\/02\/5251-Goulmy-Deltafix-winkels-1536x1024.jpg 1536w, https:\/\/deltafix.com\/app\/uploads\/2022\/02\/5251-Goulmy-Deltafix-winkels-2048x1365.jpg 2048w\" sizes=\"(max-width: 1024px) 100vw, 1024px\" \/>\n            <\/div>\n                    <div class=\"swiper-slide\">\n              <img decoding=\"async\" width=\"1024\" height=\"683\" src=\"https:\/\/deltafix.com\/app\/uploads\/2022\/02\/5238-Goulmy-Deltafix-winkels-1024x683.jpg\" class=\"img-fluid\" alt=\"\" srcset=\"https:\/\/deltafix.com\/app\/uploads\/2022\/02\/5238-Goulmy-Deltafix-winkels-1024x683.jpg 1024w, https:\/\/deltafix.com\/app\/uploads\/2022\/02\/5238-Goulmy-Deltafix-winkels-300x200.jpg 300w, https:\/\/deltafix.com\/app\/uploads\/2022\/02\/5238-Goulmy-Deltafix-winkels-768x512.jpg 768w, https:\/\/deltafix.com\/app\/uploads\/2022\/02\/5238-Goulmy-Deltafix-winkels-1536x1024.jpg 1536w, https:\/\/deltafix.com\/app\/uploads\/2022\/02\/5238-Goulmy-Deltafix-winkels-2048x1365.jpg 2048w\" sizes=\"(max-width: 1024px) 100vw, 1024px\" \/>\n            <\/div>\n              <\/div>\n      <div class=\"swiper-button-next swiper-nav\"><\/div>\n      <div class=\"swiper-button-prev swiper-nav\"><\/div> \n                  \n    <\/div>\n     \n  <\/div>\n<\/div>\n\n<div class=\"py-3\">\n    <div class=\"contact__blok\">\n  <div class=\"contact__persoon\">\n    <img decoding=\"async\" src=\"https:\/\/deltafix.com\/app\/themes\/sage\/public\/images\/niels.webp?id=2e5db8fdc38e344dd036\" alt=\"Klantenservice foto\" loading=\"lazy\">\n  <\/div>\n  <div class=\"contact__details\">\n    <h2>Kommen Sie und \u00fcberzeugen Sie sich von unseren Konzepten<\/h2>\n    <p>Vereinbaren Sie einen Termin \u00fcber:<\/p>\n    <p class=\"contact__number\"><i class=\"fas fa-phone-volume\"><\/i> +31 (0)20 655 63 90<\/p>\n    <p class=\"contact__number\"><i class=\"fas fa-envelope\"><\/i> <a href=\"ma&#105;l&#116;&#111;&#58;inf&#111;&#64;de&#108;taf&#105;x.c&#111;m\" target=\"_blank\">&#105;nf&#111;&#64;&#100;&#101;&#108;ta&#102;ix.com<\/p>\n    <a href=\"https:\/\/deltafix.com\/de\/contact\/\" class=\"contact__button\" title=\"Contact deltafix\">Kontakt<\/a>\n  <\/div>\n<\/div>  <\/div>\n","protected":false},"excerpt":{"rendered":"<p>Deltafix liefert ein einzigartiges und hochwertiges Filzkonzept. Deltafix Selbstklebefilz ist immer extra dick und hat aufgrund seiner einzigartigen Zusammensetzung eine &hellip; <a href=\"https:\/\/deltafix.com\/de\/bodenschutz-selbstklebend-und-filzgleiter\/\">Continued<\/a><\/p>\n","protected":false},"author":1,"featured_media":0,"parent":0,"menu_order":0,"comment_status":"closed","ping_status":"closed","template":"","meta":{"_acf_changed":false,"footnotes":""},"class_list":["post-2019","page","type-page","status-publish","hentry"],"acf":[],"yoast_head":"<!-- This site is optimized with the Yoast SEO plugin v25.5 - https:\/\/yoast.com\/wordpress\/plugins\/seo\/ -->\n<title>Bodenschutz selbstklebend und filzgleiter - Deltafix<\/title>\n<meta name=\"robots\" content=\"index, follow, max-snippet:-1, max-image-preview:large, max-video-preview:-1\" \/>\n<link rel=\"canonical\" href=\"https:\/\/deltafix.com\/de\/bodenschutz-selbstklebend-und-filzgleiter\/\" \/>\n<meta property=\"og:locale\" content=\"de_DE\" \/>\n<meta property=\"og:type\" content=\"article\" \/>\n<meta property=\"og:title\" content=\"Bodenschutz selbstklebend und filzgleiter - Deltafix\" \/>\n<meta property=\"og:description\" content=\"Deltafix liefert ein einzigartiges und hochwertiges Filzkonzept. Deltafix Selbstklebefilz ist immer extra dick und hat aufgrund seiner einzigartigen Zusammensetzung eine &hellip; Continued\" \/>\n<meta property=\"og:url\" content=\"https:\/\/deltafix.com\/de\/bodenschutz-selbstklebend-und-filzgleiter\/\" \/>\n<meta property=\"og:site_name\" content=\"Deltafix\" \/>\n<meta property=\"article:modified_time\" content=\"2022-03-09T10:03:54+00:00\" \/>\n<meta property=\"og:image\" content=\"https:\/\/deltafix.com\/app\/uploads\/2022\/01\/Tochtwering-scaled.jpg\" \/>\n\t<meta property=\"og:image:width\" content=\"2560\" \/>\n\t<meta property=\"og:image:height\" content=\"1707\" \/>\n\t<meta property=\"og:image:type\" content=\"image\/jpeg\" \/>\n<meta name=\"twitter:card\" content=\"summary_large_image\" \/>\n<meta name=\"twitter:label1\" content=\"Est. reading time\" \/>\n\t<meta name=\"twitter:data1\" content=\"1 minute\" \/>\n<script type=\"application\/ld+json\" class=\"yoast-schema-graph\">{\"@context\":\"https:\/\/schema.org\",\"@graph\":[{\"@type\":\"WebPage\",\"@id\":\"https:\/\/deltafix.com\/de\/bodenschutz-selbstklebend-und-filzgleiter\/\",\"url\":\"https:\/\/deltafix.com\/de\/bodenschutz-selbstklebend-und-filzgleiter\/\",\"name\":\"Bodenschutz selbstklebend und filzgleiter - Deltafix\",\"isPartOf\":{\"@id\":\"https:\/\/deltafix.com\/de\/#website\"},\"datePublished\":\"2022-03-09T08:34:03+00:00\",\"dateModified\":\"2022-03-09T10:03:54+00:00\",\"breadcrumb\":{\"@id\":\"https:\/\/deltafix.com\/de\/bodenschutz-selbstklebend-und-filzgleiter\/#breadcrumb\"},\"inLanguage\":\"de-DE\",\"potentialAction\":[{\"@type\":\"ReadAction\",\"target\":[\"https:\/\/deltafix.com\/de\/bodenschutz-selbstklebend-und-filzgleiter\/\"]}]},{\"@type\":\"BreadcrumbList\",\"@id\":\"https:\/\/deltafix.com\/de\/bodenschutz-selbstklebend-und-filzgleiter\/#breadcrumb\",\"itemListElement\":[{\"@type\":\"ListItem\",\"position\":1,\"name\":\"Home\",\"item\":\"https:\/\/deltafix.com\/de\/\"},{\"@type\":\"ListItem\",\"position\":2,\"name\":\"Bodenschutz selbstklebend und filzgleiter\"}]},{\"@type\":\"WebSite\",\"@id\":\"https:\/\/deltafix.com\/de\/#website\",\"url\":\"https:\/\/deltafix.com\/de\/\",\"name\":\"Deltafix\",\"description\":\"\",\"potentialAction\":[{\"@type\":\"SearchAction\",\"target\":{\"@type\":\"EntryPoint\",\"urlTemplate\":\"https:\/\/deltafix.com\/de\/?s={search_term_string}\"},\"query-input\":{\"@type\":\"PropertyValueSpecification\",\"valueRequired\":true,\"valueName\":\"search_term_string\"}}],\"inLanguage\":\"de-DE\"}]}<\/script>\n<!-- \/ Yoast SEO plugin. -->","yoast_head_json":{"title":"Bodenschutz selbstklebend und filzgleiter - Deltafix","robots":{"index":"index","follow":"follow","max-snippet":"max-snippet:-1","max-image-preview":"max-image-preview:large","max-video-preview":"max-video-preview:-1"},"canonical":"https:\/\/deltafix.com\/de\/bodenschutz-selbstklebend-und-filzgleiter\/","og_locale":"de_DE","og_type":"article","og_title":"Bodenschutz selbstklebend und filzgleiter - Deltafix","og_description":"Deltafix liefert ein einzigartiges und hochwertiges Filzkonzept. Deltafix Selbstklebefilz ist immer extra dick und hat aufgrund seiner einzigartigen Zusammensetzung eine &hellip; Continued","og_url":"https:\/\/deltafix.com\/de\/bodenschutz-selbstklebend-und-filzgleiter\/","og_site_name":"Deltafix","article_modified_time":"2022-03-09T10:03:54+00:00","og_image":[{"width":2560,"height":1707,"url":"https:\/\/deltafix.com\/app\/uploads\/2022\/01\/Tochtwering-scaled.jpg","type":"image\/jpeg"}],"twitter_card":"summary_large_image","twitter_misc":{"Est. reading time":"1 minute"},"schema":{"@context":"https:\/\/schema.org","@graph":[{"@type":"WebPage","@id":"https:\/\/deltafix.com\/de\/bodenschutz-selbstklebend-und-filzgleiter\/","url":"https:\/\/deltafix.com\/de\/bodenschutz-selbstklebend-und-filzgleiter\/","name":"Bodenschutz selbstklebend und filzgleiter - Deltafix","isPartOf":{"@id":"https:\/\/deltafix.com\/de\/#website"},"datePublished":"2022-03-09T08:34:03+00:00","dateModified":"2022-03-09T10:03:54+00:00","breadcrumb":{"@id":"https:\/\/deltafix.com\/de\/bodenschutz-selbstklebend-und-filzgleiter\/#breadcrumb"},"inLanguage":"de-DE","potentialAction":[{"@type":"ReadAction","target":["https:\/\/deltafix.com\/de\/bodenschutz-selbstklebend-und-filzgleiter\/"]}]},{"@type":"BreadcrumbList","@id":"https:\/\/deltafix.com\/de\/bodenschutz-selbstklebend-und-filzgleiter\/#breadcrumb","itemListElement":[{"@type":"ListItem","position":1,"name":"Home","item":"https:\/\/deltafix.com\/de\/"},{"@type":"ListItem","position":2,"name":"Bodenschutz selbstklebend und filzgleiter"}]},{"@type":"WebSite","@id":"https:\/\/deltafix.com\/de\/#website","url":"https:\/\/deltafix.com\/de\/","name":"Deltafix","description":"","potentialAction":[{"@type":"SearchAction","target":{"@type":"EntryPoint","urlTemplate":"https:\/\/deltafix.com\/de\/?s={search_term_string}"},"query-input":{"@type":"PropertyValueSpecification","valueRequired":true,"valueName":"search_term_string"}}],"inLanguage":"de-DE"}]}},"_links":{"self":[{"href":"https:\/\/deltafix.com\/de\/wp-json\/wp\/v2\/pages\/2019","targetHints":{"allow":["GET"]}}],"collection":[{"href":"https:\/\/deltafix.com\/de\/wp-json\/wp\/v2\/pages"}],"about":[{"href":"https:\/\/deltafix.com\/de\/wp-json\/wp\/v2\/types\/page"}],"author":[{"embeddable":true,"href":"https:\/\/deltafix.com\/de\/wp-json\/wp\/v2\/users\/1"}],"replies":[{"embeddable":true,"href":"https:\/\/deltafix.com\/de\/wp-json\/wp\/v2\/comments?post=2019"}],"version-history":[{"count":3,"href":"https:\/\/deltafix.com\/de\/wp-json\/wp\/v2\/pages\/2019\/revisions"}],"predecessor-version":[{"id":2103,"href":"https:\/\/deltafix.com\/de\/wp-json\/wp\/v2\/pages\/2019\/revisions\/2103"}],"wp:attachment":[{"href":"https:\/\/deltafix.com\/de\/wp-json\/wp\/v2\/media?parent=2019"}],"curies":[{"name":"wp","href":"https:\/\/api.w.org\/{rel}","templated":true}]}}