{"id":2021,"date":"2022-03-09T09:35:19","date_gmt":"2022-03-09T08:35:19","guid":{"rendered":"https:\/\/deltafix.com\/waescheleine-eisendraht-und-tauben-nagelbaender\/"},"modified":"2022-03-09T11:03:47","modified_gmt":"2022-03-09T10:03:47","slug":"waescheleine-eisendraht-und-tauben-nagelbaender","status":"publish","type":"page","link":"https:\/\/deltafix.com\/de\/waescheleine-eisendraht-und-tauben-nagelbaender\/","title":{"rendered":"W\u00e4scheleine, Eisendraht und Tauben Nagelb\u00e4nder"},"content":{"rendered":"\n<p>Deltafix bietet W\u00e4scheleinen in einzigartiger Qualit\u00e4t in verschiedenen L\u00e4ngen an. Die W\u00e4scheleine ist aufgrund ihrer einzigartigen Zusammensetzung leicht zu knoten. Die W\u00e4scheleine wird oft in das Seil-, Ketten- und Stahldrahtkonzept integriert. Deltafix Taubenbuchten verhindern Bel\u00e4stigungen durch V\u00f6gel und werden sowohl auf einem Kunststoff- als auch auf einem Edelstahlsockel geliefert. Die Taubenbuchten sind einfach mit dem Kit zu verwenden. Der zu verwendende Dichtstoff h\u00e4ngt vom Untergrund ab.<\/p>\n\n\n<div class=\"slider-block my-lg-4\">\n  <div class=\"slider-block__wrap slider-blok alignwide\" data-block=\"block_6203e1ac78c91\">\n\n    <div class=\"swiper swiper-container abc__slider\">\n            <div class=\"swiper-wrapper\">\n                    <div class=\"swiper-slide\">\n              <img decoding=\"async\" width=\"1024\" height=\"683\" src=\"https:\/\/deltafix.com\/app\/uploads\/2022\/02\/2263-Goulmy-DeltaFix-Hoofddorp-1024x683.jpg\" class=\"img-fluid\" alt=\"\" srcset=\"https:\/\/deltafix.com\/app\/uploads\/2022\/02\/2263-Goulmy-DeltaFix-Hoofddorp-1024x683.jpg 1024w, https:\/\/deltafix.com\/app\/uploads\/2022\/02\/2263-Goulmy-DeltaFix-Hoofddorp-300x200.jpg 300w, https:\/\/deltafix.com\/app\/uploads\/2022\/02\/2263-Goulmy-DeltaFix-Hoofddorp-768x512.jpg 768w, https:\/\/deltafix.com\/app\/uploads\/2022\/02\/2263-Goulmy-DeltaFix-Hoofddorp-1536x1024.jpg 1536w, https:\/\/deltafix.com\/app\/uploads\/2022\/02\/2263-Goulmy-DeltaFix-Hoofddorp-2048x1365.jpg 2048w\" sizes=\"(max-width: 1024px) 100vw, 1024px\" \/>\n            <\/div>\n                    <div class=\"swiper-slide\">\n              <img decoding=\"async\" width=\"1024\" height=\"683\" src=\"https:\/\/deltafix.com\/app\/uploads\/2022\/02\/5393-Goulmy-Deltafix-winkels-2-1024x683.jpg\" class=\"img-fluid\" alt=\"\" srcset=\"https:\/\/deltafix.com\/app\/uploads\/2022\/02\/5393-Goulmy-Deltafix-winkels-2-1024x683.jpg 1024w, https:\/\/deltafix.com\/app\/uploads\/2022\/02\/5393-Goulmy-Deltafix-winkels-2-300x200.jpg 300w, https:\/\/deltafix.com\/app\/uploads\/2022\/02\/5393-Goulmy-Deltafix-winkels-2-768x512.jpg 768w, https:\/\/deltafix.com\/app\/uploads\/2022\/02\/5393-Goulmy-Deltafix-winkels-2-1536x1024.jpg 1536w, https:\/\/deltafix.com\/app\/uploads\/2022\/02\/5393-Goulmy-Deltafix-winkels-2-2048x1365.jpg 2048w\" sizes=\"(max-width: 1024px) 100vw, 1024px\" \/>\n            <\/div>\n              <\/div>\n      <div class=\"swiper-button-next swiper-nav\"><\/div>\n      <div class=\"swiper-button-prev swiper-nav\"><\/div> \n                  \n    <\/div>\n     \n  <\/div>\n<\/div>\n\n<div class=\"py-3\">\n    <div class=\"contact__blok\">\n  <div class=\"contact__persoon\">\n    <img decoding=\"async\" src=\"https:\/\/deltafix.com\/app\/themes\/sage\/public\/images\/niels.webp?id=2e5db8fdc38e344dd036\" alt=\"Klantenservice foto\" loading=\"lazy\">\n  <\/div>\n  <div class=\"contact__details\">\n    <h2>Kommen Sie und \u00fcberzeugen Sie sich von unseren Konzepten<\/h2>\n    <p>Vereinbaren Sie einen Termin \u00fcber:<\/p>\n    <p class=\"contact__number\"><i class=\"fas fa-phone-volume\"><\/i> +31 (0)20 655 63 90<\/p>\n    <p class=\"contact__number\"><i class=\"fas fa-envelope\"><\/i> <a href=\"m&#97;il&#116;&#111;&#58;in&#102;&#111;&#64;d&#101;lt&#97;&#102;ix&#46;&#99;&#111;m\" target=\"_blank\">&#105;nf&#111;&#64;&#100;eltaf&#105;&#120;.c&#111;m<\/p>\n    <a href=\"https:\/\/deltafix.com\/de\/contact\/\" class=\"contact__button\" title=\"Contact deltafix\">Kontakt<\/a>\n  <\/div>\n<\/div>  <\/div>\n","protected":false},"excerpt":{"rendered":"<p>Deltafix bietet W\u00e4scheleinen in einzigartiger Qualit\u00e4t in verschiedenen L\u00e4ngen an. Die W\u00e4scheleine ist aufgrund ihrer einzigartigen Zusammensetzung leicht zu knoten. &hellip; <a href=\"https:\/\/deltafix.com\/de\/waescheleine-eisendraht-und-tauben-nagelbaender\/\">Continued<\/a><\/p>\n","protected":false},"author":1,"featured_media":0,"parent":0,"menu_order":0,"comment_status":"closed","ping_status":"closed","template":"","meta":{"_acf_changed":false,"footnotes":""},"class_list":["post-2021","page","type-page","status-publish","hentry"],"acf":[],"yoast_head":"<!-- This site is optimized with the Yoast SEO plugin v25.5 - https:\/\/yoast.com\/wordpress\/plugins\/seo\/ -->\n<title>W\u00e4scheleine, Eisendraht und Tauben Nagelb\u00e4nder - Deltafix<\/title>\n<meta name=\"robots\" content=\"index, follow, max-snippet:-1, max-image-preview:large, max-video-preview:-1\" \/>\n<link rel=\"canonical\" href=\"https:\/\/deltafix.com\/de\/waescheleine-eisendraht-und-tauben-nagelbaender\/\" \/>\n<meta property=\"og:locale\" content=\"de_DE\" \/>\n<meta property=\"og:type\" content=\"article\" \/>\n<meta property=\"og:title\" content=\"W\u00e4scheleine, Eisendraht und Tauben Nagelb\u00e4nder - Deltafix\" \/>\n<meta property=\"og:description\" content=\"Deltafix bietet W\u00e4scheleinen in einzigartiger Qualit\u00e4t in verschiedenen L\u00e4ngen an. Die W\u00e4scheleine ist aufgrund ihrer einzigartigen Zusammensetzung leicht zu knoten. &hellip; Continued\" \/>\n<meta property=\"og:url\" content=\"https:\/\/deltafix.com\/de\/waescheleine-eisendraht-und-tauben-nagelbaender\/\" \/>\n<meta property=\"og:site_name\" content=\"Deltafix\" \/>\n<meta property=\"article:modified_time\" content=\"2022-03-09T10:03:47+00:00\" \/>\n<meta property=\"og:image\" content=\"https:\/\/deltafix.com\/app\/uploads\/2022\/01\/Tochtwering-scaled.jpg\" \/>\n\t<meta property=\"og:image:width\" content=\"2560\" \/>\n\t<meta property=\"og:image:height\" content=\"1707\" \/>\n\t<meta property=\"og:image:type\" content=\"image\/jpeg\" \/>\n<meta name=\"twitter:card\" content=\"summary_large_image\" \/>\n<meta name=\"twitter:label1\" content=\"Est. reading time\" \/>\n\t<meta name=\"twitter:data1\" content=\"1 minute\" \/>\n<script type=\"application\/ld+json\" class=\"yoast-schema-graph\">{\"@context\":\"https:\/\/schema.org\",\"@graph\":[{\"@type\":\"WebPage\",\"@id\":\"https:\/\/deltafix.com\/de\/waescheleine-eisendraht-und-tauben-nagelbaender\/\",\"url\":\"https:\/\/deltafix.com\/de\/waescheleine-eisendraht-und-tauben-nagelbaender\/\",\"name\":\"W\u00e4scheleine, Eisendraht und Tauben Nagelb\u00e4nder - Deltafix\",\"isPartOf\":{\"@id\":\"https:\/\/deltafix.com\/de\/#website\"},\"datePublished\":\"2022-03-09T08:35:19+00:00\",\"dateModified\":\"2022-03-09T10:03:47+00:00\",\"breadcrumb\":{\"@id\":\"https:\/\/deltafix.com\/de\/waescheleine-eisendraht-und-tauben-nagelbaender\/#breadcrumb\"},\"inLanguage\":\"de-DE\",\"potentialAction\":[{\"@type\":\"ReadAction\",\"target\":[\"https:\/\/deltafix.com\/de\/waescheleine-eisendraht-und-tauben-nagelbaender\/\"]}]},{\"@type\":\"BreadcrumbList\",\"@id\":\"https:\/\/deltafix.com\/de\/waescheleine-eisendraht-und-tauben-nagelbaender\/#breadcrumb\",\"itemListElement\":[{\"@type\":\"ListItem\",\"position\":1,\"name\":\"Home\",\"item\":\"https:\/\/deltafix.com\/de\/\"},{\"@type\":\"ListItem\",\"position\":2,\"name\":\"W\u00e4scheleine, Eisendraht und Tauben Nagelb\u00e4nder\"}]},{\"@type\":\"WebSite\",\"@id\":\"https:\/\/deltafix.com\/de\/#website\",\"url\":\"https:\/\/deltafix.com\/de\/\",\"name\":\"Deltafix\",\"description\":\"\",\"potentialAction\":[{\"@type\":\"SearchAction\",\"target\":{\"@type\":\"EntryPoint\",\"urlTemplate\":\"https:\/\/deltafix.com\/de\/?s={search_term_string}\"},\"query-input\":{\"@type\":\"PropertyValueSpecification\",\"valueRequired\":true,\"valueName\":\"search_term_string\"}}],\"inLanguage\":\"de-DE\"}]}<\/script>\n<!-- \/ Yoast SEO plugin. -->","yoast_head_json":{"title":"W\u00e4scheleine, Eisendraht und Tauben Nagelb\u00e4nder - Deltafix","robots":{"index":"index","follow":"follow","max-snippet":"max-snippet:-1","max-image-preview":"max-image-preview:large","max-video-preview":"max-video-preview:-1"},"canonical":"https:\/\/deltafix.com\/de\/waescheleine-eisendraht-und-tauben-nagelbaender\/","og_locale":"de_DE","og_type":"article","og_title":"W\u00e4scheleine, Eisendraht und Tauben Nagelb\u00e4nder - Deltafix","og_description":"Deltafix bietet W\u00e4scheleinen in einzigartiger Qualit\u00e4t in verschiedenen L\u00e4ngen an. Die W\u00e4scheleine ist aufgrund ihrer einzigartigen Zusammensetzung leicht zu knoten. &hellip; Continued","og_url":"https:\/\/deltafix.com\/de\/waescheleine-eisendraht-und-tauben-nagelbaender\/","og_site_name":"Deltafix","article_modified_time":"2022-03-09T10:03:47+00:00","og_image":[{"width":2560,"height":1707,"url":"https:\/\/deltafix.com\/app\/uploads\/2022\/01\/Tochtwering-scaled.jpg","type":"image\/jpeg"}],"twitter_card":"summary_large_image","twitter_misc":{"Est. reading time":"1 minute"},"schema":{"@context":"https:\/\/schema.org","@graph":[{"@type":"WebPage","@id":"https:\/\/deltafix.com\/de\/waescheleine-eisendraht-und-tauben-nagelbaender\/","url":"https:\/\/deltafix.com\/de\/waescheleine-eisendraht-und-tauben-nagelbaender\/","name":"W\u00e4scheleine, Eisendraht und Tauben Nagelb\u00e4nder - Deltafix","isPartOf":{"@id":"https:\/\/deltafix.com\/de\/#website"},"datePublished":"2022-03-09T08:35:19+00:00","dateModified":"2022-03-09T10:03:47+00:00","breadcrumb":{"@id":"https:\/\/deltafix.com\/de\/waescheleine-eisendraht-und-tauben-nagelbaender\/#breadcrumb"},"inLanguage":"de-DE","potentialAction":[{"@type":"ReadAction","target":["https:\/\/deltafix.com\/de\/waescheleine-eisendraht-und-tauben-nagelbaender\/"]}]},{"@type":"BreadcrumbList","@id":"https:\/\/deltafix.com\/de\/waescheleine-eisendraht-und-tauben-nagelbaender\/#breadcrumb","itemListElement":[{"@type":"ListItem","position":1,"name":"Home","item":"https:\/\/deltafix.com\/de\/"},{"@type":"ListItem","position":2,"name":"W\u00e4scheleine, Eisendraht und Tauben Nagelb\u00e4nder"}]},{"@type":"WebSite","@id":"https:\/\/deltafix.com\/de\/#website","url":"https:\/\/deltafix.com\/de\/","name":"Deltafix","description":"","potentialAction":[{"@type":"SearchAction","target":{"@type":"EntryPoint","urlTemplate":"https:\/\/deltafix.com\/de\/?s={search_term_string}"},"query-input":{"@type":"PropertyValueSpecification","valueRequired":true,"valueName":"search_term_string"}}],"inLanguage":"de-DE"}]}},"_links":{"self":[{"href":"https:\/\/deltafix.com\/de\/wp-json\/wp\/v2\/pages\/2021","targetHints":{"allow":["GET"]}}],"collection":[{"href":"https:\/\/deltafix.com\/de\/wp-json\/wp\/v2\/pages"}],"about":[{"href":"https:\/\/deltafix.com\/de\/wp-json\/wp\/v2\/types\/page"}],"author":[{"embeddable":true,"href":"https:\/\/deltafix.com\/de\/wp-json\/wp\/v2\/users\/1"}],"replies":[{"embeddable":true,"href":"https:\/\/deltafix.com\/de\/wp-json\/wp\/v2\/comments?post=2021"}],"version-history":[{"count":3,"href":"https:\/\/deltafix.com\/de\/wp-json\/wp\/v2\/pages\/2021\/revisions"}],"predecessor-version":[{"id":2100,"href":"https:\/\/deltafix.com\/de\/wp-json\/wp\/v2\/pages\/2021\/revisions\/2100"}],"wp:attachment":[{"href":"https:\/\/deltafix.com\/de\/wp-json\/wp\/v2\/media?parent=2021"}],"curies":[{"name":"wp","href":"https:\/\/api.w.org\/{rel}","templated":true}]}}