{"id":2023,"date":"2022-03-09T09:36:36","date_gmt":"2022-03-09T08:36:36","guid":{"rendered":"https:\/\/deltafix.com\/raeder\/"},"modified":"2022-03-09T11:03:40","modified_gmt":"2022-03-09T10:03:40","slug":"raeder","status":"publish","type":"page","link":"https:\/\/deltafix.com\/de\/raeder\/","title":{"rendered":"R\u00e4der"},"content":{"rendered":"\n<p>Das von Deltafix entwickelte Konzept R\u00e4der macht es ganz einfach, das richtige R\u00e4der zu finden. Anhand von Regalinformationen wird schnell klar, welches Rad in Frage kommt. Deltafix liefert ausschlie\u00dflich R\u00e4der der deutschen A-Marke TENTE. TENTE entwickelt seit 1923 intelligente Mobilit\u00e4tsl\u00f6sungen, die das Leben der Menschen und ihre Arbeitsumgebung deutlich verbessern. L\u00f6sungen, die die Produktivit\u00e4t steigern, die Sicherheit verbessern und neue Horizonte in Design, Nachhaltigkeit und Umweltfreundlichkeit erschlie\u00dfen \u2013 in allen Lebensbereichen. Ob f\u00fcr industrielle, gewerbliche oder medizinische Anwendungen oder Schwertransporte. Ob Maschinenbau, Intralogistik, Betriebseinrichtung oder M\u00f6belindustrie: Rollen und R\u00e4der der Marke TENTE setzen neue Ma\u00dfst\u00e4be und bewegen entscheidende Ver\u00e4nderungen. Bei TENTE Produkten k\u00f6nnen Sie sich auf hohe Qualit\u00e4t und Innovationen verlassen.<\/p>\n\n\n<div class=\"py-3\">\n    <div class=\"contact__blok\">\n  <div class=\"contact__persoon\">\n    <img decoding=\"async\" src=\"https:\/\/deltafix.com\/app\/themes\/sage\/public\/images\/niels.webp?id=2e5db8fdc38e344dd036\" alt=\"Klantenservice foto\" loading=\"lazy\">\n  <\/div>\n  <div class=\"contact__details\">\n    <h2>Kommen Sie und \u00fcberzeugen Sie sich von unseren Konzepten<\/h2>\n    <p>Vereinbaren Sie einen Termin \u00fcber:<\/p>\n    <p class=\"contact__number\"><i class=\"fas fa-phone-volume\"><\/i> +31 (0)20 655 63 90<\/p>\n    <p class=\"contact__number\"><i class=\"fas fa-envelope\"><\/i> <a href=\"&#109;a&#105;&#108;&#116;&#111;&#58;in&#102;&#111;&#64;&#100;&#101;l&#116;a&#102;i&#120;&#46;&#99;om\" target=\"_blank\">&#105;&#110;&#102;o&#64;delta&#102;ix.&#99;&#111;m<\/p>\n    <a href=\"https:\/\/deltafix.com\/de\/contact\/\" class=\"contact__button\" title=\"Contact deltafix\">Kontakt<\/a>\n  <\/div>\n<\/div>  <\/div>\n","protected":false},"excerpt":{"rendered":"<p>Das von Deltafix entwickelte Konzept R\u00e4der macht es ganz einfach, das richtige R\u00e4der zu finden. Anhand von Regalinformationen wird schnell &hellip; <a href=\"https:\/\/deltafix.com\/de\/raeder\/\">Continued<\/a><\/p>\n","protected":false},"author":1,"featured_media":0,"parent":0,"menu_order":0,"comment_status":"closed","ping_status":"closed","template":"","meta":{"_acf_changed":false,"footnotes":""},"class_list":["post-2023","page","type-page","status-publish","hentry"],"acf":[],"yoast_head":"<!-- This site is optimized with the Yoast SEO plugin v25.5 - https:\/\/yoast.com\/wordpress\/plugins\/seo\/ -->\n<title>R\u00e4der - Deltafix<\/title>\n<meta name=\"robots\" content=\"index, follow, max-snippet:-1, max-image-preview:large, max-video-preview:-1\" \/>\n<link rel=\"canonical\" href=\"https:\/\/deltafix.com\/de\/raeder\/\" \/>\n<meta property=\"og:locale\" content=\"de_DE\" \/>\n<meta property=\"og:type\" content=\"article\" \/>\n<meta property=\"og:title\" content=\"R\u00e4der - Deltafix\" \/>\n<meta property=\"og:description\" content=\"Das von Deltafix entwickelte Konzept R\u00e4der macht es ganz einfach, das richtige R\u00e4der zu finden. Anhand von Regalinformationen wird schnell &hellip; Continued\" \/>\n<meta property=\"og:url\" content=\"https:\/\/deltafix.com\/de\/raeder\/\" \/>\n<meta property=\"og:site_name\" content=\"Deltafix\" \/>\n<meta property=\"article:modified_time\" content=\"2022-03-09T10:03:40+00:00\" \/>\n<meta property=\"og:image\" content=\"https:\/\/deltafix.com\/app\/uploads\/2022\/01\/Tochtwering-scaled.jpg\" \/>\n\t<meta property=\"og:image:width\" content=\"2560\" \/>\n\t<meta property=\"og:image:height\" content=\"1707\" \/>\n\t<meta property=\"og:image:type\" content=\"image\/jpeg\" \/>\n<meta name=\"twitter:card\" content=\"summary_large_image\" \/>\n<meta name=\"twitter:label1\" content=\"Est. reading time\" \/>\n\t<meta name=\"twitter:data1\" content=\"1 minute\" \/>\n<script type=\"application\/ld+json\" class=\"yoast-schema-graph\">{\"@context\":\"https:\/\/schema.org\",\"@graph\":[{\"@type\":\"WebPage\",\"@id\":\"https:\/\/deltafix.com\/de\/raeder\/\",\"url\":\"https:\/\/deltafix.com\/de\/raeder\/\",\"name\":\"R\u00e4der - Deltafix\",\"isPartOf\":{\"@id\":\"https:\/\/deltafix.com\/de\/#website\"},\"datePublished\":\"2022-03-09T08:36:36+00:00\",\"dateModified\":\"2022-03-09T10:03:40+00:00\",\"breadcrumb\":{\"@id\":\"https:\/\/deltafix.com\/de\/raeder\/#breadcrumb\"},\"inLanguage\":\"de-DE\",\"potentialAction\":[{\"@type\":\"ReadAction\",\"target\":[\"https:\/\/deltafix.com\/de\/raeder\/\"]}]},{\"@type\":\"BreadcrumbList\",\"@id\":\"https:\/\/deltafix.com\/de\/raeder\/#breadcrumb\",\"itemListElement\":[{\"@type\":\"ListItem\",\"position\":1,\"name\":\"Home\",\"item\":\"https:\/\/deltafix.com\/de\/\"},{\"@type\":\"ListItem\",\"position\":2,\"name\":\"R\u00e4der\"}]},{\"@type\":\"WebSite\",\"@id\":\"https:\/\/deltafix.com\/de\/#website\",\"url\":\"https:\/\/deltafix.com\/de\/\",\"name\":\"Deltafix\",\"description\":\"\",\"potentialAction\":[{\"@type\":\"SearchAction\",\"target\":{\"@type\":\"EntryPoint\",\"urlTemplate\":\"https:\/\/deltafix.com\/de\/?s={search_term_string}\"},\"query-input\":{\"@type\":\"PropertyValueSpecification\",\"valueRequired\":true,\"valueName\":\"search_term_string\"}}],\"inLanguage\":\"de-DE\"}]}<\/script>\n<!-- \/ Yoast SEO plugin. -->","yoast_head_json":{"title":"R\u00e4der - Deltafix","robots":{"index":"index","follow":"follow","max-snippet":"max-snippet:-1","max-image-preview":"max-image-preview:large","max-video-preview":"max-video-preview:-1"},"canonical":"https:\/\/deltafix.com\/de\/raeder\/","og_locale":"de_DE","og_type":"article","og_title":"R\u00e4der - Deltafix","og_description":"Das von Deltafix entwickelte Konzept R\u00e4der macht es ganz einfach, das richtige R\u00e4der zu finden. Anhand von Regalinformationen wird schnell &hellip; Continued","og_url":"https:\/\/deltafix.com\/de\/raeder\/","og_site_name":"Deltafix","article_modified_time":"2022-03-09T10:03:40+00:00","og_image":[{"width":2560,"height":1707,"url":"https:\/\/deltafix.com\/app\/uploads\/2022\/01\/Tochtwering-scaled.jpg","type":"image\/jpeg"}],"twitter_card":"summary_large_image","twitter_misc":{"Est. reading time":"1 minute"},"schema":{"@context":"https:\/\/schema.org","@graph":[{"@type":"WebPage","@id":"https:\/\/deltafix.com\/de\/raeder\/","url":"https:\/\/deltafix.com\/de\/raeder\/","name":"R\u00e4der - Deltafix","isPartOf":{"@id":"https:\/\/deltafix.com\/de\/#website"},"datePublished":"2022-03-09T08:36:36+00:00","dateModified":"2022-03-09T10:03:40+00:00","breadcrumb":{"@id":"https:\/\/deltafix.com\/de\/raeder\/#breadcrumb"},"inLanguage":"de-DE","potentialAction":[{"@type":"ReadAction","target":["https:\/\/deltafix.com\/de\/raeder\/"]}]},{"@type":"BreadcrumbList","@id":"https:\/\/deltafix.com\/de\/raeder\/#breadcrumb","itemListElement":[{"@type":"ListItem","position":1,"name":"Home","item":"https:\/\/deltafix.com\/de\/"},{"@type":"ListItem","position":2,"name":"R\u00e4der"}]},{"@type":"WebSite","@id":"https:\/\/deltafix.com\/de\/#website","url":"https:\/\/deltafix.com\/de\/","name":"Deltafix","description":"","potentialAction":[{"@type":"SearchAction","target":{"@type":"EntryPoint","urlTemplate":"https:\/\/deltafix.com\/de\/?s={search_term_string}"},"query-input":{"@type":"PropertyValueSpecification","valueRequired":true,"valueName":"search_term_string"}}],"inLanguage":"de-DE"}]}},"_links":{"self":[{"href":"https:\/\/deltafix.com\/de\/wp-json\/wp\/v2\/pages\/2023","targetHints":{"allow":["GET"]}}],"collection":[{"href":"https:\/\/deltafix.com\/de\/wp-json\/wp\/v2\/pages"}],"about":[{"href":"https:\/\/deltafix.com\/de\/wp-json\/wp\/v2\/types\/page"}],"author":[{"embeddable":true,"href":"https:\/\/deltafix.com\/de\/wp-json\/wp\/v2\/users\/1"}],"replies":[{"embeddable":true,"href":"https:\/\/deltafix.com\/de\/wp-json\/wp\/v2\/comments?post=2023"}],"version-history":[{"count":3,"href":"https:\/\/deltafix.com\/de\/wp-json\/wp\/v2\/pages\/2023\/revisions"}],"predecessor-version":[{"id":2096,"href":"https:\/\/deltafix.com\/de\/wp-json\/wp\/v2\/pages\/2023\/revisions\/2096"}],"wp:attachment":[{"href":"https:\/\/deltafix.com\/de\/wp-json\/wp\/v2\/media?parent=2023"}],"curies":[{"name":"wp","href":"https:\/\/api.w.org\/{rel}","templated":true}]}}