{"id":2037,"date":"2022-03-09T10:21:18","date_gmt":"2022-03-09T09:21:18","guid":{"rendered":"https:\/\/deltafix.com\/ueber-deltafix\/"},"modified":"2022-04-14T08:45:55","modified_gmt":"2022-04-14T06:45:55","slug":"ueber-deltafix","status":"publish","type":"page","link":"https:\/\/deltafix.com\/de\/ueber-deltafix\/","title":{"rendered":"\u00dcber Deltafix"},"content":{"rendered":"\n<h2 class=\"wp-block-heading\" id=\"van-driehoek-tot-internationale-groothandel\">vom Dreieck zum internationalen Gro\u00dfh\u00e4ndler<\/h2>\n\n<p>Deltafix International B.V. wurde 1977 als Abteilung des amerikanischen Unternehmens Avery Dennison gegr\u00fcndet. Das Dreieck im Deltafix-Logo erinnert noch heute an die ehemalige Muttergesellschaft. 1979 wurde Deltafix unabh\u00e4ngig und alles beschleunigte sich. Neben allen Arten von B\u00e4ndern hat Deltafix begonnen, sich auch auf andere Befestigungsmaterialien zu konzentrieren.<\/p>\n\n<p>Heute spielt Deltafix eine aktive und wachsende Rolle auf dem europ\u00e4ischen Heimwerker- und Profimarkt. Deltafix hat eine beeindruckende Auswahl von mehr als 6000 Produkten. Der Schwerpunkt liegt auf vorverpackten selbstklebenden Produkten und Befestigungselementen. Deltafix-Produkte haben ein gutes Preis-Leistungs-Verh\u00e4ltnis.<\/p>\n\n<h2 class=\"wp-block-heading\" id=\"concepten-en-oplossingen-op-maat\">Ma\u00dfgeschneiderte Konzepte und L\u00f6sungen<\/h2>\n\n<p>Neben den Standardetiketten ist Deltafix auf die Personalisierung spezialisiert. Alle unsere Produkte k\u00f6nnen mit Ihrer Corporate Identity versehen werden. Bei gro\u00dfen Volumina sind sogar ausgereifte Gesamtkonzepte m\u00f6glich. Kurz gesagt, Deltafix k\u00fcmmert sich um den gesamten Prozess: von der Idee bis zum vollst\u00e4ndig eingerichteten Gesch\u00e4ft.<\/p>\n\n<h2 class=\"wp-block-heading\" id=\"ervaring-service-en-kwaliteit\">Erfahrung, Service und Qualit\u00e4t<\/h2>\n\n<p>Deltafix verf\u00fcgt \u00fcber mehr als 40 Jahre Erfahrung als internationaler Gro\u00dfh\u00e4ndler. Jeden Tag versenden wir Tausende von Paketen von Hoofddorp an Gesch\u00e4fte und Ketten in den Niederlanden und weit dar\u00fcber hinaus. Aufgrund unserer hervorragenden Logistikprozesse hat Deltafix eine Zustellquote von \u00fcber 99 Prozent. Und darauf sind wir stolz! Da Deltafix ein relativ kleines Familienunternehmen ist, k\u00f6nnen wir unseren Kunden dennoch einen altmodischen und pers\u00f6nlichen Service bieten.<\/p>\n\n<p><\/p>\n","protected":false},"excerpt":{"rendered":"<p>vom Dreieck zum internationalen Gro\u00dfh\u00e4ndler Deltafix International B.V. wurde 1977 als Abteilung des amerikanischen Unternehmens Avery Dennison gegr\u00fcndet. Das Dreieck &hellip; <a href=\"https:\/\/deltafix.com\/de\/ueber-deltafix\/\">Continued<\/a><\/p>\n","protected":false},"author":1,"featured_media":0,"parent":0,"menu_order":0,"comment_status":"closed","ping_status":"closed","template":"","meta":{"_acf_changed":false,"footnotes":""},"class_list":["post-2037","page","type-page","status-publish","hentry"],"acf":[],"yoast_head":"<!-- This site is optimized with the Yoast SEO plugin v25.5 - https:\/\/yoast.com\/wordpress\/plugins\/seo\/ -->\n<title>\u00dcber Deltafix - Mehr als 40 Jahre Erfahrung<\/title>\n<meta name=\"description\" content=\"Deltafix wurde 1977 als Abteilung des Unternehmens Avery Dennison gegr\u00fcndet. Deltafix spielt eine gro\u00dfe Rolle im Do-it-yourself-Markt.\" \/>\n<meta name=\"robots\" content=\"index, follow, max-snippet:-1, max-image-preview:large, max-video-preview:-1\" \/>\n<link rel=\"canonical\" href=\"https:\/\/deltafix.com\/de\/ueber-deltafix\/\" \/>\n<meta property=\"og:locale\" content=\"de_DE\" \/>\n<meta property=\"og:type\" content=\"article\" \/>\n<meta property=\"og:title\" content=\"\u00dcber Deltafix - Mehr als 40 Jahre Erfahrung\" \/>\n<meta property=\"og:description\" content=\"Deltafix wurde 1977 als Abteilung des Unternehmens Avery Dennison gegr\u00fcndet. Deltafix spielt eine gro\u00dfe Rolle im Do-it-yourself-Markt.\" \/>\n<meta property=\"og:url\" content=\"https:\/\/deltafix.com\/de\/ueber-deltafix\/\" \/>\n<meta property=\"og:site_name\" content=\"Deltafix\" \/>\n<meta property=\"article:modified_time\" content=\"2022-04-14T06:45:55+00:00\" \/>\n<meta property=\"og:image\" content=\"https:\/\/deltafix.com\/app\/uploads\/2022\/01\/Tochtwering-scaled.jpg\" \/>\n\t<meta property=\"og:image:width\" content=\"2560\" \/>\n\t<meta property=\"og:image:height\" content=\"1707\" \/>\n\t<meta property=\"og:image:type\" content=\"image\/jpeg\" \/>\n<meta name=\"twitter:card\" content=\"summary_large_image\" \/>\n<meta name=\"twitter:label1\" content=\"Est. reading time\" \/>\n\t<meta name=\"twitter:data1\" content=\"1 minute\" \/>\n<script type=\"application\/ld+json\" class=\"yoast-schema-graph\">{\"@context\":\"https:\/\/schema.org\",\"@graph\":[{\"@type\":\"WebPage\",\"@id\":\"https:\/\/deltafix.com\/de\/ueber-deltafix\/\",\"url\":\"https:\/\/deltafix.com\/de\/ueber-deltafix\/\",\"name\":\"\u00dcber Deltafix - Mehr als 40 Jahre Erfahrung\",\"isPartOf\":{\"@id\":\"https:\/\/deltafix.com\/de\/#website\"},\"datePublished\":\"2022-03-09T09:21:18+00:00\",\"dateModified\":\"2022-04-14T06:45:55+00:00\",\"description\":\"Deltafix wurde 1977 als Abteilung des Unternehmens Avery Dennison gegr\u00fcndet. Deltafix spielt eine gro\u00dfe Rolle im Do-it-yourself-Markt.\",\"breadcrumb\":{\"@id\":\"https:\/\/deltafix.com\/de\/ueber-deltafix\/#breadcrumb\"},\"inLanguage\":\"de-DE\",\"potentialAction\":[{\"@type\":\"ReadAction\",\"target\":[\"https:\/\/deltafix.com\/de\/ueber-deltafix\/\"]}]},{\"@type\":\"BreadcrumbList\",\"@id\":\"https:\/\/deltafix.com\/de\/ueber-deltafix\/#breadcrumb\",\"itemListElement\":[{\"@type\":\"ListItem\",\"position\":1,\"name\":\"Home\",\"item\":\"https:\/\/deltafix.com\/de\/\"},{\"@type\":\"ListItem\",\"position\":2,\"name\":\"\u00dcber Deltafix\"}]},{\"@type\":\"WebSite\",\"@id\":\"https:\/\/deltafix.com\/de\/#website\",\"url\":\"https:\/\/deltafix.com\/de\/\",\"name\":\"Deltafix\",\"description\":\"\",\"potentialAction\":[{\"@type\":\"SearchAction\",\"target\":{\"@type\":\"EntryPoint\",\"urlTemplate\":\"https:\/\/deltafix.com\/de\/?s={search_term_string}\"},\"query-input\":{\"@type\":\"PropertyValueSpecification\",\"valueRequired\":true,\"valueName\":\"search_term_string\"}}],\"inLanguage\":\"de-DE\"}]}<\/script>\n<!-- \/ Yoast SEO plugin. -->","yoast_head_json":{"title":"\u00dcber Deltafix - Mehr als 40 Jahre Erfahrung","description":"Deltafix wurde 1977 als Abteilung des Unternehmens Avery Dennison gegr\u00fcndet. Deltafix spielt eine gro\u00dfe Rolle im Do-it-yourself-Markt.","robots":{"index":"index","follow":"follow","max-snippet":"max-snippet:-1","max-image-preview":"max-image-preview:large","max-video-preview":"max-video-preview:-1"},"canonical":"https:\/\/deltafix.com\/de\/ueber-deltafix\/","og_locale":"de_DE","og_type":"article","og_title":"\u00dcber Deltafix - Mehr als 40 Jahre Erfahrung","og_description":"Deltafix wurde 1977 als Abteilung des Unternehmens Avery Dennison gegr\u00fcndet. Deltafix spielt eine gro\u00dfe Rolle im Do-it-yourself-Markt.","og_url":"https:\/\/deltafix.com\/de\/ueber-deltafix\/","og_site_name":"Deltafix","article_modified_time":"2022-04-14T06:45:55+00:00","og_image":[{"width":2560,"height":1707,"url":"https:\/\/deltafix.com\/app\/uploads\/2022\/01\/Tochtwering-scaled.jpg","type":"image\/jpeg"}],"twitter_card":"summary_large_image","twitter_misc":{"Est. reading time":"1 minute"},"schema":{"@context":"https:\/\/schema.org","@graph":[{"@type":"WebPage","@id":"https:\/\/deltafix.com\/de\/ueber-deltafix\/","url":"https:\/\/deltafix.com\/de\/ueber-deltafix\/","name":"\u00dcber Deltafix - Mehr als 40 Jahre Erfahrung","isPartOf":{"@id":"https:\/\/deltafix.com\/de\/#website"},"datePublished":"2022-03-09T09:21:18+00:00","dateModified":"2022-04-14T06:45:55+00:00","description":"Deltafix wurde 1977 als Abteilung des Unternehmens Avery Dennison gegr\u00fcndet. Deltafix spielt eine gro\u00dfe Rolle im Do-it-yourself-Markt.","breadcrumb":{"@id":"https:\/\/deltafix.com\/de\/ueber-deltafix\/#breadcrumb"},"inLanguage":"de-DE","potentialAction":[{"@type":"ReadAction","target":["https:\/\/deltafix.com\/de\/ueber-deltafix\/"]}]},{"@type":"BreadcrumbList","@id":"https:\/\/deltafix.com\/de\/ueber-deltafix\/#breadcrumb","itemListElement":[{"@type":"ListItem","position":1,"name":"Home","item":"https:\/\/deltafix.com\/de\/"},{"@type":"ListItem","position":2,"name":"\u00dcber Deltafix"}]},{"@type":"WebSite","@id":"https:\/\/deltafix.com\/de\/#website","url":"https:\/\/deltafix.com\/de\/","name":"Deltafix","description":"","potentialAction":[{"@type":"SearchAction","target":{"@type":"EntryPoint","urlTemplate":"https:\/\/deltafix.com\/de\/?s={search_term_string}"},"query-input":{"@type":"PropertyValueSpecification","valueRequired":true,"valueName":"search_term_string"}}],"inLanguage":"de-DE"}]}},"_links":{"self":[{"href":"https:\/\/deltafix.com\/de\/wp-json\/wp\/v2\/pages\/2037","targetHints":{"allow":["GET"]}}],"collection":[{"href":"https:\/\/deltafix.com\/de\/wp-json\/wp\/v2\/pages"}],"about":[{"href":"https:\/\/deltafix.com\/de\/wp-json\/wp\/v2\/types\/page"}],"author":[{"embeddable":true,"href":"https:\/\/deltafix.com\/de\/wp-json\/wp\/v2\/users\/1"}],"replies":[{"embeddable":true,"href":"https:\/\/deltafix.com\/de\/wp-json\/wp\/v2\/comments?post=2037"}],"version-history":[{"count":2,"href":"https:\/\/deltafix.com\/de\/wp-json\/wp\/v2\/pages\/2037\/revisions"}],"predecessor-version":[{"id":2233,"href":"https:\/\/deltafix.com\/de\/wp-json\/wp\/v2\/pages\/2037\/revisions\/2233"}],"wp:attachment":[{"href":"https:\/\/deltafix.com\/de\/wp-json\/wp\/v2\/media?parent=2037"}],"curies":[{"name":"wp","href":"https:\/\/api.w.org\/{rel}","templated":true}]}}