{"id":609,"date":"2022-01-20T16:16:16","date_gmt":"2022-01-20T15:16:16","guid":{"rendered":"https:\/\/deltafix.com\/?page_id=609"},"modified":"2025-03-12T15:10:42","modified_gmt":"2025-03-12T14:10:42","slug":"home","status":"publish","type":"page","link":"https:\/\/deltafix.com\/de\/","title":{"rendered":"Home"},"content":{"rendered":"\n<h1 class=\"wp-block-heading\" id=\"7-000-producten\">\u00dcber 6000 Produkte<\/h1>\n\n\n\n<p>Deltafix ist ein internationaler Gro\u00dfh\u00e4ndler, der sich auf selbstklebende Produkte, Eisenwaren, Schrauben, R\u00e4der und vieles mehr spezialisiert hat.<\/p>\n\n\n\n<p>Neben den erfolgreichen Standardplanogrammen liefert Deltafix ma\u00dfgeschneiderte Konzepte. Deltafix ermittelt gemeinsam mit Ihnen, welches Konzept am besten zu Ihren Bed\u00fcrfnissen und Ihrem Unternehmen passt. Dabei k\u00f6nnen Sie auf unsere langj\u00e4hrige Erfahrung und gro\u00dfe Kaufkraft z\u00e4hlen.&nbsp;Deltafix steht Ihnen auch gerne zur Seite, wenn Sie etwas komplett out-of-the-box haben m\u00f6chten.<\/p>\n\n\n\n<p><strong>Laden Sie unsere App zum Scannen und Bestellen herunter<\/strong><\/p>\n\n\n\n<figure class=\"wp-block-image size-full is-resized\"><a href=\"https:\/\/apps.apple.com\/nl\/app\/deltafix\/id1498957790\" target=\"_blank\" rel=\"noopener\"><img decoding=\"async\" src=\"https:\/\/deltafix.com\/app\/uploads\/2022\/01\/Image-38.png\" alt=\"\" class=\"wp-image-207\" style=\"width:158px;height:47px\" width=\"158\" height=\"47\" srcset=\"https:\/\/deltafix.com\/app\/uploads\/2022\/01\/Image-38.png 512w, https:\/\/deltafix.com\/app\/uploads\/2022\/01\/Image-38-300x90.png 300w\" sizes=\"(max-width: 158px) 100vw, 158px\" \/><\/a><figcaption class=\"wp-element-caption\">Download in App store<\/figcaption><\/figure>\n\n\n\n<figure class=\"wp-block-image size-full is-resized\"><a href=\"https:\/\/play.google.com\/store\/apps\/details?id=com.negeso.deltafixapi&amp;gl=NL\" target=\"_blank\" rel=\"noopener\"><img decoding=\"async\" src=\"https:\/\/deltafix.com\/app\/uploads\/2022\/01\/Image-73.png\" alt=\"\" class=\"wp-image-213\" style=\"width:156px;height:47px\" width=\"156\" height=\"47\" srcset=\"https:\/\/deltafix.com\/app\/uploads\/2022\/01\/Image-73.png 515w, https:\/\/deltafix.com\/app\/uploads\/2022\/01\/Image-73-300x90.png 300w\" sizes=\"(max-width: 156px) 100vw, 156px\" \/><\/a><figcaption class=\"wp-element-caption\">Download in Google Play Store<\/figcaption><\/figure>\n\n\n\n<p><\/p>\n\n\n\n<p><\/p>\n","protected":false},"excerpt":{"rendered":"<p>\u00dcber 6000 Produkte Deltafix ist ein internationaler Gro\u00dfh\u00e4ndler, der sich auf selbstklebende Produkte, Eisenwaren, Schrauben, R\u00e4der und vieles mehr spezialisiert &hellip; <a href=\"https:\/\/deltafix.com\/de\/\">Continued<\/a><\/p>\n","protected":false},"author":1,"featured_media":0,"parent":0,"menu_order":0,"comment_status":"closed","ping_status":"closed","template":"template-home.blade.php","meta":{"_acf_changed":false,"footnotes":""},"class_list":["post-609","page","type-page","status-publish","hentry"],"acf":[],"yoast_head":"<!-- This site is optimized with the Yoast SEO plugin v25.5 - https:\/\/yoast.com\/wordpress\/plugins\/seo\/ -->\n<title>Home - Deltafix<\/title>\n<meta name=\"robots\" content=\"index, follow, max-snippet:-1, max-image-preview:large, max-video-preview:-1\" \/>\n<link rel=\"canonical\" href=\"https:\/\/deltafix.com\/de\/\" \/>\n<meta property=\"og:locale\" content=\"de_DE\" \/>\n<meta property=\"og:type\" content=\"article\" \/>\n<meta property=\"og:title\" content=\"Home - Deltafix\" \/>\n<meta property=\"og:description\" content=\"\u00dcber 6000 Produkte Deltafix ist ein internationaler Gro\u00dfh\u00e4ndler, der sich auf selbstklebende Produkte, Eisenwaren, Schrauben, R\u00e4der und vieles mehr spezialisiert &hellip; Continued\" \/>\n<meta property=\"og:url\" content=\"https:\/\/deltafix.com\/de\/\" \/>\n<meta property=\"og:site_name\" content=\"Deltafix\" \/>\n<meta property=\"article:modified_time\" content=\"2025-03-12T14:10:42+00:00\" \/>\n<meta property=\"og:image\" content=\"https:\/\/deltafix.com\/app\/uploads\/2022\/01\/1964-Goulmy-DeltaFix-Hoofddorp-scaled.jpg\" \/>\n<meta name=\"twitter:card\" content=\"summary_large_image\" \/>\n<meta name=\"twitter:label1\" content=\"Est. reading time\" \/>\n\t<meta name=\"twitter:data1\" content=\"1 minute\" \/>\n<script type=\"application\/ld+json\" class=\"yoast-schema-graph\">{\"@context\":\"https:\/\/schema.org\",\"@graph\":[{\"@type\":\"WebPage\",\"@id\":\"https:\/\/deltafix.com\/de\/\",\"url\":\"https:\/\/deltafix.com\/de\/\",\"name\":\"Home - Deltafix\",\"isPartOf\":{\"@id\":\"https:\/\/deltafix.com\/de\/#website\"},\"primaryImageOfPage\":{\"@id\":\"https:\/\/deltafix.com\/de\/#primaryimage\"},\"image\":{\"@id\":\"https:\/\/deltafix.com\/de\/#primaryimage\"},\"thumbnailUrl\":\"https:\/\/deltafix.com\/app\/uploads\/2022\/01\/Image-38.png\",\"datePublished\":\"2022-01-20T15:16:16+00:00\",\"dateModified\":\"2025-03-12T14:10:42+00:00\",\"breadcrumb\":{\"@id\":\"https:\/\/deltafix.com\/de\/#breadcrumb\"},\"inLanguage\":\"de-DE\",\"potentialAction\":[{\"@type\":\"ReadAction\",\"target\":[\"https:\/\/deltafix.com\/de\/\"]}]},{\"@type\":\"ImageObject\",\"inLanguage\":\"de-DE\",\"@id\":\"https:\/\/deltafix.com\/de\/#primaryimage\",\"url\":\"https:\/\/deltafix.com\/app\/uploads\/2022\/01\/Image-38.png\",\"contentUrl\":\"https:\/\/deltafix.com\/app\/uploads\/2022\/01\/Image-38.png\"},{\"@type\":\"BreadcrumbList\",\"@id\":\"https:\/\/deltafix.com\/de\/#breadcrumb\",\"itemListElement\":[{\"@type\":\"ListItem\",\"position\":1,\"name\":\"Home\",\"item\":\"https:\/\/deltafix.com\/de\/\"},{\"@type\":\"ListItem\",\"position\":2,\"name\":\"Home\"}]},{\"@type\":\"WebSite\",\"@id\":\"https:\/\/deltafix.com\/de\/#website\",\"url\":\"https:\/\/deltafix.com\/de\/\",\"name\":\"Deltafix\",\"description\":\"\",\"potentialAction\":[{\"@type\":\"SearchAction\",\"target\":{\"@type\":\"EntryPoint\",\"urlTemplate\":\"https:\/\/deltafix.com\/de\/?s={search_term_string}\"},\"query-input\":{\"@type\":\"PropertyValueSpecification\",\"valueRequired\":true,\"valueName\":\"search_term_string\"}}],\"inLanguage\":\"de-DE\"}]}<\/script>\n<!-- \/ Yoast SEO plugin. -->","yoast_head_json":{"title":"Home - Deltafix","robots":{"index":"index","follow":"follow","max-snippet":"max-snippet:-1","max-image-preview":"max-image-preview:large","max-video-preview":"max-video-preview:-1"},"canonical":"https:\/\/deltafix.com\/de\/","og_locale":"de_DE","og_type":"article","og_title":"Home - Deltafix","og_description":"\u00dcber 6000 Produkte Deltafix ist ein internationaler Gro\u00dfh\u00e4ndler, der sich auf selbstklebende Produkte, Eisenwaren, Schrauben, R\u00e4der und vieles mehr spezialisiert &hellip; Continued","og_url":"https:\/\/deltafix.com\/de\/","og_site_name":"Deltafix","article_modified_time":"2025-03-12T14:10:42+00:00","og_image":[{"url":"https:\/\/deltafix.com\/app\/uploads\/2022\/01\/1964-Goulmy-DeltaFix-Hoofddorp-scaled.jpg","type":"","width":"","height":""}],"twitter_card":"summary_large_image","twitter_misc":{"Est. reading time":"1 minute"},"schema":{"@context":"https:\/\/schema.org","@graph":[{"@type":"WebPage","@id":"https:\/\/deltafix.com\/de\/","url":"https:\/\/deltafix.com\/de\/","name":"Home - Deltafix","isPartOf":{"@id":"https:\/\/deltafix.com\/de\/#website"},"primaryImageOfPage":{"@id":"https:\/\/deltafix.com\/de\/#primaryimage"},"image":{"@id":"https:\/\/deltafix.com\/de\/#primaryimage"},"thumbnailUrl":"https:\/\/deltafix.com\/app\/uploads\/2022\/01\/Image-38.png","datePublished":"2022-01-20T15:16:16+00:00","dateModified":"2025-03-12T14:10:42+00:00","breadcrumb":{"@id":"https:\/\/deltafix.com\/de\/#breadcrumb"},"inLanguage":"de-DE","potentialAction":[{"@type":"ReadAction","target":["https:\/\/deltafix.com\/de\/"]}]},{"@type":"ImageObject","inLanguage":"de-DE","@id":"https:\/\/deltafix.com\/de\/#primaryimage","url":"https:\/\/deltafix.com\/app\/uploads\/2022\/01\/Image-38.png","contentUrl":"https:\/\/deltafix.com\/app\/uploads\/2022\/01\/Image-38.png"},{"@type":"BreadcrumbList","@id":"https:\/\/deltafix.com\/de\/#breadcrumb","itemListElement":[{"@type":"ListItem","position":1,"name":"Home","item":"https:\/\/deltafix.com\/de\/"},{"@type":"ListItem","position":2,"name":"Home"}]},{"@type":"WebSite","@id":"https:\/\/deltafix.com\/de\/#website","url":"https:\/\/deltafix.com\/de\/","name":"Deltafix","description":"","potentialAction":[{"@type":"SearchAction","target":{"@type":"EntryPoint","urlTemplate":"https:\/\/deltafix.com\/de\/?s={search_term_string}"},"query-input":{"@type":"PropertyValueSpecification","valueRequired":true,"valueName":"search_term_string"}}],"inLanguage":"de-DE"}]}},"_links":{"self":[{"href":"https:\/\/deltafix.com\/de\/wp-json\/wp\/v2\/pages\/609","targetHints":{"allow":["GET"]}}],"collection":[{"href":"https:\/\/deltafix.com\/de\/wp-json\/wp\/v2\/pages"}],"about":[{"href":"https:\/\/deltafix.com\/de\/wp-json\/wp\/v2\/types\/page"}],"author":[{"embeddable":true,"href":"https:\/\/deltafix.com\/de\/wp-json\/wp\/v2\/users\/1"}],"replies":[{"embeddable":true,"href":"https:\/\/deltafix.com\/de\/wp-json\/wp\/v2\/comments?post=609"}],"version-history":[{"count":19,"href":"https:\/\/deltafix.com\/de\/wp-json\/wp\/v2\/pages\/609\/revisions"}],"predecessor-version":[{"id":3400,"href":"https:\/\/deltafix.com\/de\/wp-json\/wp\/v2\/pages\/609\/revisions\/3400"}],"wp:attachment":[{"href":"https:\/\/deltafix.com\/de\/wp-json\/wp\/v2\/media?parent=609"}],"curies":[{"name":"wp","href":"https:\/\/api.w.org\/{rel}","templated":true}]}}